{"id":184778,"date":"2025-05-12T17:17:12","date_gmt":"2025-05-12T15:17:12","guid":{"rendered":"https:\/\/www.fabioferro.eu\/tamashii-tibetanisches-gebetsrad-precious-edition-smaragd-armband.html"},"modified":"2025-05-12T17:17:12","modified_gmt":"2025-05-12T15:17:12","slug":"tamashii-tibetanisches-gebetsrad-precious-edition-smaragd-armband","status":"publish","type":"product","link":"https:\/\/www.fabioferro.eu\/de\/tamashii-tibetanisches-gebetsrad-precious-edition-smaragd-armband.html","title":{"rendered":"Tamashii Tibetanisches Gebetsrad Precious Edition Smaragd-Armband"},"content":{"rendered":"<p class=\"p1\">Original Tamashii-Armband, handgefertigt in Tibet mit nat\u00fcrlichen Smaragd-Edelsteinen und schwarzer Kordel, gesegnet von buddhistischen M\u00f6nchen.<\/p>\n<p class=\"p1\">Der Smaragd, der in der Antike mit Merkur, dem g\u00f6ttlichen Boten und H\u00fcter der Tr\u00e4ume, in Verbindung gebracht wurde, ist ein Stein, der das innere Wachstum, die Sensibilit\u00e4t und die Lebensfreude f\u00f6rdert.<\/p>\n<p class=\"p1\">Die rhodinierte Gebetsm\u00fchle aus 925er Silber ist mit dem Mantra &#8216;Om Mani Padme H\u016bm&#8217; graviert, der Anrufung des Buddha des Mitgef\u00fchls.<\/p>\n<p class=\"p1\">Die Einheitsgr\u00f6\u00dfe ist \u00fcber die integrierten Schlaufen verstellbar und sorgt so f\u00fcr einen perfekten Sitz an jedem Handgelenk.<\/p>\n<p>Jeder Stein misst 8 mm.<\/p>\n<p class=\"p1\">Da es sich um ein handgefertigtes Produkt handelt, kann jedes Armband leichte Farbabweichungen aufweisen, die seine Einzigartigkeit unterstreichen.<\/p>\n<p class=\"p1\">Wird mit Originalverpackung und Echtheitserkl\u00e4rung von Tamashii geliefert.<\/p>\n","protected":false},"excerpt":{"rendered":"<p class=\"p1\">Original Tamashii Armband, hergestellt aus nat\u00fcrlichem Smaragd, einem Symbol f\u00fcr Harmonie und Inspiration.<\/p>\n","protected":false},"featured_media":183728,"comment_status":"open","ping_status":"closed","template":"","meta":[],"product_brand":[199],"product_cat":[6318],"product_tag":[],"class_list":{"0":"post-184778","1":"product","2":"type-product","3":"status-publish","4":"has-post-thumbnail","6":"product_brand-tamashii","7":"product_cat-tamashii","9":"first","10":"instock","11":"taxable","12":"shipping-taxable","13":"purchasable","14":"product-type-simple"},"exclude_global_add_ons":[],"addons":[],"df_price":339,"df_sale_price":"","df_regular_price":339,"df_image_link":"https:\/\/cdn02.fabioferro.eu\/wp-content\/uploads\/bracciale-tamashii-tibetano-ruota-della-preghiera-precious-edition-smeraldo.jpg","_links":{"self":[{"href":"https:\/\/www.fabioferro.eu\/de\/wp-json\/wp\/v2\/product\/184778","targetHints":{"allow":["GET"]}}],"collection":[{"href":"https:\/\/www.fabioferro.eu\/de\/wp-json\/wp\/v2\/product"}],"about":[{"href":"https:\/\/www.fabioferro.eu\/de\/wp-json\/wp\/v2\/types\/product"}],"replies":[{"embeddable":true,"href":"https:\/\/www.fabioferro.eu\/de\/wp-json\/wp\/v2\/comments?post=184778"}],"version-history":[{"count":0,"href":"https:\/\/www.fabioferro.eu\/de\/wp-json\/wp\/v2\/product\/184778\/revisions"}],"wp:featuredmedia":[{"embeddable":true,"href":"https:\/\/www.fabioferro.eu\/de\/wp-json\/wp\/v2\/media\/183728"}],"wp:attachment":[{"href":"https:\/\/www.fabioferro.eu\/de\/wp-json\/wp\/v2\/media?parent=184778"}],"wp:term":[{"taxonomy":"product_brand","embeddable":true,"href":"https:\/\/www.fabioferro.eu\/de\/wp-json\/wp\/v2\/product_brand?post=184778"},{"taxonomy":"product_cat","embeddable":true,"href":"https:\/\/www.fabioferro.eu\/de\/wp-json\/wp\/v2\/product_cat?post=184778"},{"taxonomy":"product_tag","embeddable":true,"href":"https:\/\/www.fabioferro.eu\/de\/wp-json\/wp\/v2\/product_tag?post=184778"}],"curies":[{"name":"wp","href":"https:\/\/api.w.org\/{rel}","templated":true}]}}