{"id":184780,"date":"2025-05-12T17:17:55","date_gmt":"2025-05-12T15:17:55","guid":{"rendered":"https:\/\/www.fabioferro.eu\/comete-stahlarmband-mit-tuerkis-und-haematit.html"},"modified":"2025-05-12T17:17:55","modified_gmt":"2025-05-12T15:17:55","slug":"comete-stahlarmband-mit-tuerkis-und-haematit","status":"publish","type":"product","link":"https:\/\/www.fabioferro.eu\/de\/comete-stahlarmband-mit-tuerkis-und-haematit.html","title":{"rendered":"Comete Stahlarmband mit T\u00fcrkis und H\u00e4matit"},"content":{"rendered":"<p class=\"p1\">Comete Stahlarmband mit T\u00fcrkis und H\u00e4matit.<\/p>\n<p class=\"p2\">T\u00fcrkis bringt beruhigende Energie, w\u00e4hrend H\u00e4matit f\u00fcr Stabilit\u00e4t und Erdung sorgt.<\/p>\n<p class=\"p2\">Ein ideales Accessoire f\u00fcr alle, die ein Gleichgewicht von Farbe und Wohlbefinden suchen.<\/p>\n<p class=\"p2\">Inklusive Verpackung und offizieller Comete Gioielli Garantie.<\/p>\n","protected":false},"excerpt":{"rendered":"<p class=\"p1\">Unaufdringlich, aber charaktervoll, ein perfektes Accessoire f\u00fcr ihn.<\/p>\n","protected":false},"featured_media":183808,"comment_status":"open","ping_status":"closed","template":"","meta":[],"product_brand":[157],"product_cat":[6341],"product_tag":[7551,7442],"class_list":{"0":"post-184780","1":"product","2":"type-product","3":"status-publish","4":"has-post-thumbnail","6":"product_brand-comete","7":"product_cat-comete-armbander-manner","8":"product_tag-ausschlusse","9":"product_tag-verfugbar","11":"first","12":"instock","13":"taxable","14":"shipping-taxable","15":"purchasable","16":"product-type-simple"},"exclude_global_add_ons":[],"addons":[],"df_price":52,"df_sale_price":"","df_regular_price":52,"df_image_link":"https:\/\/cdn02.fabioferro.eu\/wp-content\/uploads\/bracciale-comete-in-acciaio-con-turchese-ed-ematite.jpg","_links":{"self":[{"href":"https:\/\/www.fabioferro.eu\/de\/wp-json\/wp\/v2\/product\/184780","targetHints":{"allow":["GET"]}}],"collection":[{"href":"https:\/\/www.fabioferro.eu\/de\/wp-json\/wp\/v2\/product"}],"about":[{"href":"https:\/\/www.fabioferro.eu\/de\/wp-json\/wp\/v2\/types\/product"}],"replies":[{"embeddable":true,"href":"https:\/\/www.fabioferro.eu\/de\/wp-json\/wp\/v2\/comments?post=184780"}],"version-history":[{"count":0,"href":"https:\/\/www.fabioferro.eu\/de\/wp-json\/wp\/v2\/product\/184780\/revisions"}],"wp:featuredmedia":[{"embeddable":true,"href":"https:\/\/www.fabioferro.eu\/de\/wp-json\/wp\/v2\/media\/183808"}],"wp:attachment":[{"href":"https:\/\/www.fabioferro.eu\/de\/wp-json\/wp\/v2\/media?parent=184780"}],"wp:term":[{"taxonomy":"product_brand","embeddable":true,"href":"https:\/\/www.fabioferro.eu\/de\/wp-json\/wp\/v2\/product_brand?post=184780"},{"taxonomy":"product_cat","embeddable":true,"href":"https:\/\/www.fabioferro.eu\/de\/wp-json\/wp\/v2\/product_cat?post=184780"},{"taxonomy":"product_tag","embeddable":true,"href":"https:\/\/www.fabioferro.eu\/de\/wp-json\/wp\/v2\/product_tag?post=184780"}],"curies":[{"name":"wp","href":"https:\/\/api.w.org\/{rel}","templated":true}]}}