{"id":184797,"date":"2025-05-15T08:22:17","date_gmt":"2025-05-15T06:22:17","guid":{"rendered":"https:\/\/www.fabioferro.eu\/giovanni-raspini-tubogas-kroko-halskette.html"},"modified":"2025-10-13T20:01:52","modified_gmt":"2025-10-13T18:01:52","slug":"giovanni-raspini-tubogas-kroko-halskette","status":"publish","type":"product","link":"https:\/\/www.fabioferro.eu\/de\/giovanni-raspini-tubogas-kroko-halskette.html","title":{"rendered":"Giovanni Raspini Tubogas Kroko-Halskette"},"content":{"rendered":"<p class=\"p1\">Halskette aus 925er Silber, signiert Giovanni Raspini.<\/p>\n<p class=\"p1\">Die Gesamtl\u00e4nge des Schmuckst\u00fccks betr\u00e4gt 45 cm.<\/p>\n<p class=\"p1\">Entstanden aus der italienischen Handwerkstradition, ist es ein echter Ausdruck des Made in Italy.<\/p>\n<p class=\"p1\">Geliefert in der Originalverpackung von Giovanni Raspini, begleitet von der offiziellen Garantie.<\/p>\n","protected":false},"excerpt":{"rendered":"<p class=\"p1\">Ein Schmuckst\u00fcck, das mit schlichtem, modernem Stil Sch\u00f6nheit ausstrahlt.<\/p>\n","protected":false},"featured_media":184182,"comment_status":"open","ping_status":"closed","template":"","meta":[],"product_brand":[],"product_cat":[7568],"product_tag":[7551],"class_list":{"0":"post-184797","1":"product","2":"type-product","3":"status-publish","4":"has-post-thumbnail","6":"product_cat-giovanni-raspini-halsketten","7":"product_tag-ausschlusse","9":"first","10":"instock","11":"taxable","12":"shipping-taxable","13":"purchasable","14":"product-type-simple"},"exclude_global_add_ons":[],"addons":[],"df_price":980,"df_sale_price":"","df_regular_price":980,"df_image_link":"https:\/\/cdn02.fabioferro.eu\/wp-content\/uploads\/collana-giovanni-raspini-tubogas-croco.jpg","_links":{"self":[{"href":"https:\/\/www.fabioferro.eu\/de\/wp-json\/wp\/v2\/product\/184797","targetHints":{"allow":["GET"]}}],"collection":[{"href":"https:\/\/www.fabioferro.eu\/de\/wp-json\/wp\/v2\/product"}],"about":[{"href":"https:\/\/www.fabioferro.eu\/de\/wp-json\/wp\/v2\/types\/product"}],"replies":[{"embeddable":true,"href":"https:\/\/www.fabioferro.eu\/de\/wp-json\/wp\/v2\/comments?post=184797"}],"version-history":[{"count":1,"href":"https:\/\/www.fabioferro.eu\/de\/wp-json\/wp\/v2\/product\/184797\/revisions"}],"predecessor-version":[{"id":198231,"href":"https:\/\/www.fabioferro.eu\/de\/wp-json\/wp\/v2\/product\/184797\/revisions\/198231"}],"wp:featuredmedia":[{"embeddable":true,"href":"https:\/\/www.fabioferro.eu\/de\/wp-json\/wp\/v2\/media\/184182"}],"wp:attachment":[{"href":"https:\/\/www.fabioferro.eu\/de\/wp-json\/wp\/v2\/media?parent=184797"}],"wp:term":[{"taxonomy":"product_brand","embeddable":true,"href":"https:\/\/www.fabioferro.eu\/de\/wp-json\/wp\/v2\/product_brand?post=184797"},{"taxonomy":"product_cat","embeddable":true,"href":"https:\/\/www.fabioferro.eu\/de\/wp-json\/wp\/v2\/product_cat?post=184797"},{"taxonomy":"product_tag","embeddable":true,"href":"https:\/\/www.fabioferro.eu\/de\/wp-json\/wp\/v2\/product_tag?post=184797"}],"curies":[{"name":"wp","href":"https:\/\/api.w.org\/{rel}","templated":true}]}}