{"id":184814,"date":"2025-05-15T08:23:28","date_gmt":"2025-05-15T06:23:28","guid":{"rendered":"https:\/\/www.fabioferro.eu\/giovanni-raspini-tropfen-ohrringe.html"},"modified":"2025-10-13T20:00:51","modified_gmt":"2025-10-13T18:00:51","slug":"giovanni-raspini-tropfen-ohrringe","status":"publish","type":"product","link":"https:\/\/www.fabioferro.eu\/de\/giovanni-raspini-tropfen-ohrringe.html","title":{"rendered":"Giovanni Raspini Tropfen-Ohrringe"},"content":{"rendered":"<p class=\"p1\">Giovanni Raspini Ohrringe aus Sterlingsilber.<\/p>\n<p class=\"p1\">Der Schleifenverschluss sorgt f\u00fcr Komfort und einen tadellosen Sitz beim Tragen.<\/p>\n<p class=\"p1\">Sie werden in Italien handgefertigt und verk\u00f6rpern die Qualit\u00e4t und Authentizit\u00e4t der nationalen Goldschmiedetradition.<\/p>\n<p class=\"p1\">Wird in der Originalverpackung der Marke geliefert, komplett mit offizieller Garantie.<\/p>\n","protected":false},"excerpt":{"rendered":"<p class=\"p1\">Leichte und raffinierte Ohrringe, die auf nat\u00fcrliche Weise gl\u00e4nzen.<\/p>\n","protected":false},"featured_media":184309,"comment_status":"open","ping_status":"closed","template":"","meta":[],"product_brand":[],"product_cat":[7570],"product_tag":[7551],"class_list":{"0":"post-184814","1":"product","2":"type-product","3":"status-publish","4":"has-post-thumbnail","6":"product_cat-giovanni-raspini-ohrringe","7":"product_tag-ausschlusse","9":"first","10":"instock","11":"taxable","12":"shipping-taxable","13":"purchasable","14":"product-type-simple"},"exclude_global_add_ons":[],"addons":[],"df_price":175,"df_sale_price":"","df_regular_price":175,"df_image_link":"https:\/\/cdn02.fabioferro.eu\/wp-content\/uploads\/orecchini-giovanni-raspini-goccia-martellati.jpg","_links":{"self":[{"href":"https:\/\/www.fabioferro.eu\/de\/wp-json\/wp\/v2\/product\/184814","targetHints":{"allow":["GET"]}}],"collection":[{"href":"https:\/\/www.fabioferro.eu\/de\/wp-json\/wp\/v2\/product"}],"about":[{"href":"https:\/\/www.fabioferro.eu\/de\/wp-json\/wp\/v2\/types\/product"}],"replies":[{"embeddable":true,"href":"https:\/\/www.fabioferro.eu\/de\/wp-json\/wp\/v2\/comments?post=184814"}],"version-history":[{"count":1,"href":"https:\/\/www.fabioferro.eu\/de\/wp-json\/wp\/v2\/product\/184814\/revisions"}],"predecessor-version":[{"id":198173,"href":"https:\/\/www.fabioferro.eu\/de\/wp-json\/wp\/v2\/product\/184814\/revisions\/198173"}],"wp:featuredmedia":[{"embeddable":true,"href":"https:\/\/www.fabioferro.eu\/de\/wp-json\/wp\/v2\/media\/184309"}],"wp:attachment":[{"href":"https:\/\/www.fabioferro.eu\/de\/wp-json\/wp\/v2\/media?parent=184814"}],"wp:term":[{"taxonomy":"product_brand","embeddable":true,"href":"https:\/\/www.fabioferro.eu\/de\/wp-json\/wp\/v2\/product_brand?post=184814"},{"taxonomy":"product_cat","embeddable":true,"href":"https:\/\/www.fabioferro.eu\/de\/wp-json\/wp\/v2\/product_cat?post=184814"},{"taxonomy":"product_tag","embeddable":true,"href":"https:\/\/www.fabioferro.eu\/de\/wp-json\/wp\/v2\/product_tag?post=184814"}],"curies":[{"name":"wp","href":"https:\/\/api.w.org\/{rel}","templated":true}]}}