{"id":184830,"date":"2025-05-15T08:24:27","date_gmt":"2025-05-15T06:24:27","guid":{"rendered":"https:\/\/www.fabioferro.eu\/giovanni-raspini-ziegel-armband.html"},"modified":"2025-10-13T20:01:11","modified_gmt":"2025-10-13T18:01:11","slug":"giovanni-raspini-ziegel-armband","status":"publish","type":"product","link":"https:\/\/www.fabioferro.eu\/de\/giovanni-raspini-ziegel-armband.html","title":{"rendered":"Giovanni Raspini Ziegel Armband"},"content":{"rendered":"<p class=\"p1\">925 Silber Armband signiert Giovanni Raspini.<\/p>\n<p class=\"p1\">Erh\u00e4ltlich in L\u00e4ngen von 19 cm (Gr\u00f6\u00dfe M) und 21 cm (Gr\u00f6\u00dfe L).  <\/p>\n<p class=\"p1\">Es ist das Ergebnis der fachm\u00e4nnischen Arbeit italienischer Handwerker und repr\u00e4sentiert am besten die Qualit\u00e4t des Made in Italy.<\/p>\n<p class=\"p1\">Wird in der Originalverpackung von Giovanni Raspini geliefert, komplett mit offizieller Garantie.<\/p>\n","protected":false},"excerpt":{"rendered":"<p class=\"p1\">Eine Kreation, die mit Leichtigkeit und Stil zu jeder Zeit getragen werden kann.<\/p>\n","protected":false},"featured_media":184448,"comment_status":"open","ping_status":"closed","template":"","meta":[],"product_brand":[],"product_cat":[7597],"product_tag":[7551],"class_list":{"0":"post-184830","1":"product","2":"type-product","3":"status-publish","4":"has-post-thumbnail","6":"product_cat-armbander-giovanni-raspini-manner","7":"product_tag-ausschlusse","9":"first","10":"instock","11":"taxable","12":"shipping-taxable","13":"purchasable","14":"product-type-variable","15":"has-default-attributes"},"exclude_global_add_ons":[],"addons":[],"df_price":270,"df_sale_price":"","df_regular_price":270,"df_image_link":"https:\/\/cdn02.fabioferro.eu\/wp-content\/uploads\/bracciale-giovanni-raspini-brick.jpg","_links":{"self":[{"href":"https:\/\/www.fabioferro.eu\/de\/wp-json\/wp\/v2\/product\/184830","targetHints":{"allow":["GET"]}}],"collection":[{"href":"https:\/\/www.fabioferro.eu\/de\/wp-json\/wp\/v2\/product"}],"about":[{"href":"https:\/\/www.fabioferro.eu\/de\/wp-json\/wp\/v2\/types\/product"}],"replies":[{"embeddable":true,"href":"https:\/\/www.fabioferro.eu\/de\/wp-json\/wp\/v2\/comments?post=184830"}],"version-history":[{"count":1,"href":"https:\/\/www.fabioferro.eu\/de\/wp-json\/wp\/v2\/product\/184830\/revisions"}],"predecessor-version":[{"id":198195,"href":"https:\/\/www.fabioferro.eu\/de\/wp-json\/wp\/v2\/product\/184830\/revisions\/198195"}],"wp:featuredmedia":[{"embeddable":true,"href":"https:\/\/www.fabioferro.eu\/de\/wp-json\/wp\/v2\/media\/184448"}],"wp:attachment":[{"href":"https:\/\/www.fabioferro.eu\/de\/wp-json\/wp\/v2\/media?parent=184830"}],"wp:term":[{"taxonomy":"product_brand","embeddable":true,"href":"https:\/\/www.fabioferro.eu\/de\/wp-json\/wp\/v2\/product_brand?post=184830"},{"taxonomy":"product_cat","embeddable":true,"href":"https:\/\/www.fabioferro.eu\/de\/wp-json\/wp\/v2\/product_cat?post=184830"},{"taxonomy":"product_tag","embeddable":true,"href":"https:\/\/www.fabioferro.eu\/de\/wp-json\/wp\/v2\/product_tag?post=184830"}],"curies":[{"name":"wp","href":"https:\/\/api.w.org\/{rel}","templated":true}]}}