{"id":184839,"date":"2025-05-15T08:24:28","date_gmt":"2025-05-15T06:24:28","guid":{"rendered":"https:\/\/www.fabioferro.eu\/giovanni-raspini-schwarzer-panther-halskette.html"},"modified":"2025-10-13T20:01:17","modified_gmt":"2025-10-13T18:01:17","slug":"giovanni-raspini-schwarzer-panther-halskette","status":"publish","type":"product","link":"https:\/\/www.fabioferro.eu\/de\/giovanni-raspini-schwarzer-panther-halskette.html","title":{"rendered":"Giovanni Raspini Schwarzer Panther Halskette"},"content":{"rendered":"<p class=\"p1\">Halskette aus Sterlingsilber und H\u00e4matit mit Gl\u00fccksbringer-Anh\u00e4nger, signiert Giovanni Raspini.<\/p>\n<p>L\u00e4nge des Anh\u00e4ngers 2,3 cm.<\/p>\n<p>Gesamtl\u00e4nge 50 cm.<\/p>\n<p class=\"p1\">Ausgestattet mit einem praktischen Karabinerhaken-Verschluss.<\/p>\n<p class=\"p1\">Made in Italy, ein Synonym f\u00fcr authentische Handwerkskunst.<\/p>\n<p class=\"p1\">Wird mit Originalverpackung und offizieller Giovanni Raspini-Garantie geliefert.<\/p>\n","protected":false},"excerpt":{"rendered":"<p class=\"p1\">Ein unaufdringliches Schmuckst\u00fcck, das ganz nat\u00fcrlich in jeden Moment des Tages passt.<\/p>\n","protected":false},"featured_media":184444,"comment_status":"open","ping_status":"closed","template":"","meta":[],"product_brand":[],"product_cat":[7598],"product_tag":[7551],"class_list":{"0":"post-184839","1":"product","2":"type-product","3":"status-publish","4":"has-post-thumbnail","6":"product_cat-giovanni-raspini-halsketten-fur-manner","7":"product_tag-ausschlusse","9":"first","10":"instock","11":"taxable","12":"shipping-taxable","13":"purchasable","14":"product-type-simple"},"exclude_global_add_ons":[],"addons":[],"df_price":235,"df_sale_price":"","df_regular_price":235,"df_image_link":"https:\/\/cdn02.fabioferro.eu\/wp-content\/uploads\/collana-giovanni-raspini-black-panther.jpg","_links":{"self":[{"href":"https:\/\/www.fabioferro.eu\/de\/wp-json\/wp\/v2\/product\/184839","targetHints":{"allow":["GET"]}}],"collection":[{"href":"https:\/\/www.fabioferro.eu\/de\/wp-json\/wp\/v2\/product"}],"about":[{"href":"https:\/\/www.fabioferro.eu\/de\/wp-json\/wp\/v2\/types\/product"}],"replies":[{"embeddable":true,"href":"https:\/\/www.fabioferro.eu\/de\/wp-json\/wp\/v2\/comments?post=184839"}],"version-history":[{"count":1,"href":"https:\/\/www.fabioferro.eu\/de\/wp-json\/wp\/v2\/product\/184839\/revisions"}],"predecessor-version":[{"id":198200,"href":"https:\/\/www.fabioferro.eu\/de\/wp-json\/wp\/v2\/product\/184839\/revisions\/198200"}],"wp:featuredmedia":[{"embeddable":true,"href":"https:\/\/www.fabioferro.eu\/de\/wp-json\/wp\/v2\/media\/184444"}],"wp:attachment":[{"href":"https:\/\/www.fabioferro.eu\/de\/wp-json\/wp\/v2\/media?parent=184839"}],"wp:term":[{"taxonomy":"product_brand","embeddable":true,"href":"https:\/\/www.fabioferro.eu\/de\/wp-json\/wp\/v2\/product_brand?post=184839"},{"taxonomy":"product_cat","embeddable":true,"href":"https:\/\/www.fabioferro.eu\/de\/wp-json\/wp\/v2\/product_cat?post=184839"},{"taxonomy":"product_tag","embeddable":true,"href":"https:\/\/www.fabioferro.eu\/de\/wp-json\/wp\/v2\/product_tag?post=184839"}],"curies":[{"name":"wp","href":"https:\/\/api.w.org\/{rel}","templated":true}]}}