{"id":184852,"date":"2023-05-09T18:55:04","date_gmt":"2023-05-09T16:55:04","guid":{"rendered":"https:\/\/www.fabioferro.eu\/hamilton-khaki-navy-scuba-gmt-bronze-43mm-h82565930.html"},"modified":"2025-07-16T17:33:26","modified_gmt":"2025-07-16T15:33:26","slug":"hamilton-khaki-navy-scuba-gmt-bronze-43mm-h82565930","status":"publish","type":"product","link":"https:\/\/www.fabioferro.eu\/de\/hamilton-khaki-navy-scuba-gmt-bronze-43mm-h82565930.html","title":{"rendered":"Hamilton Khaki Navy Scuba GMT Bronze 43mm H82565930"},"content":{"rendered":"<p>Die Hamilton Khaki Navy Scuba GMT Bronze 43mm H82565930 ist f\u00fcr echte Seeb\u00e4ren gemacht.<\/p>\n<p>Sie ist mit dem Kaliber H-14 von Hamilton ausgestattet, mit GMT-Funktion. 80 Stunden Gangreserve. <\/p>\n<p>Das Geh\u00e4use ist 43 mm gro\u00df, 13,9 mm dick und 22 mm breit an den Bandanst\u00f6\u00dfen und besteht aus Bronze und Titan. Wasserdichte verschraubte Krone. <\/p>\n<p>Drehbare L\u00fcnette mit Leuchtpunkt bei 12 Uhr. Datum bei 3 Uhr. <\/p>\n<p>Wasserdicht bis zu 30 bar\/300 Meter.<\/p>\n<p>Verst\u00e4rktes, flaches Saphirkristallglas mit Antireflexionsbeschichtung auf der Au\u00dfen- und Innenseite.<\/p>\n<p>Schwarzes Zifferblatt mit vergoldeten, im Dunkeln leuchtenden Indizes und Zeigern.<\/p>\n<p>Schwarzes und bronzefarbenes Stoffband mit Dornschlie\u00dfe. Breite der Schlie\u00dfe 22 mm. <\/p>\n<p>Inklusive Verpackung und offizieller Hamilton 2-Jahres-Garantie.<\/p>\n","protected":false},"excerpt":{"rendered":"<p>Die Hamilton Khaki Navy Scuba GMT Bronze 43mm H82565930 ist das Emblem der Raubtiere der Meere.<\/p>\n","protected":false},"featured_media":183984,"comment_status":"open","ping_status":"closed","template":"","meta":[],"product_brand":[161],"product_cat":[5974],"product_tag":[],"class_list":{"0":"post-184852","1":"product","2":"type-product","3":"status-publish","4":"has-post-thumbnail","6":"product_brand-hamilton","7":"product_cat-hamilton-herrenuhren","8":"pa_collezione-hamilton-khaki-marine","10":"first","11":"instock","12":"sale","13":"taxable","14":"shipping-taxable","15":"purchasable","16":"product-type-simple"},"exclude_global_add_ons":[],"addons":[],"df_price":1276,"df_sale_price":1276,"df_regular_price":1595,"df_image_link":"https:\/\/cdn02.fabioferro.eu\/wp-content\/uploads\/hamilton-khaki-navy-scuba-bronzo-H82565930.jpg","_links":{"self":[{"href":"https:\/\/www.fabioferro.eu\/de\/wp-json\/wp\/v2\/product\/184852","targetHints":{"allow":["GET"]}}],"collection":[{"href":"https:\/\/www.fabioferro.eu\/de\/wp-json\/wp\/v2\/product"}],"about":[{"href":"https:\/\/www.fabioferro.eu\/de\/wp-json\/wp\/v2\/types\/product"}],"replies":[{"embeddable":true,"href":"https:\/\/www.fabioferro.eu\/de\/wp-json\/wp\/v2\/comments?post=184852"}],"version-history":[{"count":1,"href":"https:\/\/www.fabioferro.eu\/de\/wp-json\/wp\/v2\/product\/184852\/revisions"}],"predecessor-version":[{"id":188816,"href":"https:\/\/www.fabioferro.eu\/de\/wp-json\/wp\/v2\/product\/184852\/revisions\/188816"}],"wp:featuredmedia":[{"embeddable":true,"href":"https:\/\/www.fabioferro.eu\/de\/wp-json\/wp\/v2\/media\/183984"}],"wp:attachment":[{"href":"https:\/\/www.fabioferro.eu\/de\/wp-json\/wp\/v2\/media?parent=184852"}],"wp:term":[{"taxonomy":"product_brand","embeddable":true,"href":"https:\/\/www.fabioferro.eu\/de\/wp-json\/wp\/v2\/product_brand?post=184852"},{"taxonomy":"product_cat","embeddable":true,"href":"https:\/\/www.fabioferro.eu\/de\/wp-json\/wp\/v2\/product_cat?post=184852"},{"taxonomy":"product_tag","embeddable":true,"href":"https:\/\/www.fabioferro.eu\/de\/wp-json\/wp\/v2\/product_tag?post=184852"}],"curies":[{"name":"wp","href":"https:\/\/api.w.org\/{rel}","templated":true}]}}