{"id":184867,"date":"2023-05-09T19:02:17","date_gmt":"2023-05-09T17:02:17","guid":{"rendered":"https:\/\/www.fabioferro.eu\/hamilton-khaki-navy-scuba-gmt-43mm-h82555150.html"},"modified":"2025-07-16T17:33:30","modified_gmt":"2025-07-16T15:33:30","slug":"hamilton-khaki-navy-scuba-gmt-43mm-h82555150","status":"publish","type":"product","link":"https:\/\/www.fabioferro.eu\/de\/hamilton-khaki-navy-scuba-gmt-43mm-h82555150.html","title":{"rendered":"Hamilton Khaki Navy Scuba GMT 43mm H82555150"},"content":{"rendered":"<p>Die Hamilton Khaki Navy Scuba GMT 43mm H82555150 ist f\u00fcr echte Seeb\u00e4ren gemacht.<\/p>\n<p>Sie ist mit dem Kaliber H-14 von Hamilton ausgestattet, mit GMT-Funktion. 80 Stunden Gangreserve. <\/p>\n<p>Das Geh\u00e4use ist 43 mm gro\u00df, 13,9 mm dick und 22 mm breit an den Bandanst\u00f6\u00dfen und besteht aus Bronze und Titan. Wasserdichte verschraubte Krone. <\/p>\n<p>Drehbare L\u00fcnette mit Leuchtpunkt bei 12 Uhr. Datum bei 3 Uhr. <\/p>\n<p>Wasserdicht bis zu 30 bar\/300 Meter.<\/p>\n<p>Verst\u00e4rktes, flaches Saphirkristallglas mit Antireflexionsbeschichtung auf der Au\u00dfen- und Innenseite.<\/p>\n<p>Schwarzes und wei\u00dfes Zifferblatt mit im Dunkeln leuchtenden Indizes und Zeigern.<\/p>\n<p>Edelstahlarmband mit dreifacher Sicherheitsschlie\u00dfe. Breite der Schlie\u00dfe 20 mm. <\/p>\n<p>Inklusive Verpackung und offizieller Hamilton 2-Jahres-Garantie.<\/p>\n","protected":false},"excerpt":{"rendered":"<p>Die Hamilton Khaki Navy Scuba GMT 43mm H82555150 ist das Emblem der Raubtiere der Meere.<\/p>\n","protected":false},"featured_media":184002,"comment_status":"open","ping_status":"closed","template":"","meta":[],"product_brand":[161],"product_cat":[5974],"product_tag":[],"class_list":{"0":"post-184867","1":"product","2":"type-product","3":"status-publish","4":"has-post-thumbnail","6":"product_brand-hamilton","7":"product_cat-hamilton-herrenuhren","8":"pa_collezione-hamilton-khaki-marine","10":"first","11":"instock","12":"sale","13":"taxable","14":"shipping-taxable","15":"purchasable","16":"product-type-simple"},"exclude_global_add_ons":[],"addons":[],"df_price":1156,"df_sale_price":1156,"df_regular_price":1445,"df_image_link":"https:\/\/cdn02.fabioferro.eu\/wp-content\/uploads\/hamilton-khaki-navy-scuba-H82555150.jpg","_links":{"self":[{"href":"https:\/\/www.fabioferro.eu\/de\/wp-json\/wp\/v2\/product\/184867","targetHints":{"allow":["GET"]}}],"collection":[{"href":"https:\/\/www.fabioferro.eu\/de\/wp-json\/wp\/v2\/product"}],"about":[{"href":"https:\/\/www.fabioferro.eu\/de\/wp-json\/wp\/v2\/types\/product"}],"replies":[{"embeddable":true,"href":"https:\/\/www.fabioferro.eu\/de\/wp-json\/wp\/v2\/comments?post=184867"}],"version-history":[{"count":1,"href":"https:\/\/www.fabioferro.eu\/de\/wp-json\/wp\/v2\/product\/184867\/revisions"}],"predecessor-version":[{"id":188819,"href":"https:\/\/www.fabioferro.eu\/de\/wp-json\/wp\/v2\/product\/184867\/revisions\/188819"}],"wp:featuredmedia":[{"embeddable":true,"href":"https:\/\/www.fabioferro.eu\/de\/wp-json\/wp\/v2\/media\/184002"}],"wp:attachment":[{"href":"https:\/\/www.fabioferro.eu\/de\/wp-json\/wp\/v2\/media?parent=184867"}],"wp:term":[{"taxonomy":"product_brand","embeddable":true,"href":"https:\/\/www.fabioferro.eu\/de\/wp-json\/wp\/v2\/product_brand?post=184867"},{"taxonomy":"product_cat","embeddable":true,"href":"https:\/\/www.fabioferro.eu\/de\/wp-json\/wp\/v2\/product_cat?post=184867"},{"taxonomy":"product_tag","embeddable":true,"href":"https:\/\/www.fabioferro.eu\/de\/wp-json\/wp\/v2\/product_tag?post=184867"}],"curies":[{"name":"wp","href":"https:\/\/api.w.org\/{rel}","templated":true}]}}