{"id":185547,"date":"2025-05-22T12:14:50","date_gmt":"2025-05-22T10:14:50","guid":{"rendered":"https:\/\/www.fabioferro.eu\/seiko-srpl61j1-presage-cocktail-34mm.html"},"modified":"2025-05-22T12:14:50","modified_gmt":"2025-05-22T10:14:50","slug":"seiko-srpl61j1-presage-cocktail-34mm","status":"publish","type":"product","link":"https:\/\/www.fabioferro.eu\/de\/seiko-srpl61j1-presage-cocktail-34mm.html","title":{"rendered":"Seiko SRPL61J1 Presage Cocktail 34mm"},"content":{"rendered":"<p>Seiko SRPL61J1 Presage Cocktail 34mm, eine Uhr f\u00fcr den t\u00e4glichen Gebrauch.<\/p>\n<p>Mechanisches Automatikwerk mit dem Kaliber 4R35, mit einer Gangreserve von ca. 41 Stunden. 23 Juwelen vorhanden. <\/p>\n<p>Geh\u00e4use aus Edelstahl mit einem Durchmesser von 34 mm. Dicke 10,7 mm. Abstand von Lug zu Lug 40,4 mm.  <\/p>\n<p>Gew\u00f6lbtes, sto\u00dffestes Hardlexglas.<\/p>\n<p>Bearbeitetes Zifferblatt mit Logo bei 12 Uhr und nat\u00fcrlichen Diamanten bei 12, 3, 6 und 9 Uhr.<\/p>\n<p>Verstellbares Edelstahlarmband mit dreifacher Sicherheitsschlie\u00dfe und Seiko-Logo. Abstand zwischen den Anst\u00f6\u00dfen 17 mm. <\/p>\n<p>Gesamtgewicht von 87gr.<\/p>\n<p>Begleitet von einer eleganten Verpackung und der offiziellen Seiko Garantie.<\/p>\n","protected":false},"excerpt":{"rendered":"<p>Seiko SRPL61J1 Presage Cocktail 34mm, eine elegante Uhr, die ihresgleichen sucht.<\/p>\n","protected":false},"featured_media":185322,"comment_status":"open","ping_status":"closed","template":"","meta":[],"product_brand":[202],"product_cat":[6095],"product_tag":[7442],"class_list":{"0":"post-185547","1":"product","2":"type-product","3":"status-publish","4":"has-post-thumbnail","6":"product_brand-seiko","7":"product_cat-seiko-damenuhren","8":"product_tag-verfugbar","9":"pa_collezione-seiko-presage-de","11":"first","12":"instock","13":"sale","14":"taxable","15":"shipping-taxable","16":"purchasable","17":"product-type-simple"},"exclude_global_add_ons":false,"addons":[{"name":"Gurtl\u00e4nge","type":"multiple_choice","position":0,"required":false,"title_format":"label","default":"0","description_enable":false,"description":null,"placeholder_enable":false,"placeholder":null,"display":"select","restrictions_type":"any_text","adjust_price":false,"price":"","price_type":"flat_fee","restrictions":false,"min":"0","max":"0","options":[{"label":"Keine Anpassung","price":"","price_type":"flat_fee","image":0,"visibility":true},{"label":"15,0 cm","price":"","price_type":"flat_fee","image":0,"visibility":false},{"label":"15,5 cm","price":"","price_type":"flat_fee","image":0,"visibility":false},{"label":"16,0 cm","price":"","price_type":"flat_fee","image":0,"visibility":false},{"label":"16,5 cm","price":"","price_type":"flat_fee","image":0,"visibility":false},{"label":"17,0 cm","price":"","price_type":"flat_fee","image":0,"visibility":false},{"label":"17,5 cm","price":"","price_type":"flat_fee","image":0,"visibility":false},{"label":"18,0 cm","price":"","price_type":"flat_fee","image":0,"visibility":false},{"label":"18,5 cm","price":"","price_type":"flat_fee","image":0,"visibility":false},{"label":"19,0 cm","price":"","price_type":"flat_fee","image":0,"visibility":false},{"label":"19,5 cm","price":"","price_type":"flat_fee","image":0,"visibility":false},{"label":"20.0 cm","price":"","price_type":"flat_fee","image":0,"visibility":false},{"label":"20,5 cm","price":"","price_type":"flat_fee","image":0,"visibility":false},{"label":"21.0 cm","price":"","price_type":"flat_fee","image":0,"visibility":false},{"label":"21,5 cm","price":"","price_type":"flat_fee","image":0,"visibility":false},{"label":"22.0 cm","price":"","price_type":"flat_fee","image":0,"visibility":false}],"id":1747915191},{"name":"Choose the size for her","type":"multiple_choice","position":0,"required":false,"title_format":"label","default":"","description_enable":false,"description":"","placeholder_enable":false,"placeholder":"","display":"select","restrictions_type":"any_text","adjust_price":false,"price":"","price_type":"flat_fee","restrictions":false,"min":"0","max":"0","options":[{"label":"8","price":"","price_type":"flat_fee","image":0,"visibility":true},{"label":"9","price":"","price_type":"flat_fee","image":0,"visibility":true},{"label":"10","price":"","price_type":"flat_fee","image":0,"visibility":true},{"label":"11","price":"","price_type":"flat_fee","image":0,"visibility":true},{"label":"12","price":"","price_type":"flat_fee","image":0,"visibility":true},{"label":"13","price":"","price_type":"flat_fee","image":0,"visibility":true},{"label":"14","price":"","price_type":"flat_fee","image":0,"visibility":true},{"label":"15","price":"","price_type":"flat_fee","image":0,"visibility":true},{"label":"16","price":"","price_type":"flat_fee","image":0,"visibility":true},{"label":"17","price":"","price_type":"flat_fee","image":0,"visibility":true},{"label":"18","price":"","price_type":"flat_fee","image":0,"visibility":true},{"label":"19","price":"","price_type":"flat_fee","image":0,"visibility":true},{"label":"20","price":"","price_type":"flat_fee","image":0,"visibility":true},{"label":"21","price":"","price_type":"flat_fee","image":0,"visibility":true},{"label":"22","price":"","price_type":"flat_fee","image":0,"visibility":true},{"label":"23","price":"","price_type":"flat_fee","image":0,"visibility":true},{"label":"24","price":"","price_type":"flat_fee","image":0,"visibility":true},{"label":"25","price":"","price_type":"flat_fee","image":0,"visibility":true},{"label":"26","price":"","price_type":"flat_fee","image":0,"visibility":true},{"label":"27","price":"","price_type":"flat_fee","image":0,"visibility":true},{"label":"28","price":"","price_type":"flat_fee","image":0,"visibility":true}],"id":1706806906},{"name":"Choose the size for him","type":"multiple_choice","position":0,"required":false,"title_format":"label","default":"","description_enable":false,"description":"","placeholder_enable":false,"placeholder":"","display":"select","restrictions_type":"any_text","adjust_price":false,"price":"","price_type":"flat_fee","restrictions":false,"min":"0","max":"0","options":[{"label":"8","price":"","price_type":"flat_fee","image":0,"visibility":true},{"label":"9","price":"","price_type":"flat_fee","image":0,"visibility":true},{"label":"10","price":"","price_type":"flat_fee","image":0,"visibility":true},{"label":"11","price":"","price_type":"flat_fee","image":0,"visibility":true},{"label":"12","price":"","price_type":"flat_fee","image":0,"visibility":true},{"label":"13","price":"","price_type":"flat_fee","image":0,"visibility":true},{"label":"14","price":"","price_type":"flat_fee","image":0,"visibility":true},{"label":"15","price":"","price_type":"flat_fee","image":0,"visibility":true},{"label":"16","price":"","price_type":"flat_fee","image":0,"visibility":true},{"label":"17","price":"","price_type":"flat_fee","image":0,"visibility":true},{"label":"18","price":"","price_type":"flat_fee","image":0,"visibility":true},{"label":"19","price":"","price_type":"flat_fee","image":0,"visibility":true},{"label":"20","price":"","price_type":"flat_fee","image":0,"visibility":true},{"label":"21","price":"","price_type":"flat_fee","image":0,"visibility":true},{"label":"22","price":"","price_type":"flat_fee","image":0,"visibility":true},{"label":"23","price":"","price_type":"flat_fee","image":0,"visibility":true},{"label":"24","price":"","price_type":"flat_fee","image":0,"visibility":true},{"label":"25","price":"","price_type":"flat_fee","image":0,"visibility":true},{"label":"26","price":"","price_type":"flat_fee","image":0,"visibility":true},{"label":"27","price":"","price_type":"flat_fee","image":0,"visibility":true},{"label":"28","price":"","price_type":"flat_fee","image":0,"visibility":true}],"id":1706806872},{"name":"Engraving","type":"custom_text","position":0,"required":false,"title_format":"label","default":"","description_enable":false,"description":"","placeholder_enable":false,"placeholder":"","display":"select","restrictions_type":"any_text","adjust_price":false,"price":"","price_type":"flat_fee","restrictions":false,"min":"0","max":"0","options":[],"id":1706718952}],"df_price":501.5,"df_sale_price":501.5,"df_regular_price":590,"df_image_link":"https:\/\/cdn02.fabioferro.eu\/wp-content\/uploads\/seiko-srpl61j1-presage.jpg","_links":{"self":[{"href":"https:\/\/www.fabioferro.eu\/de\/wp-json\/wp\/v2\/product\/185547","targetHints":{"allow":["GET"]}}],"collection":[{"href":"https:\/\/www.fabioferro.eu\/de\/wp-json\/wp\/v2\/product"}],"about":[{"href":"https:\/\/www.fabioferro.eu\/de\/wp-json\/wp\/v2\/types\/product"}],"replies":[{"embeddable":true,"href":"https:\/\/www.fabioferro.eu\/de\/wp-json\/wp\/v2\/comments?post=185547"}],"version-history":[{"count":0,"href":"https:\/\/www.fabioferro.eu\/de\/wp-json\/wp\/v2\/product\/185547\/revisions"}],"wp:featuredmedia":[{"embeddable":true,"href":"https:\/\/www.fabioferro.eu\/de\/wp-json\/wp\/v2\/media\/185322"}],"wp:attachment":[{"href":"https:\/\/www.fabioferro.eu\/de\/wp-json\/wp\/v2\/media?parent=185547"}],"wp:term":[{"taxonomy":"product_brand","embeddable":true,"href":"https:\/\/www.fabioferro.eu\/de\/wp-json\/wp\/v2\/product_brand?post=185547"},{"taxonomy":"product_cat","embeddable":true,"href":"https:\/\/www.fabioferro.eu\/de\/wp-json\/wp\/v2\/product_cat?post=185547"},{"taxonomy":"product_tag","embeddable":true,"href":"https:\/\/www.fabioferro.eu\/de\/wp-json\/wp\/v2\/product_tag?post=185547"}],"curies":[{"name":"wp","href":"https:\/\/api.w.org\/{rel}","templated":true}]}}