{"id":185930,"date":"2025-06-10T10:54:41","date_gmt":"2025-06-10T08:54:41","guid":{"rendered":"https:\/\/www.fabioferro.eu\/.html?post_type=product&#038;p=185930"},"modified":"2025-10-25T15:59:56","modified_gmt":"2025-10-25T13:59:56","slug":"longines-legend-diver-blau-39mm","status":"publish","type":"product","link":"https:\/\/www.fabioferro.eu\/de\/longines-legend-diver-blau-39mm.html","title":{"rendered":"Longines Legend Diver Blau 39mm"},"content":{"rendered":"<p>Uhr mit mechanischem Automatikwerk, Kaliber L888 mit 25.200 Halbschwingungen und 72 Stunden Gangreserve. Monokristalline Siliziumwaage, resistent gegen magnetische Wellen und St\u00f6\u00dfe.<\/p>\n<p>COSC-zertifizierter Chronometer.<\/p>\n<p>Die runde Form des Geh\u00e4uses wird durch die Verwendung von rostfreiem Stahl aufgewertet. Der Abstand zwischen den Anst\u00f6\u00dfen betr\u00e4gt 20 mm, w\u00e4hrend die Dicke 12,70 mm betr\u00e4gt. Die Wasserdichtigkeit ist bis zu 30 bar, d.h. 300 m, garantiert. Das Glas ist ein gew\u00f6lbtes, kratzfestes Saphirglas mit einer mehrschichtigen Antireflexionsbeschichtung auf der Innenseite. Au\u00dferdem gibt es einen verschraubten Geh\u00e4useboden und ein drehbares Innengeh\u00e4use aus dem S\u00fcden sowie eine verschraubte Krone. Der Geh\u00e4usedurchmesser betr\u00e4gt 39 mm und das Gesamtgewicht 140,4 g.<\/p>\n<p>Das Zifferblatt ist blau gl\u00e4nzend lackiert, die Zeiger sind poliert und versilbert, der Stundenkreis mit arabischen Ziffern und gemalten Indexen ist mit der exklusiven Schweizer Super-LumiNova-Fluoreszenztechnologie ausgestattet.<\/p>\n<p>Das Armband ist aus Kautschuk mit einer Dreifach-Sicherheitsfaltschlie\u00dfe und einem \u00d6ffnungsmechanismus mit Dr\u00fccker.<\/p>\n<p>Die Uhr wird komplett mit offizieller Longines-Box und 5 Jahren Garantie geliefert.<\/p>\n","protected":false},"excerpt":{"rendered":"<p>Diese Longines Legend Diver ist dem Modell von 1959 sehr treu und repr\u00e4sentiert die Technik und Sch\u00f6nheit der Schweizer Taucheruhren.<\/p>\n","protected":false},"featured_media":185934,"comment_status":"open","ping_status":"closed","template":"","meta":[],"product_brand":[5391],"product_cat":[5966,5953],"product_tag":[],"class_list":{"0":"post-185930","1":"product","2":"type-product","3":"status-publish","4":"has-post-thumbnail","6":"product_brand-longines","7":"product_cat-longines-damenuhren","8":"product_cat-longines-herrenuhren","9":"pa_collezione-longines-legend-taucheruhr","11":"first","12":"instock","13":"taxable","14":"shipping-taxable","15":"purchasable","16":"product-type-simple"},"exclude_global_add_ons":[],"addons":[],"df_price":3450,"df_sale_price":"","df_regular_price":3450,"df_image_link":"https:\/\/cdn02.fabioferro.eu\/wp-content\/uploads\/longines-legend-diver-blu-l3.764.4.90.9-5.jpg","_links":{"self":[{"href":"https:\/\/www.fabioferro.eu\/de\/wp-json\/wp\/v2\/product\/185930","targetHints":{"allow":["GET"]}}],"collection":[{"href":"https:\/\/www.fabioferro.eu\/de\/wp-json\/wp\/v2\/product"}],"about":[{"href":"https:\/\/www.fabioferro.eu\/de\/wp-json\/wp\/v2\/types\/product"}],"replies":[{"embeddable":true,"href":"https:\/\/www.fabioferro.eu\/de\/wp-json\/wp\/v2\/comments?post=185930"}],"version-history":[{"count":1,"href":"https:\/\/www.fabioferro.eu\/de\/wp-json\/wp\/v2\/product\/185930\/revisions"}],"predecessor-version":[{"id":186692,"href":"https:\/\/www.fabioferro.eu\/de\/wp-json\/wp\/v2\/product\/185930\/revisions\/186692"}],"wp:featuredmedia":[{"embeddable":true,"href":"https:\/\/www.fabioferro.eu\/de\/wp-json\/wp\/v2\/media\/185934"}],"wp:attachment":[{"href":"https:\/\/www.fabioferro.eu\/de\/wp-json\/wp\/v2\/media?parent=185930"}],"wp:term":[{"taxonomy":"product_brand","embeddable":true,"href":"https:\/\/www.fabioferro.eu\/de\/wp-json\/wp\/v2\/product_brand?post=185930"},{"taxonomy":"product_cat","embeddable":true,"href":"https:\/\/www.fabioferro.eu\/de\/wp-json\/wp\/v2\/product_cat?post=185930"},{"taxonomy":"product_tag","embeddable":true,"href":"https:\/\/www.fabioferro.eu\/de\/wp-json\/wp\/v2\/product_tag?post=185930"}],"curies":[{"name":"wp","href":"https:\/\/api.w.org\/{rel}","templated":true}]}}