{"id":186658,"date":"2025-06-18T11:50:46","date_gmt":"2025-06-18T09:50:46","guid":{"rendered":"https:\/\/www.fabioferro.eu\/ring-fabio-ferro-indischer-ehering-aus-weissgold-mit-diamanten.html"},"modified":"2025-06-18T11:50:46","modified_gmt":"2025-06-18T09:50:46","slug":"ring-fabio-ferro-indischer-ehering-aus-weissgold-mit-diamanten","status":"publish","type":"product","link":"https:\/\/www.fabioferro.eu\/de\/ring-fabio-ferro-indischer-ehering-aus-weissgold-mit-diamanten.html","title":{"rendered":"Ring Fabio Ferro Indischer Ehering aus Wei\u00dfgold mit Diamanten"},"content":{"rendered":"<p>In unserer Goldschmiedewerkstatt handgefertigter Ring aus 18 Karat Wei\u00dfgold.<\/p>\n<p>Die Diamanten sind sorgf\u00e4ltig ausgew\u00e4hlt und gefasst. Das Gesamtkarat betr\u00e4gt 0,24 Karat. Farbe F und Reinheit VS1.  <\/p>\n<p>Elegante, spitz zulaufende Verarbeitung, die an den Stil einiger Schmuckst\u00fccke im &#8216;indischen&#8217; Stil erinnert.<\/p>\n<p>Die Merkmale der Diamanten und das Logo sind per Lasergravur auf der Innenseite des Schafts eingraviert. Fabio Ferro Schmuck.<\/p>\n<p>Begleitet von einer eleganten Geschenkbox und einem signierten Qualit\u00e4tszertifikat Fabio Ferro.<\/p>\n<p><img decoding=\"async\" class=\"alignnone size-full wp-image-68675\" src=\"https:\/\/cdn02.fabioferro.eu\/wp-content\/uploads\/IGI-4cs-chart-IT-scaled.jpg\" alt=\"\" width=\"1864\" height=\"2560\" title=\"\" srcset=\"https:\/\/cdn02.fabioferro.eu\/wp-content\/uploads\/IGI-4cs-chart-IT-scaled.jpg 1864w, https:\/\/cdn02.fabioferro.eu\/wp-content\/uploads\/IGI-4cs-chart-IT-768x1055.jpg 768w, https:\/\/cdn02.fabioferro.eu\/wp-content\/uploads\/IGI-4cs-chart-IT-1119x1536.jpg 1119w, https:\/\/cdn02.fabioferro.eu\/wp-content\/uploads\/IGI-4cs-chart-IT-1491x2048.jpg 1491w, https:\/\/cdn02.fabioferro.eu\/wp-content\/uploads\/IGI-4cs-chart-IT-990x1359.jpg 990w, https:\/\/cdn02.fabioferro.eu\/wp-content\/uploads\/IGI-4cs-chart-IT-441x606.jpg 441w, https:\/\/cdn02.fabioferro.eu\/wp-content\/uploads\/IGI-4cs-chart-IT-600x824.jpg 600w, https:\/\/cdn02.fabioferro.eu\/wp-content\/uploads\/IGI-4cs-chart-IT-150x206.jpg 150w\" sizes=\"(max-width: 1864px) 100vw, 1864px\" \/><\/p>\n","protected":false},"excerpt":{"rendered":"<p>Eine Platte, die eine Geschichte erz\u00e4hlt und gerne Ihre kennenlernen m\u00f6chte.<\/p>\n","protected":false},"featured_media":186327,"comment_status":"open","ping_status":"closed","template":"","meta":[],"product_brand":[152],"product_cat":[5934],"product_tag":[],"class_list":{"0":"post-186658","1":"product","2":"type-product","3":"status-publish","4":"has-post-thumbnail","6":"product_brand-fabio-ferro-i-gioielli","7":"product_cat-ringe","9":"first","10":"instock","11":"sale","12":"taxable","13":"shipping-taxable","14":"purchasable","15":"product-type-variable","16":"has-default-attributes"},"exclude_global_add_ons":[],"addons":[],"df_price":1080,"df_sale_price":"","df_regular_price":1080,"df_image_link":"https:\/\/cdn02.fabioferro.eu\/wp-content\/uploads\/anello-fabiof-erro-fedina-indiana-ff1378-2.jpg","_links":{"self":[{"href":"https:\/\/www.fabioferro.eu\/de\/wp-json\/wp\/v2\/product\/186658","targetHints":{"allow":["GET"]}}],"collection":[{"href":"https:\/\/www.fabioferro.eu\/de\/wp-json\/wp\/v2\/product"}],"about":[{"href":"https:\/\/www.fabioferro.eu\/de\/wp-json\/wp\/v2\/types\/product"}],"replies":[{"embeddable":true,"href":"https:\/\/www.fabioferro.eu\/de\/wp-json\/wp\/v2\/comments?post=186658"}],"version-history":[{"count":0,"href":"https:\/\/www.fabioferro.eu\/de\/wp-json\/wp\/v2\/product\/186658\/revisions"}],"wp:featuredmedia":[{"embeddable":true,"href":"https:\/\/www.fabioferro.eu\/de\/wp-json\/wp\/v2\/media\/186327"}],"wp:attachment":[{"href":"https:\/\/www.fabioferro.eu\/de\/wp-json\/wp\/v2\/media?parent=186658"}],"wp:term":[{"taxonomy":"product_brand","embeddable":true,"href":"https:\/\/www.fabioferro.eu\/de\/wp-json\/wp\/v2\/product_brand?post=186658"},{"taxonomy":"product_cat","embeddable":true,"href":"https:\/\/www.fabioferro.eu\/de\/wp-json\/wp\/v2\/product_cat?post=186658"},{"taxonomy":"product_tag","embeddable":true,"href":"https:\/\/www.fabioferro.eu\/de\/wp-json\/wp\/v2\/product_tag?post=186658"}],"curies":[{"name":"wp","href":"https:\/\/api.w.org\/{rel}","templated":true}]}}