{"id":187310,"date":"2025-07-04T09:36:54","date_gmt":"2025-07-04T07:36:54","guid":{"rendered":"https:\/\/www.fabioferro.eu\/?post_type=product&#038;p=187310.html"},"modified":"2025-07-16T17:51:05","modified_gmt":"2025-07-16T15:51:05","slug":"seiko-spb501j1-prospex-padi","status":"publish","type":"product","link":"https:\/\/www.fabioferro.eu\/de\/seiko-spb501j1-prospex-padi.html","title":{"rendered":"Seiko SPB501J1 Prospex Padi"},"content":{"rendered":"<p>Seiko SPB501J1 mechanische Automatikuhr mit Kaliber 6R55, einer Frequenz von 21.600 Halbschwingungen pro Stunde und 24 Steinen. Gangreserve von etwa 72 Stunden.<\/p>\n<p>Genauigkeit von etwa +25\/-15 Sekunden pro Tag.<\/p>\n<p>Gr\u00fcnes Zifferblatt mit Meereswellen, vergoldete Indexe und Zeiger, behandelt mit Lumibrite f\u00fcr die Anzeige im Dunkeln. Datumsfenster zwischen 4 und 5 Uhr. Drehbare L\u00fcnette aus Stahl.<\/p>\n<p>Geh\u00e4use aus Edelstahl, Durchmesser 40 mm, Dicke 13,02 mm. Undurchsichtiger, verschraubter Geh\u00e4useboden und verschraubte Krone mit Seiko-Logo. Breite der \u00d6sen 20 mm.<\/p>\n<p>Wasserdicht bis zu 30 bar\/300 Meter.<\/p>\n<p>Edelstahlarmband mit kratzfester Beschichtung, verstellbar. Faltschlie\u00dfe mit Entriegelungsknopf, sehr angenehm zu tragen.<\/p>\n<p>In einer Spezialverpackung mit doppeltem Armband und offizieller 2-Jahres-Garantie von Seiko.<\/p>\n","protected":false},"excerpt":{"rendered":"<p>Seiko SPB501J1, eine Uhr, die bereit ist, sich den gro\u00dfen Abenteuern des Alltags zu stellen und Ihnen unvergessliche Momente zu bescheren.<\/p>\n","protected":false},"featured_media":187325,"comment_status":"open","ping_status":"closed","template":"","meta":[],"product_brand":[202],"product_cat":[5985],"product_tag":[7442],"class_list":{"0":"post-187310","1":"product","2":"type-product","3":"status-publish","4":"has-post-thumbnail","6":"product_brand-seiko","7":"product_cat-seiko-herrenuhren","8":"product_tag-verfugbar","9":"pa_collezione-seiko-prospex-de","11":"first","12":"instock","13":"sale","14":"taxable","15":"shipping-taxable","16":"purchasable","17":"product-type-simple"},"exclude_global_add_ons":false,"addons":[{"name":"Gurtl\u00e4nge","type":"multiple_choice","position":0,"required":false,"title_format":"label","default":"","description_enable":false,"description":"","placeholder_enable":false,"placeholder":"","display":"select","restrictions_type":"any_text","adjust_price":false,"price":"","price_type":"flat_fee","restrictions":false,"min":"0","max":"0","options":[{"label":"Keine Anpassung","price":"","price_type":"flat_fee","image":0,"visibility":true},{"label":"15,0 cm","price":"","price_type":"flat_fee","image":0,"visibility":true},{"label":"15,5 cm","price":"","price_type":"flat_fee","image":0,"visibility":true},{"label":"16,0 cm","price":"","price_type":"flat_fee","image":0,"visibility":true},{"label":"16,5 cm","price":"","price_type":"flat_fee","image":0,"visibility":true},{"label":"17,0 cm","price":"","price_type":"flat_fee","image":0,"visibility":true},{"label":"17,5 cm","price":"","price_type":"flat_fee","image":0,"visibility":true},{"label":"18,0 cm","price":"","price_type":"flat_fee","image":0,"visibility":true},{"label":"18,5 cm","price":"","price_type":"flat_fee","image":0,"visibility":true},{"label":"19,0 cm","price":"","price_type":"flat_fee","image":0,"visibility":true},{"label":"19,5 cm","price":"","price_type":"flat_fee","image":0,"visibility":true},{"label":"20.0 cm","price":"","price_type":"flat_fee","image":0,"visibility":true},{"label":"20,5 cm","price":"","price_type":"flat_fee","image":0,"visibility":true},{"label":"21.0 cm","price":"","price_type":"flat_fee","image":0,"visibility":true},{"label":"21,5 cm","price":"","price_type":"flat_fee","image":0,"visibility":true},{"label":"22.0 cm","price":"","price_type":"flat_fee","image":0,"visibility":true}],"id":1712307709},{"name":"Choose the size for her","type":"multiple_choice","position":0,"required":false,"title_format":"label","default":"","description_enable":false,"description":"","placeholder_enable":false,"placeholder":"","display":"select","restrictions_type":"any_text","adjust_price":false,"price":"","price_type":"flat_fee","restrictions":false,"min":"0","max":"0","options":[{"label":"8","price":"","price_type":"flat_fee","image":0,"visibility":true},{"label":"9","price":"","price_type":"flat_fee","image":0,"visibility":true},{"label":"10","price":"","price_type":"flat_fee","image":0,"visibility":true},{"label":"11","price":"","price_type":"flat_fee","image":0,"visibility":true},{"label":"12","price":"","price_type":"flat_fee","image":0,"visibility":true},{"label":"13","price":"","price_type":"flat_fee","image":0,"visibility":true},{"label":"14","price":"","price_type":"flat_fee","image":0,"visibility":true},{"label":"15","price":"","price_type":"flat_fee","image":0,"visibility":true},{"label":"16","price":"","price_type":"flat_fee","image":0,"visibility":true},{"label":"17","price":"","price_type":"flat_fee","image":0,"visibility":true},{"label":"18","price":"","price_type":"flat_fee","image":0,"visibility":true},{"label":"19","price":"","price_type":"flat_fee","image":0,"visibility":true},{"label":"20","price":"","price_type":"flat_fee","image":0,"visibility":true},{"label":"21","price":"","price_type":"flat_fee","image":0,"visibility":true},{"label":"22","price":"","price_type":"flat_fee","image":0,"visibility":true},{"label":"23","price":"","price_type":"flat_fee","image":0,"visibility":true},{"label":"24","price":"","price_type":"flat_fee","image":0,"visibility":true},{"label":"25","price":"","price_type":"flat_fee","image":0,"visibility":true},{"label":"26","price":"","price_type":"flat_fee","image":0,"visibility":true},{"label":"27","price":"","price_type":"flat_fee","image":0,"visibility":true},{"label":"28","price":"","price_type":"flat_fee","image":0,"visibility":true}],"id":1706806906},{"name":"Choose the size for him","type":"multiple_choice","position":0,"required":false,"title_format":"label","default":"","description_enable":false,"description":"","placeholder_enable":false,"placeholder":"","display":"select","restrictions_type":"any_text","adjust_price":false,"price":"","price_type":"flat_fee","restrictions":false,"min":"0","max":"0","options":[{"label":"8","price":"","price_type":"flat_fee","image":0,"visibility":true},{"label":"9","price":"","price_type":"flat_fee","image":0,"visibility":true},{"label":"10","price":"","price_type":"flat_fee","image":0,"visibility":true},{"label":"11","price":"","price_type":"flat_fee","image":0,"visibility":true},{"label":"12","price":"","price_type":"flat_fee","image":0,"visibility":true},{"label":"13","price":"","price_type":"flat_fee","image":0,"visibility":true},{"label":"14","price":"","price_type":"flat_fee","image":0,"visibility":true},{"label":"15","price":"","price_type":"flat_fee","image":0,"visibility":true},{"label":"16","price":"","price_type":"flat_fee","image":0,"visibility":true},{"label":"17","price":"","price_type":"flat_fee","image":0,"visibility":true},{"label":"18","price":"","price_type":"flat_fee","image":0,"visibility":true},{"label":"19","price":"","price_type":"flat_fee","image":0,"visibility":true},{"label":"20","price":"","price_type":"flat_fee","image":0,"visibility":true},{"label":"21","price":"","price_type":"flat_fee","image":0,"visibility":true},{"label":"22","price":"","price_type":"flat_fee","image":0,"visibility":true},{"label":"23","price":"","price_type":"flat_fee","image":0,"visibility":true},{"label":"24","price":"","price_type":"flat_fee","image":0,"visibility":true},{"label":"25","price":"","price_type":"flat_fee","image":0,"visibility":true},{"label":"26","price":"","price_type":"flat_fee","image":0,"visibility":true},{"label":"27","price":"","price_type":"flat_fee","image":0,"visibility":true},{"label":"28","price":"","price_type":"flat_fee","image":0,"visibility":true}],"id":1706806872},{"name":"Engraving","type":"custom_text","position":0,"required":false,"title_format":"label","default":"","description_enable":false,"description":"","placeholder_enable":false,"placeholder":"","display":"select","restrictions_type":"any_text","adjust_price":false,"price":"","price_type":"flat_fee","restrictions":false,"min":"0","max":"0","options":[],"id":1706718952}],"df_price":1487.5,"df_sale_price":1487.5,"df_regular_price":1750,"df_image_link":"https:\/\/cdn02.fabioferro.eu\/wp-content\/uploads\/seiko-padi-prospex-spb501j1.jpg","_links":{"self":[{"href":"https:\/\/www.fabioferro.eu\/de\/wp-json\/wp\/v2\/product\/187310","targetHints":{"allow":["GET"]}}],"collection":[{"href":"https:\/\/www.fabioferro.eu\/de\/wp-json\/wp\/v2\/product"}],"about":[{"href":"https:\/\/www.fabioferro.eu\/de\/wp-json\/wp\/v2\/types\/product"}],"replies":[{"embeddable":true,"href":"https:\/\/www.fabioferro.eu\/de\/wp-json\/wp\/v2\/comments?post=187310"}],"version-history":[{"count":1,"href":"https:\/\/www.fabioferro.eu\/de\/wp-json\/wp\/v2\/product\/187310\/revisions"}],"predecessor-version":[{"id":188784,"href":"https:\/\/www.fabioferro.eu\/de\/wp-json\/wp\/v2\/product\/187310\/revisions\/188784"}],"wp:featuredmedia":[{"embeddable":true,"href":"https:\/\/www.fabioferro.eu\/de\/wp-json\/wp\/v2\/media\/187325"}],"wp:attachment":[{"href":"https:\/\/www.fabioferro.eu\/de\/wp-json\/wp\/v2\/media?parent=187310"}],"wp:term":[{"taxonomy":"product_brand","embeddable":true,"href":"https:\/\/www.fabioferro.eu\/de\/wp-json\/wp\/v2\/product_brand?post=187310"},{"taxonomy":"product_cat","embeddable":true,"href":"https:\/\/www.fabioferro.eu\/de\/wp-json\/wp\/v2\/product_cat?post=187310"},{"taxonomy":"product_tag","embeddable":true,"href":"https:\/\/www.fabioferro.eu\/de\/wp-json\/wp\/v2\/product_tag?post=187310"}],"curies":[{"name":"wp","href":"https:\/\/api.w.org\/{rel}","templated":true}]}}