{"id":187479,"date":"2025-07-05T10:08:44","date_gmt":"2025-07-05T08:08:44","guid":{"rendered":"https:\/\/www.fabioferro.eu\/?post_type=product&#038;p=187479.html"},"modified":"2025-07-16T17:49:43","modified_gmt":"2025-07-16T15:49:43","slug":"charme-giovanni-raspini-brief-juliet","status":"publish","type":"product","link":"https:\/\/www.fabioferro.eu\/de\/charme-giovanni-raspini-brief-juliet.html","title":{"rendered":"Charme Giovanni Raspini Brief Juliet"},"content":{"rendered":"<p>Anh\u00e4nger mit Anfangsbuchstaben, handgefertigt aus 925er Silber, H\u00f6he 1,2 cm, ohne das obere Glied von 0,8 cm, hergestellt in Italien, mit Verpackung und offizieller Garantie von Giovanni Raspini.<\/p>\n","protected":false},"excerpt":{"rendered":"<p>W\u00e4hlen Sie Ihren Anfangsbuchstaben und beginnen Sie mit der Herstellung des Schmuckst\u00fccks Ihrer Tr\u00e4ume!<\/p>\n","protected":false},"featured_media":120054,"comment_status":"open","ping_status":"closed","template":"","meta":[],"product_brand":[],"product_cat":[7576,7578],"product_tag":[],"class_list":{"0":"post-187479","1":"product","2":"type-product","3":"status-publish","4":"has-post-thumbnail","6":"product_cat-giovanni-raspini-reize","7":"product_cat-raspini-charms-fur-veranstaltung-de","9":"first","10":"instock","11":"sale","12":"taxable","13":"shipping-taxable","14":"purchasable","15":"product-type-variable","16":"has-default-attributes"},"exclude_global_add_ons":[],"addons":[],"df_price":36,"df_sale_price":"","df_regular_price":36,"df_image_link":"https:\/\/cdn02.fabioferro.eu\/wp-content\/uploads\/virtuemart\/product\/10720__1572081823_536.jpg","_links":{"self":[{"href":"https:\/\/www.fabioferro.eu\/de\/wp-json\/wp\/v2\/product\/187479","targetHints":{"allow":["GET"]}}],"collection":[{"href":"https:\/\/www.fabioferro.eu\/de\/wp-json\/wp\/v2\/product"}],"about":[{"href":"https:\/\/www.fabioferro.eu\/de\/wp-json\/wp\/v2\/types\/product"}],"replies":[{"embeddable":true,"href":"https:\/\/www.fabioferro.eu\/de\/wp-json\/wp\/v2\/comments?post=187479"}],"version-history":[{"count":1,"href":"https:\/\/www.fabioferro.eu\/de\/wp-json\/wp\/v2\/product\/187479\/revisions"}],"predecessor-version":[{"id":188936,"href":"https:\/\/www.fabioferro.eu\/de\/wp-json\/wp\/v2\/product\/187479\/revisions\/188936"}],"wp:featuredmedia":[{"embeddable":true,"href":"https:\/\/www.fabioferro.eu\/de\/wp-json\/wp\/v2\/media\/120054"}],"wp:attachment":[{"href":"https:\/\/www.fabioferro.eu\/de\/wp-json\/wp\/v2\/media?parent=187479"}],"wp:term":[{"taxonomy":"product_brand","embeddable":true,"href":"https:\/\/www.fabioferro.eu\/de\/wp-json\/wp\/v2\/product_brand?post=187479"},{"taxonomy":"product_cat","embeddable":true,"href":"https:\/\/www.fabioferro.eu\/de\/wp-json\/wp\/v2\/product_cat?post=187479"},{"taxonomy":"product_tag","embeddable":true,"href":"https:\/\/www.fabioferro.eu\/de\/wp-json\/wp\/v2\/product_tag?post=187479"}],"curies":[{"name":"wp","href":"https:\/\/api.w.org\/{rel}","templated":true}]}}