{"id":187717,"date":"2023-07-09T09:37:19","date_gmt":"2023-07-09T07:37:19","guid":{"rendered":"https:\/\/www.fabioferro.eu\/?post_type=product&#038;p=187717.html"},"modified":"2025-07-16T17:50:57","modified_gmt":"2025-07-16T15:50:57","slug":"hamilton-khaki-feld-set-armband-murph-42mm-h70605732","status":"publish","type":"product","link":"https:\/\/www.fabioferro.eu\/de\/hamilton-khaki-feld-set-armband-murph-42mm-h70605732.html","title":{"rendered":"Hamilton Khaki Feld Set Armband Murph 42mm H70605732"},"content":{"rendered":"<p>Hamilton Khaki Field Set Armband Murph 42mm H70605732.<\/p>\n<p>F\u00fcr alle Liebhaber der &#8220;Interstellar&#8221;-Serie ist der lang ersehnte Moment endlich gekommen. Die Hamilton Khaki Field Murph Uhr ist eine originalgetreue Nachbildung der Uhr, die der Hauptdarsteller Murph im Film tr\u00e4gt. Die Uhr zeichnet sich durch das Wort Eureka in Morsezeichen auf dem lackierten Sekundenzeiger aus und ist ein echtes Muss f\u00fcr alle Filmfans und Hamilton-Liebhaber.<\/p>\n<p>Automatisches mechanisches Uhrwerk Swiss Made Cal. H-10 mit 80 Stunden Gangreserve.<\/p>\n<p>Geh\u00e4use aus satiniertem Stahl mit polierter Oberfl\u00e4che, Durchmesser 42 mm, Dicke 11 mm, Breite der Bandanst\u00f6\u00dfe 22 mm. Wasserdichte, ger\u00e4ndelte Stahlkrone mit Hamilton-Logo.<\/p>\n<p>Schwarzes Zifferblatt mit beigem Stunden- und Minutenzeiger, Sekundenzeiger in der Mitte. Arabische Ziffern in Beige.<\/p>\n<p>Wasserdicht bis 10 atm.<\/p>\n<p>Kratzfestes Saphirkristallglas.<\/p>\n<p>Schwarzes Kalbslederarmband mit Kontrastn\u00e4hten, Dornschlie\u00dfe aus Stahl mit Hamilton-Logo.<\/p>\n<p>Die Uhr, das Stahlarmband und das Werkzeug zum Austauschen des Armbands sind im Paket enthalten.<\/p>\n<p>Neue Uhr mit speziellem Geh\u00e4use und original Hamilton 2-Jahres-Garantie.<\/p>\n","protected":false},"excerpt":{"rendered":"<p>Hamilton Khaki Field Set Bracelet Murph 42mm H70605732, dasselbe Modell wie im Film Interstellar.<\/p>\n","protected":false},"featured_media":187724,"comment_status":"open","ping_status":"closed","template":"","meta":[],"product_brand":[],"product_cat":[5974],"product_tag":[7442],"class_list":{"0":"post-187717","1":"product","2":"type-product","3":"status-publish","4":"has-post-thumbnail","6":"product_cat-hamilton-herrenuhren","7":"product_tag-verfugbar","9":"first","10":"instock","11":"sale","12":"featured","13":"taxable","14":"shipping-taxable","15":"purchasable","16":"product-type-simple"},"exclude_global_add_ons":[],"addons":[],"df_price":956,"df_sale_price":956,"df_regular_price":1195,"df_image_link":"https:\/\/cdn02.fabioferro.eu\/wp-content\/uploads\/hamilton-khaki-field-murph-42-h70605732.jpg","_links":{"self":[{"href":"https:\/\/www.fabioferro.eu\/de\/wp-json\/wp\/v2\/product\/187717","targetHints":{"allow":["GET"]}}],"collection":[{"href":"https:\/\/www.fabioferro.eu\/de\/wp-json\/wp\/v2\/product"}],"about":[{"href":"https:\/\/www.fabioferro.eu\/de\/wp-json\/wp\/v2\/types\/product"}],"replies":[{"embeddable":true,"href":"https:\/\/www.fabioferro.eu\/de\/wp-json\/wp\/v2\/comments?post=187717"}],"version-history":[{"count":2,"href":"https:\/\/www.fabioferro.eu\/de\/wp-json\/wp\/v2\/product\/187717\/revisions"}],"predecessor-version":[{"id":189017,"href":"https:\/\/www.fabioferro.eu\/de\/wp-json\/wp\/v2\/product\/187717\/revisions\/189017"}],"wp:featuredmedia":[{"embeddable":true,"href":"https:\/\/www.fabioferro.eu\/de\/wp-json\/wp\/v2\/media\/187724"}],"wp:attachment":[{"href":"https:\/\/www.fabioferro.eu\/de\/wp-json\/wp\/v2\/media?parent=187717"}],"wp:term":[{"taxonomy":"product_brand","embeddable":true,"href":"https:\/\/www.fabioferro.eu\/de\/wp-json\/wp\/v2\/product_brand?post=187717"},{"taxonomy":"product_cat","embeddable":true,"href":"https:\/\/www.fabioferro.eu\/de\/wp-json\/wp\/v2\/product_cat?post=187717"},{"taxonomy":"product_tag","embeddable":true,"href":"https:\/\/www.fabioferro.eu\/de\/wp-json\/wp\/v2\/product_tag?post=187717"}],"curies":[{"name":"wp","href":"https:\/\/api.w.org\/{rel}","templated":true}]}}