{"id":188761,"date":"2025-07-16T10:08:35","date_gmt":"2025-07-16T08:08:35","guid":{"rendered":"https:\/\/www.fabioferro.eu\/giovanni-raspini-charme-mini-tartaruga-kristall.html"},"modified":"2025-09-09T07:57:52","modified_gmt":"2025-09-09T05:57:52","slug":"giovanni-raspini-charme-mini-tartaruga-kristall","status":"publish","type":"product","link":"https:\/\/www.fabioferro.eu\/de\/giovanni-raspini-charme-mini-tartaruga-kristall.html","title":{"rendered":"Giovanni Raspini Charme Mini Tartaruga Kristall"},"content":{"rendered":"<p>Anh\u00e4nger aus 925er Sterlingsilber und gr\u00fcnen Zirkonia.<\/p>\n<p>H\u00f6he 1,4 cm ohne das obere Glied von 0,9 cm.<\/p>\n<p>Hergestellt in Italien.<\/p>\n<p>Mit offizieller Giovanni Raspini Box und Garantie.<\/p>\n","protected":false},"excerpt":{"rendered":"<p>Eine leuchtende Schildkr\u00f6te, die Sie auch in den dunkelsten Momenten zu f\u00fchren wei\u00df.<\/p>\n","protected":false},"featured_media":188746,"comment_status":"open","ping_status":"closed","template":"","meta":[],"product_brand":[],"product_cat":[7576],"product_tag":[7442],"class_list":{"0":"post-188761","1":"product","2":"type-product","3":"status-publish","4":"has-post-thumbnail","6":"product_cat-giovanni-raspini-reize","7":"product_tag-verfugbar","9":"first","10":"instock","11":"sale","12":"taxable","13":"shipping-taxable","14":"purchasable","15":"product-type-simple"},"exclude_global_add_ons":[],"addons":[],"df_price":31.5,"df_sale_price":31.5,"df_regular_price":35,"df_image_link":"https:\/\/cdn02.fabioferro.eu\/wp-content\/uploads\/charm-giovanni-raspini-tartaruga-crystal-12180.jpg","_links":{"self":[{"href":"https:\/\/www.fabioferro.eu\/de\/wp-json\/wp\/v2\/product\/188761","targetHints":{"allow":["GET"]}}],"collection":[{"href":"https:\/\/www.fabioferro.eu\/de\/wp-json\/wp\/v2\/product"}],"about":[{"href":"https:\/\/www.fabioferro.eu\/de\/wp-json\/wp\/v2\/types\/product"}],"replies":[{"embeddable":true,"href":"https:\/\/www.fabioferro.eu\/de\/wp-json\/wp\/v2\/comments?post=188761"}],"version-history":[{"count":1,"href":"https:\/\/www.fabioferro.eu\/de\/wp-json\/wp\/v2\/product\/188761\/revisions"}],"predecessor-version":[{"id":195523,"href":"https:\/\/www.fabioferro.eu\/de\/wp-json\/wp\/v2\/product\/188761\/revisions\/195523"}],"wp:featuredmedia":[{"embeddable":true,"href":"https:\/\/www.fabioferro.eu\/de\/wp-json\/wp\/v2\/media\/188746"}],"wp:attachment":[{"href":"https:\/\/www.fabioferro.eu\/de\/wp-json\/wp\/v2\/media?parent=188761"}],"wp:term":[{"taxonomy":"product_brand","embeddable":true,"href":"https:\/\/www.fabioferro.eu\/de\/wp-json\/wp\/v2\/product_brand?post=188761"},{"taxonomy":"product_cat","embeddable":true,"href":"https:\/\/www.fabioferro.eu\/de\/wp-json\/wp\/v2\/product_cat?post=188761"},{"taxonomy":"product_tag","embeddable":true,"href":"https:\/\/www.fabioferro.eu\/de\/wp-json\/wp\/v2\/product_tag?post=188761"}],"curies":[{"name":"wp","href":"https:\/\/api.w.org\/{rel}","templated":true}]}}