{"id":188778,"date":"2025-07-15T15:14:18","date_gmt":"2025-07-15T13:14:18","guid":{"rendered":"https:\/\/www.fabioferro.eu\/giovanni-raspini-tuerkis-herz-charme.html"},"modified":"2025-07-15T15:14:18","modified_gmt":"2025-07-15T13:14:18","slug":"giovanni-raspini-tuerkis-herz-charme","status":"publish","type":"product","link":"https:\/\/www.fabioferro.eu\/de\/giovanni-raspini-tuerkis-herz-charme.html","title":{"rendered":"Giovanni Raspini T\u00fcrkis Herz Charme"},"content":{"rendered":"<p>Anh\u00e4nger aus 925er Silber und T\u00fcrkis.<\/p>\n<p>H\u00f6he von 1,5 cm ohne das obere Glied von 0,9 cm.<\/p>\n<p>Hergestellt in Italien.<\/p>\n<p>Wird von der offiziellen Giovanni Raspini Box und Garantie begleitet.<\/p>\n","protected":false},"excerpt":{"rendered":"<p>Ein s\u00fc\u00dfes Herz, das es nicht erwarten kann, die Sch\u00f6nheit Ihres Lebens zu entdecken.<\/p>\n","protected":false},"featured_media":188685,"comment_status":"open","ping_status":"closed","template":"","meta":[],"product_brand":[],"product_cat":[7576],"product_tag":[7442],"class_list":{"0":"post-188778","1":"product","2":"type-product","3":"status-publish","4":"has-post-thumbnail","6":"product_cat-giovanni-raspini-reize","7":"product_tag-verfugbar","9":"first","10":"instock","11":"sale","12":"taxable","13":"shipping-taxable","14":"purchasable","15":"product-type-simple"},"exclude_global_add_ons":[],"addons":[],"df_price":31.5,"df_sale_price":31.5,"df_regular_price":35,"df_image_link":"https:\/\/cdn02.fabioferro.eu\/wp-content\/uploads\/charm-giovanni-raspini-cuore-turchese-11626.jpg","_links":{"self":[{"href":"https:\/\/www.fabioferro.eu\/de\/wp-json\/wp\/v2\/product\/188778","targetHints":{"allow":["GET"]}}],"collection":[{"href":"https:\/\/www.fabioferro.eu\/de\/wp-json\/wp\/v2\/product"}],"about":[{"href":"https:\/\/www.fabioferro.eu\/de\/wp-json\/wp\/v2\/types\/product"}],"replies":[{"embeddable":true,"href":"https:\/\/www.fabioferro.eu\/de\/wp-json\/wp\/v2\/comments?post=188778"}],"version-history":[{"count":0,"href":"https:\/\/www.fabioferro.eu\/de\/wp-json\/wp\/v2\/product\/188778\/revisions"}],"wp:featuredmedia":[{"embeddable":true,"href":"https:\/\/www.fabioferro.eu\/de\/wp-json\/wp\/v2\/media\/188685"}],"wp:attachment":[{"href":"https:\/\/www.fabioferro.eu\/de\/wp-json\/wp\/v2\/media?parent=188778"}],"wp:term":[{"taxonomy":"product_brand","embeddable":true,"href":"https:\/\/www.fabioferro.eu\/de\/wp-json\/wp\/v2\/product_brand?post=188778"},{"taxonomy":"product_cat","embeddable":true,"href":"https:\/\/www.fabioferro.eu\/de\/wp-json\/wp\/v2\/product_cat?post=188778"},{"taxonomy":"product_tag","embeddable":true,"href":"https:\/\/www.fabioferro.eu\/de\/wp-json\/wp\/v2\/product_tag?post=188778"}],"curies":[{"name":"wp","href":"https:\/\/api.w.org\/{rel}","templated":true}]}}