{"id":188927,"date":"2025-07-05T09:15:19","date_gmt":"2025-07-05T07:15:19","guid":{"rendered":"https:\/\/www.fabioferro.eu\/giovanni-raspini-quadrifoglio-perlage-charme.html"},"modified":"2025-10-13T20:00:02","modified_gmt":"2025-10-13T18:00:02","slug":"giovanni-raspini-quadrifoglio-perlage-charme","status":"publish","type":"product","link":"https:\/\/www.fabioferro.eu\/de\/giovanni-raspini-quadrifoglio-perlage-charme.html","title":{"rendered":"Giovanni Raspini Quadrifoglio Perlage Charme"},"content":{"rendered":"<p>Handgefertigter Anh\u00e4nger aus 925er Sterlingsilber.<\/p>\n<p>Hergestellt in Italien.<\/p>\n<p>H\u00f6he 1,8 cm ohne das obere Glied von 0,9 cm.<\/p>\n<p>Mit Schachtel und offizieller Giovanni Raspini Garantie.<\/p>\n","protected":false},"excerpt":{"rendered":"<p>Ein s\u00fc\u00dfer Gl\u00fccksbringer, der Sie immer begleiten wird.<\/p>\n","protected":false},"featured_media":187403,"comment_status":"open","ping_status":"closed","template":"","meta":[],"product_brand":[],"product_cat":[7576],"product_tag":[7442],"class_list":{"0":"post-188927","1":"product","2":"type-product","3":"status-publish","4":"has-post-thumbnail","6":"product_cat-giovanni-raspini-reize","7":"product_tag-verfugbar","9":"first","10":"instock","11":"sale","12":"taxable","13":"shipping-taxable","14":"purchasable","15":"product-type-simple"},"exclude_global_add_ons":[],"addons":[],"df_price":36,"df_sale_price":36,"df_regular_price":40,"df_image_link":"https:\/\/cdn02.fabioferro.eu\/wp-content\/uploads\/charm-giovanni-raspini-quadrifoglio-perlage-10637.jpg","_links":{"self":[{"href":"https:\/\/www.fabioferro.eu\/de\/wp-json\/wp\/v2\/product\/188927","targetHints":{"allow":["GET"]}}],"collection":[{"href":"https:\/\/www.fabioferro.eu\/de\/wp-json\/wp\/v2\/product"}],"about":[{"href":"https:\/\/www.fabioferro.eu\/de\/wp-json\/wp\/v2\/types\/product"}],"replies":[{"embeddable":true,"href":"https:\/\/www.fabioferro.eu\/de\/wp-json\/wp\/v2\/comments?post=188927"}],"version-history":[{"count":1,"href":"https:\/\/www.fabioferro.eu\/de\/wp-json\/wp\/v2\/product\/188927\/revisions"}],"predecessor-version":[{"id":198130,"href":"https:\/\/www.fabioferro.eu\/de\/wp-json\/wp\/v2\/product\/188927\/revisions\/198130"}],"wp:featuredmedia":[{"embeddable":true,"href":"https:\/\/www.fabioferro.eu\/de\/wp-json\/wp\/v2\/media\/187403"}],"wp:attachment":[{"href":"https:\/\/www.fabioferro.eu\/de\/wp-json\/wp\/v2\/media?parent=188927"}],"wp:term":[{"taxonomy":"product_brand","embeddable":true,"href":"https:\/\/www.fabioferro.eu\/de\/wp-json\/wp\/v2\/product_brand?post=188927"},{"taxonomy":"product_cat","embeddable":true,"href":"https:\/\/www.fabioferro.eu\/de\/wp-json\/wp\/v2\/product_cat?post=188927"},{"taxonomy":"product_tag","embeddable":true,"href":"https:\/\/www.fabioferro.eu\/de\/wp-json\/wp\/v2\/product_tag?post=188927"}],"curies":[{"name":"wp","href":"https:\/\/api.w.org\/{rel}","templated":true}]}}