{"id":188941,"date":"2025-07-11T17:03:35","date_gmt":"2025-07-11T15:03:35","guid":{"rendered":"https:\/\/www.fabioferro.eu\/giovanni-raspini-cuore-charme-2.html"},"modified":"2025-07-11T17:03:35","modified_gmt":"2025-07-11T15:03:35","slug":"giovanni-raspini-cuore-charme-2","status":"publish","type":"product","link":"https:\/\/www.fabioferro.eu\/de\/giovanni-raspini-cuore-charme-2.html","title":{"rendered":"Giovanni Raspini Cuore Charme"},"content":{"rendered":"<p>Handgefertigter Anh\u00e4nger aus 925er Sterlingsilber mit nat\u00fcrlicher roter Koralle.<\/p>\n<p>Made in Italy.<\/p>\n<p>H\u00f6he 2,2 cm ohne das obere Glied von 0,9 cm.<\/p>\n<p>Mit Verpackung und offizieller Garantie von Giovanni Raspini.<\/p>\n","protected":false},"excerpt":{"rendered":"<p>Ein s\u00fc\u00dfes Herz, das immer wei\u00df, wie man Sie auf den richtigen Weg bringt.<\/p>\n","protected":false},"featured_media":187835,"comment_status":"open","ping_status":"closed","template":"","meta":[],"product_brand":[],"product_cat":[7576],"product_tag":[],"class_list":{"0":"post-188941","1":"product","2":"type-product","3":"status-publish","4":"has-post-thumbnail","6":"product_cat-giovanni-raspini-reize","8":"first","9":"instock","10":"sale","11":"taxable","12":"shipping-taxable","13":"purchasable","14":"product-type-simple"},"exclude_global_add_ons":[],"addons":[],"df_price":40.5,"df_sale_price":40.5,"df_regular_price":45,"df_image_link":"https:\/\/cdn02.fabioferro.eu\/wp-content\/uploads\/charm-giovanni-raspini-cuore-liscio-06096.jpg","_links":{"self":[{"href":"https:\/\/www.fabioferro.eu\/de\/wp-json\/wp\/v2\/product\/188941","targetHints":{"allow":["GET"]}}],"collection":[{"href":"https:\/\/www.fabioferro.eu\/de\/wp-json\/wp\/v2\/product"}],"about":[{"href":"https:\/\/www.fabioferro.eu\/de\/wp-json\/wp\/v2\/types\/product"}],"replies":[{"embeddable":true,"href":"https:\/\/www.fabioferro.eu\/de\/wp-json\/wp\/v2\/comments?post=188941"}],"version-history":[{"count":0,"href":"https:\/\/www.fabioferro.eu\/de\/wp-json\/wp\/v2\/product\/188941\/revisions"}],"wp:featuredmedia":[{"embeddable":true,"href":"https:\/\/www.fabioferro.eu\/de\/wp-json\/wp\/v2\/media\/187835"}],"wp:attachment":[{"href":"https:\/\/www.fabioferro.eu\/de\/wp-json\/wp\/v2\/media?parent=188941"}],"wp:term":[{"taxonomy":"product_brand","embeddable":true,"href":"https:\/\/www.fabioferro.eu\/de\/wp-json\/wp\/v2\/product_brand?post=188941"},{"taxonomy":"product_cat","embeddable":true,"href":"https:\/\/www.fabioferro.eu\/de\/wp-json\/wp\/v2\/product_cat?post=188941"},{"taxonomy":"product_tag","embeddable":true,"href":"https:\/\/www.fabioferro.eu\/de\/wp-json\/wp\/v2\/product_tag?post=188941"}],"curies":[{"name":"wp","href":"https:\/\/api.w.org\/{rel}","templated":true}]}}