{"id":188969,"date":"2025-06-28T18:19:12","date_gmt":"2025-06-28T16:19:12","guid":{"rendered":"https:\/\/www.fabioferro.eu\/ewigkeitsring-fabio-ferro-mini-in-weissgold-mit-diamanten-036-karat.html"},"modified":"2025-06-28T18:19:12","modified_gmt":"2025-06-28T16:19:12","slug":"ewigkeitsring-fabio-ferro-mini-in-weissgold-mit-diamanten-036-karat","status":"publish","type":"product","link":"https:\/\/www.fabioferro.eu\/de\/ewigkeitsring-fabio-ferro-mini-in-weissgold-mit-diamanten-036-karat.html","title":{"rendered":"Ewigkeitsring Fabio Ferro Mini in Wei\u00dfgold mit Diamanten 0,36 Karat"},"content":{"rendered":"<p>Ein Ewigkeitsring, handgefertigt in unserer Goldschmiedewerkstatt, komplett aus 18 Karat Wei\u00dfgold.<\/p>\n<p>Sie sind von Hand mit 0,36 Karat ausgew\u00e4hlter Diamanten, Farbe F und Reinheit VS1, besetzt.<\/p>\n<p>Die Fassung wurde speziell entworfen und hergestellt, um die Diamanten hervorzuheben und im Laufe der Jahre sehr widerstandsf\u00e4hig zu sein. Sein Gesamtgewicht betr\u00e4gt 1,02 g. <\/p>\n<p>Die Innenseite des Rings ist mit L\u00f6chern f\u00fcr jede L\u00fcnette versehen, die notwendig sind, um die Steine zu befestigen.<\/p>\n<p>Begleitet von einer eleganten Schachtel und einem signierten Qualit\u00e4tszertifikat Fabio Ferro Die Juwelen.<\/p>\n<p><img decoding=\"async\" class=\"alignnone size-full wp-image-187024\" src=\"http:\/\/cdn02.fabioferro.eu\/wp-content\/uploads\/igi-tabella-4c-diamanti.jpg\" alt=\"\" width=\"1000\" height=\"1250\" title=\"\" srcset=\"https:\/\/cdn02.fabioferro.eu\/wp-content\/uploads\/igi-tabella-4c-diamanti.jpg 1000w, https:\/\/cdn02.fabioferro.eu\/wp-content\/uploads\/igi-tabella-4c-diamanti-768x960.jpg 768w, https:\/\/cdn02.fabioferro.eu\/wp-content\/uploads\/igi-tabella-4c-diamanti-990x1238.jpg 990w, https:\/\/cdn02.fabioferro.eu\/wp-content\/uploads\/igi-tabella-4c-diamanti-441x551.jpg 441w, https:\/\/cdn02.fabioferro.eu\/wp-content\/uploads\/igi-tabella-4c-diamanti-600x750.jpg 600w, https:\/\/cdn02.fabioferro.eu\/wp-content\/uploads\/igi-tabella-4c-diamanti-150x188.jpg 150w\" sizes=\"(max-width: 1000px) 100vw, 1000px\" \/><\/p>\n","protected":false},"excerpt":{"rendered":"<p>Ein kleines Juwel, das mit seiner Einfachheit immer bereit ist, Ihnen gro\u00dfe Gef\u00fchle zu bereiten.<\/p>\n","protected":false},"featured_media":187034,"comment_status":"open","ping_status":"closed","template":"","meta":[],"product_brand":[152],"product_cat":[6276],"product_tag":[],"class_list":{"0":"post-188969","1":"product","2":"type-product","3":"status-publish","4":"has-post-thumbnail","6":"product_brand-fabio-ferro-i-gioielli","7":"product_cat-ewige-ringe","9":"first","10":"instock","11":"sale","12":"taxable","13":"shipping-taxable","14":"purchasable","15":"product-type-variable","16":"has-default-attributes"},"exclude_global_add_ons":[],"addons":[],"df_price":1144,"df_sale_price":"","df_regular_price":1144,"df_image_link":"https:\/\/cdn02.fabioferro.eu\/wp-content\/uploads\/anello-eternity-fabio-ferro-in-oro-bianco-con-diamanti-036.jpg","_links":{"self":[{"href":"https:\/\/www.fabioferro.eu\/de\/wp-json\/wp\/v2\/product\/188969","targetHints":{"allow":["GET"]}}],"collection":[{"href":"https:\/\/www.fabioferro.eu\/de\/wp-json\/wp\/v2\/product"}],"about":[{"href":"https:\/\/www.fabioferro.eu\/de\/wp-json\/wp\/v2\/types\/product"}],"replies":[{"embeddable":true,"href":"https:\/\/www.fabioferro.eu\/de\/wp-json\/wp\/v2\/comments?post=188969"}],"version-history":[{"count":0,"href":"https:\/\/www.fabioferro.eu\/de\/wp-json\/wp\/v2\/product\/188969\/revisions"}],"wp:featuredmedia":[{"embeddable":true,"href":"https:\/\/www.fabioferro.eu\/de\/wp-json\/wp\/v2\/media\/187034"}],"wp:attachment":[{"href":"https:\/\/www.fabioferro.eu\/de\/wp-json\/wp\/v2\/media?parent=188969"}],"wp:term":[{"taxonomy":"product_brand","embeddable":true,"href":"https:\/\/www.fabioferro.eu\/de\/wp-json\/wp\/v2\/product_brand?post=188969"},{"taxonomy":"product_cat","embeddable":true,"href":"https:\/\/www.fabioferro.eu\/de\/wp-json\/wp\/v2\/product_cat?post=188969"},{"taxonomy":"product_tag","embeddable":true,"href":"https:\/\/www.fabioferro.eu\/de\/wp-json\/wp\/v2\/product_tag?post=188969"}],"curies":[{"name":"wp","href":"https:\/\/api.w.org\/{rel}","templated":true}]}}