{"id":191146,"date":"2025-08-02T11:35:23","date_gmt":"2025-08-02T09:35:23","guid":{"rendered":"https:\/\/www.fabioferro.eu\/?post_type=product&#038;p=191146.html"},"modified":"2025-10-25T15:57:32","modified_gmt":"2025-10-25T13:57:32","slug":"charme-giovanni-raspini-brief-angelo","status":"publish","type":"product","link":"https:\/\/www.fabioferro.eu\/de\/charme-giovanni-raspini-brief-angelo.html","title":{"rendered":"Charme Giovanni Raspini Brief Angelo"},"content":{"rendered":"<p>Anh\u00e4nger mit Anfangsbuchstaben, handgefertigt aus 925er Silber.<\/p>\n<p>0,9 cm hoch.<\/p>\n<p>Hergestellt in Italien.<\/p>\n<p>Mit Box und offizieller Giovanni Raspini Garantie.<\/p>\n","protected":false},"excerpt":{"rendered":"<p>W\u00e4hlen Sie Ihren Anfangsbuchstaben und beginnen Sie mit der Herstellung des Schmuckst\u00fccks Ihrer Tr\u00e4ume!<\/p>\n","protected":false},"featured_media":191289,"comment_status":"open","ping_status":"closed","template":"","meta":[],"product_brand":[],"product_cat":[7576,7578],"product_tag":[],"class_list":{"0":"post-191146","1":"product","2":"type-product","3":"status-publish","4":"has-post-thumbnail","6":"product_cat-giovanni-raspini-reize","7":"product_cat-raspini-charms-fur-veranstaltung-de","9":"first","10":"instock","11":"sale","12":"taxable","13":"shipping-taxable","14":"purchasable","15":"product-type-variable","16":"has-default-attributes"},"exclude_global_add_ons":[],"addons":[],"df_price":49.5,"df_sale_price":"","df_regular_price":49.5,"df_image_link":"https:\/\/cdn02.fabioferro.eu\/wp-content\/uploads\/charm-giovanni-raspini-lettera-6065.jpg","_links":{"self":[{"href":"https:\/\/www.fabioferro.eu\/de\/wp-json\/wp\/v2\/product\/191146","targetHints":{"allow":["GET"]}}],"collection":[{"href":"https:\/\/www.fabioferro.eu\/de\/wp-json\/wp\/v2\/product"}],"about":[{"href":"https:\/\/www.fabioferro.eu\/de\/wp-json\/wp\/v2\/types\/product"}],"replies":[{"embeddable":true,"href":"https:\/\/www.fabioferro.eu\/de\/wp-json\/wp\/v2\/comments?post=191146"}],"version-history":[{"count":1,"href":"https:\/\/www.fabioferro.eu\/de\/wp-json\/wp\/v2\/product\/191146\/revisions"}],"predecessor-version":[{"id":192856,"href":"https:\/\/www.fabioferro.eu\/de\/wp-json\/wp\/v2\/product\/191146\/revisions\/192856"}],"wp:featuredmedia":[{"embeddable":true,"href":"https:\/\/www.fabioferro.eu\/de\/wp-json\/wp\/v2\/media\/191289"}],"wp:attachment":[{"href":"https:\/\/www.fabioferro.eu\/de\/wp-json\/wp\/v2\/media?parent=191146"}],"wp:term":[{"taxonomy":"product_brand","embeddable":true,"href":"https:\/\/www.fabioferro.eu\/de\/wp-json\/wp\/v2\/product_brand?post=191146"},{"taxonomy":"product_cat","embeddable":true,"href":"https:\/\/www.fabioferro.eu\/de\/wp-json\/wp\/v2\/product_cat?post=191146"},{"taxonomy":"product_tag","embeddable":true,"href":"https:\/\/www.fabioferro.eu\/de\/wp-json\/wp\/v2\/product_tag?post=191146"}],"curies":[{"name":"wp","href":"https:\/\/api.w.org\/{rel}","templated":true}]}}