{"id":191217,"date":"2025-08-02T11:43:42","date_gmt":"2025-08-02T09:43:42","guid":{"rendered":"https:\/\/www.fabioferro.eu\/?post_type=product&#038;p=191217.html"},"modified":"2025-10-25T15:59:46","modified_gmt":"2025-10-25T13:59:46","slug":"charme-giovanni-raspini-brief-juliet-2","status":"publish","type":"product","link":"https:\/\/www.fabioferro.eu\/de\/charme-giovanni-raspini-brief-juliet-2.html","title":{"rendered":"Charme Giovanni Raspini Brief Juliet"},"content":{"rendered":"<p>Anh\u00e4nger mit Anfangsbuchstaben, handgefertigt aus 925er Silber, H\u00f6he 1,2 cm, ohne das obere Glied von 0,8 cm, hergestellt in Italien, mit Verpackung und offizieller Garantie von Giovanni Raspini.<\/p>\n","protected":false},"excerpt":{"rendered":"<p>W\u00e4hlen Sie Ihren Anfangsbuchstaben und beginnen Sie mit der Herstellung des Schmuckst\u00fccks Ihrer Tr\u00e4ume!<\/p>\n","protected":false},"featured_media":120054,"comment_status":"open","ping_status":"closed","template":"","meta":[],"product_brand":[155],"product_cat":[5999,6000],"product_tag":[],"class_list":{"0":"post-191217","1":"product","2":"type-product","3":"status-publish","4":"has-post-thumbnail","6":"product_brand-raspini","7":"product_cat-raspini-anhaenger","8":"product_cat-raspini-charms-fur-veranstaltung","10":"first","11":"instock","12":"sale","13":"taxable","14":"shipping-taxable","15":"purchasable","16":"product-type-variable","17":"has-default-attributes"},"exclude_global_add_ons":[],"addons":[],"df_price":31.5,"df_sale_price":"","df_regular_price":31.5,"df_image_link":"https:\/\/cdn02.fabioferro.eu\/wp-content\/uploads\/virtuemart\/product\/10720__1572081823_536.jpg","_links":{"self":[{"href":"https:\/\/www.fabioferro.eu\/de\/wp-json\/wp\/v2\/product\/191217","targetHints":{"allow":["GET"]}}],"collection":[{"href":"https:\/\/www.fabioferro.eu\/de\/wp-json\/wp\/v2\/product"}],"about":[{"href":"https:\/\/www.fabioferro.eu\/de\/wp-json\/wp\/v2\/types\/product"}],"replies":[{"embeddable":true,"href":"https:\/\/www.fabioferro.eu\/de\/wp-json\/wp\/v2\/comments?post=191217"}],"version-history":[{"count":2,"href":"https:\/\/www.fabioferro.eu\/de\/wp-json\/wp\/v2\/product\/191217\/revisions"}],"predecessor-version":[{"id":199863,"href":"https:\/\/www.fabioferro.eu\/de\/wp-json\/wp\/v2\/product\/191217\/revisions\/199863"}],"wp:featuredmedia":[{"embeddable":true,"href":"https:\/\/www.fabioferro.eu\/de\/wp-json\/wp\/v2\/media\/120054"}],"wp:attachment":[{"href":"https:\/\/www.fabioferro.eu\/de\/wp-json\/wp\/v2\/media?parent=191217"}],"wp:term":[{"taxonomy":"product_brand","embeddable":true,"href":"https:\/\/www.fabioferro.eu\/de\/wp-json\/wp\/v2\/product_brand?post=191217"},{"taxonomy":"product_cat","embeddable":true,"href":"https:\/\/www.fabioferro.eu\/de\/wp-json\/wp\/v2\/product_cat?post=191217"},{"taxonomy":"product_tag","embeddable":true,"href":"https:\/\/www.fabioferro.eu\/de\/wp-json\/wp\/v2\/product_tag?post=191217"}],"curies":[{"name":"wp","href":"https:\/\/api.w.org\/{rel}","templated":true}]}}