{"id":192319,"date":"2025-08-06T12:44:05","date_gmt":"2025-08-06T10:44:05","guid":{"rendered":"https:\/\/www.fabioferro.eu\/diffusor-giovanni-raspini-farfalle-grande-500-ml-iris-powder-in-weiss-bronze.html"},"modified":"2025-08-06T12:44:05","modified_gmt":"2025-08-06T10:44:05","slug":"diffusor-giovanni-raspini-farfalle-grande-500-ml-iris-powder-in-weiss-bronze","status":"publish","type":"product","link":"https:\/\/www.fabioferro.eu\/de\/diffusor-giovanni-raspini-farfalle-grande-500-ml-iris-powder-in-weiss-bronze.html","title":{"rendered":"Diffusor Giovanni Raspini Farfalle Grande 500 ml &#8220;Iris Powder&#8221; in Wei\u00df Bronze"},"content":{"rendered":"<p class=\"p1\">500 ml Glas und Diffusor aus wei\u00dfer Bronze.<\/p>\n<p class=\"p2\">Zarte Komposition, inspiriert von der leichten Eleganz der Schmetterlinge.<\/p>\n<p class=\"p2\">Raffinierter Iris-Puderduft.<\/p>\n<p class=\"p2\">Handgefertigt in Italien aus hochwertigen Materialien.<\/p>\n<p class=\"p2\">Wird mit Originalverpackung und Giovanni Raspini-Garantie geliefert.<\/p>\n","protected":false},"excerpt":{"rendered":"<p>Parf\u00fcmieren Sie Ihr B\u00fcro, Ihr Zuhause oder Ihr Arbeitszimmer mit Giovanni Raspini, Sie werden nicht entt\u00e4uscht sein.<\/p>\n","protected":false},"featured_media":191642,"comment_status":"open","ping_status":"closed","template":"","meta":[],"product_brand":[155],"product_cat":[15],"product_tag":[],"class_list":{"0":"post-192319","1":"product","2":"type-product","3":"status-publish","4":"has-post-thumbnail","6":"product_brand-raspini","7":"product_cat-senza-categoria","9":"first","10":"instock","11":"sale","12":"taxable","13":"shipping-taxable","14":"purchasable","15":"product-type-simple"},"exclude_global_add_ons":[],"addons":[],"df_price":207,"df_sale_price":207,"df_regular_price":230,"df_image_link":"https:\/\/cdn02.fabioferro.eu\/wp-content\/uploads\/diffusore-giovanni-raspini-farfalle-grande.jpg","_links":{"self":[{"href":"https:\/\/www.fabioferro.eu\/de\/wp-json\/wp\/v2\/product\/192319","targetHints":{"allow":["GET"]}}],"collection":[{"href":"https:\/\/www.fabioferro.eu\/de\/wp-json\/wp\/v2\/product"}],"about":[{"href":"https:\/\/www.fabioferro.eu\/de\/wp-json\/wp\/v2\/types\/product"}],"replies":[{"embeddable":true,"href":"https:\/\/www.fabioferro.eu\/de\/wp-json\/wp\/v2\/comments?post=192319"}],"version-history":[{"count":0,"href":"https:\/\/www.fabioferro.eu\/de\/wp-json\/wp\/v2\/product\/192319\/revisions"}],"wp:featuredmedia":[{"embeddable":true,"href":"https:\/\/www.fabioferro.eu\/de\/wp-json\/wp\/v2\/media\/191642"}],"wp:attachment":[{"href":"https:\/\/www.fabioferro.eu\/de\/wp-json\/wp\/v2\/media?parent=192319"}],"wp:term":[{"taxonomy":"product_brand","embeddable":true,"href":"https:\/\/www.fabioferro.eu\/de\/wp-json\/wp\/v2\/product_brand?post=192319"},{"taxonomy":"product_cat","embeddable":true,"href":"https:\/\/www.fabioferro.eu\/de\/wp-json\/wp\/v2\/product_cat?post=192319"},{"taxonomy":"product_tag","embeddable":true,"href":"https:\/\/www.fabioferro.eu\/de\/wp-json\/wp\/v2\/product_tag?post=192319"}],"curies":[{"name":"wp","href":"https:\/\/api.w.org\/{rel}","templated":true}]}}