{"id":192368,"date":"2025-08-06T12:40:18","date_gmt":"2025-08-06T10:40:18","guid":{"rendered":"https:\/\/www.fabioferro.eu\/cleo-schokoladengelbes-armband.html"},"modified":"2025-08-06T12:40:18","modified_gmt":"2025-08-06T10:40:18","slug":"cleo-schokoladengelbes-armband","status":"publish","type":"product","link":"https:\/\/www.fabioferro.eu\/de\/cleo-schokoladengelbes-armband.html","title":{"rendered":"Cleo Schokoladengelbes Armband"},"content":{"rendered":"<p class=\"p1\"><span class=\"s1\">Gelbgoldarmband mit wei\u00dfen Zirkonia<\/span>, die in eleganten geometrischen Modulen angeordnet sind, die an die Form von feinen Schokoladentafeln erinnern.<\/p>\n<p class=\"p1\">Originelles und modernes Design, entworfen f\u00fcr alle, die ein unverwechselbares und leuchtendes Schmuckst\u00fcck suchen.<\/p>\n<p class=\"p1\">Die Gesamtgr\u00f6\u00dfe des Schmuckst\u00fccks betr\u00e4gt 19 cm.<\/p>\n<p class=\"p1\">Meisterhaft in Italien gefertigt, ein authentischer Ausdruck von Made in Italy.<\/p>\n<p class=\"p1\">Kundenspezifische Versionen sind auf Anfrage ebenfalls erh\u00e4ltlich, mit einer Vorlaufzeit von etwa 20 Tagen.<\/p>\n<p class=\"p1\">Wird in der offiziellen Verpackung und mit einer Echtheitsgarantie geliefert.<\/p>\n","protected":false},"excerpt":{"rendered":"<p class=\"p1\">Ein Armband f\u00fcr alle, die Sch\u00f6nheit ohne \u00dcberma\u00df lieben.<\/p>\n","protected":false},"featured_media":189632,"comment_status":"open","ping_status":"closed","template":"","meta":[],"product_brand":[7542],"product_cat":[15],"product_tag":[],"class_list":{"0":"post-192368","1":"product","2":"type-product","3":"status-publish","4":"has-post-thumbnail","6":"product_brand-cleo","7":"product_cat-senza-categoria","9":"first","10":"instock","11":"taxable","12":"shipping-taxable","13":"product-type-simple"},"exclude_global_add_ons":[],"addons":[],"df_price":"","df_sale_price":"","df_regular_price":"","df_image_link":"https:\/\/cdn02.fabioferro.eu\/wp-content\/uploads\/bracciale-cleo-chocolate-giallo-fg14.jpg","_links":{"self":[{"href":"https:\/\/www.fabioferro.eu\/de\/wp-json\/wp\/v2\/product\/192368","targetHints":{"allow":["GET"]}}],"collection":[{"href":"https:\/\/www.fabioferro.eu\/de\/wp-json\/wp\/v2\/product"}],"about":[{"href":"https:\/\/www.fabioferro.eu\/de\/wp-json\/wp\/v2\/types\/product"}],"replies":[{"embeddable":true,"href":"https:\/\/www.fabioferro.eu\/de\/wp-json\/wp\/v2\/comments?post=192368"}],"version-history":[{"count":0,"href":"https:\/\/www.fabioferro.eu\/de\/wp-json\/wp\/v2\/product\/192368\/revisions"}],"wp:featuredmedia":[{"embeddable":true,"href":"https:\/\/www.fabioferro.eu\/de\/wp-json\/wp\/v2\/media\/189632"}],"wp:attachment":[{"href":"https:\/\/www.fabioferro.eu\/de\/wp-json\/wp\/v2\/media?parent=192368"}],"wp:term":[{"taxonomy":"product_brand","embeddable":true,"href":"https:\/\/www.fabioferro.eu\/de\/wp-json\/wp\/v2\/product_brand?post=192368"},{"taxonomy":"product_cat","embeddable":true,"href":"https:\/\/www.fabioferro.eu\/de\/wp-json\/wp\/v2\/product_cat?post=192368"},{"taxonomy":"product_tag","embeddable":true,"href":"https:\/\/www.fabioferro.eu\/de\/wp-json\/wp\/v2\/product_tag?post=192368"}],"curies":[{"name":"wp","href":"https:\/\/api.w.org\/{rel}","templated":true}]}}