{"id":192376,"date":"2025-08-06T12:40:15","date_gmt":"2025-08-06T10:40:15","guid":{"rendered":"https:\/\/www.fabioferro.eu\/cleo-dreiecke-armband-gelb.html"},"modified":"2025-08-06T12:40:15","modified_gmt":"2025-08-06T10:40:15","slug":"cleo-dreiecke-armband-gelb","status":"publish","type":"product","link":"https:\/\/www.fabioferro.eu\/de\/cleo-dreiecke-armband-gelb.html","title":{"rendered":"Cleo Dreiecke Armband Gelb"},"content":{"rendered":"<p class=\"p1\">Gelbgoldarmband mit dreieckigen Verzierungen entlang der Kette<span class=\"s1\">, verziert mit wei\u00dfen Zirkonen in einem der Dreiecke.<\/span><\/p>\n<p class=\"p2\">Modernes und raffiniertes Design, das jedes Handgelenk mit einem Hauch von elegantem Licht aufwertet.<\/p>\n<p class=\"p2\">Verstellbare Gr\u00f6\u00dfe: 16 cm mit 2 cm Verl\u00e4ngerung f\u00fcr eine individuelle und bequeme Passform.<\/p>\n<p class=\"p2\">Vollst\u00e4ndig in Italien hergestellt, authentisch Made in Italy.<\/p>\n<p class=\"p2\">Ma\u00dfgeschneiderte Versionen sind auf Anfrage erh\u00e4ltlich, mit einer Produktionszeit von etwa 20 Tagen.<\/p>\n<p class=\"p2\">Verpackt in der offiziellen Schachtel und begleitet von einem Garantiezertifikat.<\/p>\n","protected":false},"excerpt":{"rendered":"<p class=\"p1\">Eine Kreation, die bei jeder Gelegenheit Geschmack und Ma\u00df zum Ausdruck bringt.<\/p>\n","protected":false},"featured_media":189641,"comment_status":"open","ping_status":"closed","template":"","meta":[],"product_brand":[7542],"product_cat":[15],"product_tag":[],"class_list":{"0":"post-192376","1":"product","2":"type-product","3":"status-publish","4":"has-post-thumbnail","6":"product_brand-cleo","7":"product_cat-senza-categoria","9":"first","10":"instock","11":"taxable","12":"shipping-taxable","13":"product-type-simple"},"exclude_global_add_ons":[],"addons":[],"df_price":"","df_sale_price":"","df_regular_price":"","df_image_link":"https:\/\/cdn02.fabioferro.eu\/wp-content\/uploads\/bracciale-cleo-triangoli-giallo-fg17.jpg","_links":{"self":[{"href":"https:\/\/www.fabioferro.eu\/de\/wp-json\/wp\/v2\/product\/192376","targetHints":{"allow":["GET"]}}],"collection":[{"href":"https:\/\/www.fabioferro.eu\/de\/wp-json\/wp\/v2\/product"}],"about":[{"href":"https:\/\/www.fabioferro.eu\/de\/wp-json\/wp\/v2\/types\/product"}],"replies":[{"embeddable":true,"href":"https:\/\/www.fabioferro.eu\/de\/wp-json\/wp\/v2\/comments?post=192376"}],"version-history":[{"count":0,"href":"https:\/\/www.fabioferro.eu\/de\/wp-json\/wp\/v2\/product\/192376\/revisions"}],"wp:featuredmedia":[{"embeddable":true,"href":"https:\/\/www.fabioferro.eu\/de\/wp-json\/wp\/v2\/media\/189641"}],"wp:attachment":[{"href":"https:\/\/www.fabioferro.eu\/de\/wp-json\/wp\/v2\/media?parent=192376"}],"wp:term":[{"taxonomy":"product_brand","embeddable":true,"href":"https:\/\/www.fabioferro.eu\/de\/wp-json\/wp\/v2\/product_brand?post=192376"},{"taxonomy":"product_cat","embeddable":true,"href":"https:\/\/www.fabioferro.eu\/de\/wp-json\/wp\/v2\/product_cat?post=192376"},{"taxonomy":"product_tag","embeddable":true,"href":"https:\/\/www.fabioferro.eu\/de\/wp-json\/wp\/v2\/product_tag?post=192376"}],"curies":[{"name":"wp","href":"https:\/\/api.w.org\/{rel}","templated":true}]}}