{"id":192393,"date":"2025-08-06T12:39:17","date_gmt":"2025-08-06T10:39:17","guid":{"rendered":"https:\/\/www.fabioferro.eu\/cleo-armband-mini-gelbe-perlen.html"},"modified":"2025-08-06T12:39:17","modified_gmt":"2025-08-06T10:39:17","slug":"cleo-armband-mini-gelbe-perlen","status":"publish","type":"product","link":"https:\/\/www.fabioferro.eu\/de\/cleo-armband-mini-gelbe-perlen.html","title":{"rendered":"Cleo Armband Mini Gelbe Perlen"},"content":{"rendered":"<p class=\"p1\">Cleo-Armband aus Gelbgold mit hervorragender Verarbeitung.<\/p>\n<p class=\"p1\">Verziert mit wei\u00dfem hydrothermalen Quarz, der dem Handgelenk Raffinesse verleiht.<\/p>\n<p class=\"p1\">Ein elegantes Accessoire, das jeden Stil mit Klasse unterstreicht.<\/p>\n<p class=\"p1\">Vollst\u00e4ndig in Italien von erfahrenen Handwerkern hergestellt, ein Symbol f\u00fcr echtes Made in Italy.<\/p>\n<p class=\"p1\">Auch in kundenspezifischen Gr\u00f6\u00dfen erh\u00e4ltlich, mit einer Vorlaufzeit von etwa 20 Tagen.<\/p>\n<p class=\"p1\">Wird in der offiziellen Cleo-Verpackung und mit einem Garantiezertifikat geliefert.<\/p>\n","protected":false},"excerpt":{"rendered":"<p class=\"p1\">Eine kostbare Kreation, die Stil und Raffinesse ausdr\u00fcckt.<\/p>\n","protected":false},"featured_media":189623,"comment_status":"open","ping_status":"closed","template":"","meta":[],"product_brand":[7542],"product_cat":[15],"product_tag":[],"class_list":{"0":"post-192393","1":"product","2":"type-product","3":"status-publish","4":"has-post-thumbnail","6":"product_brand-cleo","7":"product_cat-senza-categoria","9":"first","10":"instock","11":"taxable","12":"shipping-taxable","13":"product-type-simple"},"exclude_global_add_ons":[],"addons":[],"df_price":"","df_sale_price":"","df_regular_price":"","df_image_link":"https:\/\/cdn02.fabioferro.eu\/wp-content\/uploads\/bracciale-cleo-perle-mini-giallo-fg12.jpg","_links":{"self":[{"href":"https:\/\/www.fabioferro.eu\/de\/wp-json\/wp\/v2\/product\/192393","targetHints":{"allow":["GET"]}}],"collection":[{"href":"https:\/\/www.fabioferro.eu\/de\/wp-json\/wp\/v2\/product"}],"about":[{"href":"https:\/\/www.fabioferro.eu\/de\/wp-json\/wp\/v2\/types\/product"}],"replies":[{"embeddable":true,"href":"https:\/\/www.fabioferro.eu\/de\/wp-json\/wp\/v2\/comments?post=192393"}],"version-history":[{"count":0,"href":"https:\/\/www.fabioferro.eu\/de\/wp-json\/wp\/v2\/product\/192393\/revisions"}],"wp:featuredmedia":[{"embeddable":true,"href":"https:\/\/www.fabioferro.eu\/de\/wp-json\/wp\/v2\/media\/189623"}],"wp:attachment":[{"href":"https:\/\/www.fabioferro.eu\/de\/wp-json\/wp\/v2\/media?parent=192393"}],"wp:term":[{"taxonomy":"product_brand","embeddable":true,"href":"https:\/\/www.fabioferro.eu\/de\/wp-json\/wp\/v2\/product_brand?post=192393"},{"taxonomy":"product_cat","embeddable":true,"href":"https:\/\/www.fabioferro.eu\/de\/wp-json\/wp\/v2\/product_cat?post=192393"},{"taxonomy":"product_tag","embeddable":true,"href":"https:\/\/www.fabioferro.eu\/de\/wp-json\/wp\/v2\/product_tag?post=192393"}],"curies":[{"name":"wp","href":"https:\/\/api.w.org\/{rel}","templated":true}]}}