{"id":192400,"date":"2025-08-06T12:39:14","date_gmt":"2025-08-06T10:39:14","guid":{"rendered":"https:\/\/www.fabioferro.eu\/cleo-prinzessin-ring-weiss.html"},"modified":"2025-08-06T12:39:14","modified_gmt":"2025-08-06T10:39:14","slug":"cleo-prinzessin-ring-weiss","status":"publish","type":"product","link":"https:\/\/www.fabioferro.eu\/de\/cleo-prinzessin-ring-weiss.html","title":{"rendered":"Cleo Prinzessin Ring Wei\u00df"},"content":{"rendered":"<p class=\"p1\">Cleo Ring aus Wei\u00dfgold, mit einem essentiellen und leuchtenden Design.<\/p>\n<p class=\"p1\">Verziert mit einem strahlend wei\u00dfen Zirkonia, der das Licht mit Eleganz einf\u00e4ngt.<\/p>\n<p class=\"p1\">Ideal, um jedem allt\u00e4glichen oder formellen Look einen Hauch von Raffinesse zu verleihen.<\/p>\n<p class=\"p1\">Mit Sorgfalt und Pr\u00e4zision in Italien hergestellt, authentisch Made in Italy.<\/p>\n<p class=\"p1\">Auf Anfrage auch in kundenspezifischen Gr\u00f6\u00dfen erh\u00e4ltlich, mit einer Vorlaufzeit von etwa 20 Tagen.<\/p>\n<p class=\"p1\">Wird in der offiziellen Cleo-Verpackung geliefert und von einer zertifizierten Garantie begleitet.<\/p>\n","protected":false},"excerpt":{"rendered":"<p class=\"p1\">Ein Gleichgewicht von Linien und Licht, das auf den ersten Blick verzaubert.<\/p>\n","protected":false},"featured_media":189617,"comment_status":"open","ping_status":"closed","template":"","meta":[],"product_brand":[7542],"product_cat":[7734],"product_tag":[],"class_list":{"0":"post-192400","1":"product","2":"type-product","3":"status-publish","4":"has-post-thumbnail","6":"product_brand-cleo","7":"product_cat-cleo-ringe","9":"first","10":"instock","11":"sale","12":"taxable","13":"shipping-taxable","14":"purchasable","15":"product-type-variable","16":"has-default-attributes"},"exclude_global_add_ons":[],"addons":[],"df_price":459,"df_sale_price":"","df_regular_price":459,"df_image_link":"https:\/\/cdn02.fabioferro.eu\/wp-content\/uploads\/anello-cleo-princess-bianco-fg11.jpg","_links":{"self":[{"href":"https:\/\/www.fabioferro.eu\/de\/wp-json\/wp\/v2\/product\/192400","targetHints":{"allow":["GET"]}}],"collection":[{"href":"https:\/\/www.fabioferro.eu\/de\/wp-json\/wp\/v2\/product"}],"about":[{"href":"https:\/\/www.fabioferro.eu\/de\/wp-json\/wp\/v2\/types\/product"}],"replies":[{"embeddable":true,"href":"https:\/\/www.fabioferro.eu\/de\/wp-json\/wp\/v2\/comments?post=192400"}],"version-history":[{"count":0,"href":"https:\/\/www.fabioferro.eu\/de\/wp-json\/wp\/v2\/product\/192400\/revisions"}],"wp:featuredmedia":[{"embeddable":true,"href":"https:\/\/www.fabioferro.eu\/de\/wp-json\/wp\/v2\/media\/189617"}],"wp:attachment":[{"href":"https:\/\/www.fabioferro.eu\/de\/wp-json\/wp\/v2\/media?parent=192400"}],"wp:term":[{"taxonomy":"product_brand","embeddable":true,"href":"https:\/\/www.fabioferro.eu\/de\/wp-json\/wp\/v2\/product_brand?post=192400"},{"taxonomy":"product_cat","embeddable":true,"href":"https:\/\/www.fabioferro.eu\/de\/wp-json\/wp\/v2\/product_cat?post=192400"},{"taxonomy":"product_tag","embeddable":true,"href":"https:\/\/www.fabioferro.eu\/de\/wp-json\/wp\/v2\/product_tag?post=192400"}],"curies":[{"name":"wp","href":"https:\/\/api.w.org\/{rel}","templated":true}]}}