{"id":192412,"date":"2025-08-06T12:39:10","date_gmt":"2025-08-06T10:39:10","guid":{"rendered":"https:\/\/www.fabioferro.eu\/cleo-trilogie-gelbe-ohrringe.html"},"modified":"2025-08-06T12:39:10","modified_gmt":"2025-08-06T10:39:10","slug":"cleo-trilogie-gelbe-ohrringe","status":"publish","type":"product","link":"https:\/\/www.fabioferro.eu\/de\/cleo-trilogie-gelbe-ohrringe.html","title":{"rendered":"Cleo Trilogie Gelbe Ohrringe"},"content":{"rendered":"<p class=\"p1\">Cleo-Ohrringe aus Gelbgold, mit einem schlichten und eleganten Design.<\/p>\n<p class=\"p1\">Verziert mit drei wei\u00dfen Zirkonia, verleihen sie einen Hauch von raffiniertem Licht.<\/p>\n<p class=\"p1\">Ideal, um jeden Look mit dezenter Brillanz und zeitlosem Stil zu unterstreichen.<\/p>\n<p class=\"p1\">Vollst\u00e4ndig in Italien hergestellt, eine Garantie f\u00fcr Qualit\u00e4t und authentisches Made in Italy.<\/p>\n<p class=\"p1\">Ma\u00dfgeschneiderte Versionen sind auf Anfrage erh\u00e4ltlich, mit einer Produktionszeit von etwa 20 Tagen.<\/p>\n<p class=\"p1\">Wird in der offiziellen Cleo-Verpackung und mit einem Garantiezertifikat geliefert.<\/p>\n","protected":false},"excerpt":{"rendered":"<p class=\"p1\">Eine Wahl der Sch\u00f6nheit, die \u00fcber die Mode hinausgeht.<\/p>\n","protected":false},"featured_media":189869,"comment_status":"open","ping_status":"closed","template":"","meta":[],"product_brand":[7542],"product_cat":[15],"product_tag":[],"class_list":{"0":"post-192412","1":"product","2":"type-product","3":"status-publish","4":"has-post-thumbnail","6":"product_brand-cleo","7":"product_cat-senza-categoria","9":"first","10":"instock","11":"taxable","12":"shipping-taxable","13":"product-type-simple"},"exclude_global_add_ons":[],"addons":[],"df_price":"","df_sale_price":"","df_regular_price":"","df_image_link":"https:\/\/cdn02.fabioferro.eu\/wp-content\/uploads\/orecchini-cleo-trilogy-gialli-fg49.jpg","_links":{"self":[{"href":"https:\/\/www.fabioferro.eu\/de\/wp-json\/wp\/v2\/product\/192412","targetHints":{"allow":["GET"]}}],"collection":[{"href":"https:\/\/www.fabioferro.eu\/de\/wp-json\/wp\/v2\/product"}],"about":[{"href":"https:\/\/www.fabioferro.eu\/de\/wp-json\/wp\/v2\/types\/product"}],"replies":[{"embeddable":true,"href":"https:\/\/www.fabioferro.eu\/de\/wp-json\/wp\/v2\/comments?post=192412"}],"version-history":[{"count":0,"href":"https:\/\/www.fabioferro.eu\/de\/wp-json\/wp\/v2\/product\/192412\/revisions"}],"wp:featuredmedia":[{"embeddable":true,"href":"https:\/\/www.fabioferro.eu\/de\/wp-json\/wp\/v2\/media\/189869"}],"wp:attachment":[{"href":"https:\/\/www.fabioferro.eu\/de\/wp-json\/wp\/v2\/media?parent=192412"}],"wp:term":[{"taxonomy":"product_brand","embeddable":true,"href":"https:\/\/www.fabioferro.eu\/de\/wp-json\/wp\/v2\/product_brand?post=192412"},{"taxonomy":"product_cat","embeddable":true,"href":"https:\/\/www.fabioferro.eu\/de\/wp-json\/wp\/v2\/product_cat?post=192412"},{"taxonomy":"product_tag","embeddable":true,"href":"https:\/\/www.fabioferro.eu\/de\/wp-json\/wp\/v2\/product_tag?post=192412"}],"curies":[{"name":"wp","href":"https:\/\/api.w.org\/{rel}","templated":true}]}}