{"id":192425,"date":"2025-08-06T12:32:38","date_gmt":"2025-08-06T10:32:38","guid":{"rendered":"https:\/\/www.fabioferro.eu\/cleo-mini-hellrosa-ring.html"},"modified":"2025-08-06T12:32:38","modified_gmt":"2025-08-06T10:32:38","slug":"cleo-mini-hellrosa-ring","status":"publish","type":"product","link":"https:\/\/www.fabioferro.eu\/de\/cleo-mini-hellrosa-ring.html","title":{"rendered":"Cleo Mini Hellrosa Ring"},"content":{"rendered":"<p class=\"p1\">Cleo Ring aus Ros\u00e9gold, mit einem raffinierten und modernen Design.<\/p>\n<p class=\"p1\">Wei\u00dfe Zirkone verleihen dem Schmuck ein brillantes und raffiniertes Licht.<\/p>\n<p class=\"p1\">Perfekt f\u00fcr alle, die sich bei jeder Gelegenheit einen Hauch von diskreter Eleganz w\u00fcnschen.<\/p>\n<p class=\"p1\">Vollst\u00e4ndig in Italien hergestellt, ein authentisches Beispiel f\u00fcr Qualit\u00e4t Made in Italy.<\/p>\n<p class=\"p1\">Auf Anfrage in kundenspezifischen Gr\u00f6\u00dfen mit einer Produktionszeit von ca. 20 Tagen erh\u00e4ltlich.<\/p>\n<p class=\"p1\">Verpackt in der offiziellen Cleo-Box, begleitet von einem Garantiezertifikat.<\/p>\n","protected":false},"excerpt":{"rendered":"<p class=\"p1\">Ein Gleichgewicht von Linien und Licht, das auf den ersten Blick verzaubert.<\/p>\n","protected":false},"featured_media":189587,"comment_status":"open","ping_status":"closed","template":"","meta":[],"product_brand":[7542],"product_cat":[7734],"product_tag":[],"class_list":{"0":"post-192425","1":"product","2":"type-product","3":"status-publish","4":"has-post-thumbnail","6":"product_brand-cleo","7":"product_cat-cleo-ringe","9":"first","10":"instock","11":"sale","12":"taxable","13":"shipping-taxable","14":"purchasable","15":"product-type-variable","16":"has-default-attributes"},"exclude_global_add_ons":[],"addons":[],"df_price":387,"df_sale_price":"","df_regular_price":387,"df_image_link":"https:\/\/cdn02.fabioferro.eu\/wp-content\/uploads\/anello-cleo-luce-rosa-piccolo-fg6.jpg","_links":{"self":[{"href":"https:\/\/www.fabioferro.eu\/de\/wp-json\/wp\/v2\/product\/192425","targetHints":{"allow":["GET"]}}],"collection":[{"href":"https:\/\/www.fabioferro.eu\/de\/wp-json\/wp\/v2\/product"}],"about":[{"href":"https:\/\/www.fabioferro.eu\/de\/wp-json\/wp\/v2\/types\/product"}],"replies":[{"embeddable":true,"href":"https:\/\/www.fabioferro.eu\/de\/wp-json\/wp\/v2\/comments?post=192425"}],"version-history":[{"count":0,"href":"https:\/\/www.fabioferro.eu\/de\/wp-json\/wp\/v2\/product\/192425\/revisions"}],"wp:featuredmedia":[{"embeddable":true,"href":"https:\/\/www.fabioferro.eu\/de\/wp-json\/wp\/v2\/media\/189587"}],"wp:attachment":[{"href":"https:\/\/www.fabioferro.eu\/de\/wp-json\/wp\/v2\/media?parent=192425"}],"wp:term":[{"taxonomy":"product_brand","embeddable":true,"href":"https:\/\/www.fabioferro.eu\/de\/wp-json\/wp\/v2\/product_brand?post=192425"},{"taxonomy":"product_cat","embeddable":true,"href":"https:\/\/www.fabioferro.eu\/de\/wp-json\/wp\/v2\/product_cat?post=192425"},{"taxonomy":"product_tag","embeddable":true,"href":"https:\/\/www.fabioferro.eu\/de\/wp-json\/wp\/v2\/product_tag?post=192425"}],"curies":[{"name":"wp","href":"https:\/\/api.w.org\/{rel}","templated":true}]}}