{"id":192453,"date":"2025-08-06T12:32:38","date_gmt":"2025-08-06T10:32:38","guid":{"rendered":"https:\/\/www.fabioferro.eu\/cleo-tropfen-des-lichts-halskette.html"},"modified":"2025-08-06T12:32:38","modified_gmt":"2025-08-06T10:32:38","slug":"cleo-tropfen-des-lichts-halskette","status":"publish","type":"product","link":"https:\/\/www.fabioferro.eu\/de\/cleo-tropfen-des-lichts-halskette.html","title":{"rendered":"Cleo Tropfen des Lichts Halskette"},"content":{"rendered":"<p class=\"p1\">Cleo Halskette aus Gelbgold mit zeitloser Eleganz.<\/p>\n<p class=\"p1\">Der tropfenf\u00f6rmige Anh\u00e4nger besteht aus einem zentralen wei\u00dfen Zirkonia, der von kleineren Zirkonia umgeben ist, die seine Brillanz verst\u00e4rken.<\/p>\n<p class=\"p1\">Die Gesamtl\u00e4nge der Halskette betr\u00e4gt 42 cm.<\/p>\n<p class=\"p1\">Hergestellt in Italien von Meisterhandwerkern.<\/p>\n<p class=\"p1\">Die Gr\u00f6\u00dfe kann auf Anfrage angepasst werden, mit einer Vorlaufzeit von etwa 20 Tagen.<\/p>\n<p class=\"p1\">Wird in einer speziellen Verpackung mit Qualit\u00e4tszertifikat geliefert.<\/p>\n","protected":false},"excerpt":{"rendered":"<p class=\"p1\">Eine Halskette, die sich zart abhebt und eine perfekte Balance widerspiegelt.<\/p>\n","protected":false},"featured_media":189755,"comment_status":"open","ping_status":"closed","template":"","meta":[],"product_brand":[7542],"product_cat":[15],"product_tag":[],"class_list":{"0":"post-192453","1":"product","2":"type-product","3":"status-publish","4":"has-post-thumbnail","6":"product_brand-cleo","7":"product_cat-senza-categoria","9":"first","10":"instock","11":"taxable","12":"shipping-taxable","13":"product-type-simple"},"exclude_global_add_ons":[],"addons":[],"df_price":"","df_sale_price":"","df_regular_price":"","df_image_link":"https:\/\/cdn02.fabioferro.eu\/wp-content\/uploads\/collana-goccia-di-luce-fg82.jpg","_links":{"self":[{"href":"https:\/\/www.fabioferro.eu\/de\/wp-json\/wp\/v2\/product\/192453","targetHints":{"allow":["GET"]}}],"collection":[{"href":"https:\/\/www.fabioferro.eu\/de\/wp-json\/wp\/v2\/product"}],"about":[{"href":"https:\/\/www.fabioferro.eu\/de\/wp-json\/wp\/v2\/types\/product"}],"replies":[{"embeddable":true,"href":"https:\/\/www.fabioferro.eu\/de\/wp-json\/wp\/v2\/comments?post=192453"}],"version-history":[{"count":0,"href":"https:\/\/www.fabioferro.eu\/de\/wp-json\/wp\/v2\/product\/192453\/revisions"}],"wp:featuredmedia":[{"embeddable":true,"href":"https:\/\/www.fabioferro.eu\/de\/wp-json\/wp\/v2\/media\/189755"}],"wp:attachment":[{"href":"https:\/\/www.fabioferro.eu\/de\/wp-json\/wp\/v2\/media?parent=192453"}],"wp:term":[{"taxonomy":"product_brand","embeddable":true,"href":"https:\/\/www.fabioferro.eu\/de\/wp-json\/wp\/v2\/product_brand?post=192453"},{"taxonomy":"product_cat","embeddable":true,"href":"https:\/\/www.fabioferro.eu\/de\/wp-json\/wp\/v2\/product_cat?post=192453"},{"taxonomy":"product_tag","embeddable":true,"href":"https:\/\/www.fabioferro.eu\/de\/wp-json\/wp\/v2\/product_tag?post=192453"}],"curies":[{"name":"wp","href":"https:\/\/api.w.org\/{rel}","templated":true}]}}