{"id":192457,"date":"2025-08-06T12:32:43","date_gmt":"2025-08-06T10:32:43","guid":{"rendered":"https:\/\/www.fabioferro.eu\/cleo-mini-punto-luce-halskette.html"},"modified":"2025-08-06T12:32:43","modified_gmt":"2025-08-06T10:32:43","slug":"cleo-mini-punto-luce-halskette","status":"publish","type":"product","link":"https:\/\/www.fabioferro.eu\/de\/cleo-mini-punto-luce-halskette.html","title":{"rendered":"Cleo Mini Punto Luce Halskette"},"content":{"rendered":"<p class=\"p1\">Cleo Halskette aus Wei\u00dfgold mit zartem und essentiellem Geschmack.<\/p>\n<p class=\"p1\">In der Mitte ist ein kleiner wei\u00dfer Zirkonia-Lichtpunkt pr\u00e4zise eingesetzt.<\/p>\n<p class=\"p1\">Ein diskretes und leuchtendes Schmuckst\u00fcck, perfekt f\u00fcr das t\u00e4gliche Tragen.<\/p>\n<p class=\"p1\">Die Gesamtl\u00e4nge der Halskette betr\u00e4gt 42 cm.<\/p>\n<p class=\"p1\">Hergestellt in Italien mit ausgew\u00e4hlten Materialien und sorgf\u00e4ltiger Verarbeitung.<\/p>\n<p class=\"p1\">Die Gr\u00f6\u00dfe kann auf Anfrage angepasst werden, mit einer Vorlaufzeit von etwa 20 Tagen.<\/p>\n<p class=\"p1\">Wird in der Originalverpackung und mit Echtheitszertifikat geliefert.<\/p>\n","protected":false},"excerpt":{"rendered":"<p class=\"p1\">Eine Kreation, die durch ihren wesentlichen Charakter hervorsticht.<\/p>\n","protected":false},"featured_media":189761,"comment_status":"open","ping_status":"closed","template":"","meta":[],"product_brand":[7542],"product_cat":[15],"product_tag":[],"class_list":{"0":"post-192457","1":"product","2":"type-product","3":"status-publish","4":"has-post-thumbnail","6":"product_brand-cleo","7":"product_cat-senza-categoria","9":"first","10":"instock","11":"taxable","12":"shipping-taxable","13":"product-type-simple"},"exclude_global_add_ons":[],"addons":[],"df_price":"","df_sale_price":"","df_regular_price":"","df_image_link":"https:\/\/cdn02.fabioferro.eu\/wp-content\/uploads\/collana-cleo-mini-punto-luce-fg84.jpg","_links":{"self":[{"href":"https:\/\/www.fabioferro.eu\/de\/wp-json\/wp\/v2\/product\/192457","targetHints":{"allow":["GET"]}}],"collection":[{"href":"https:\/\/www.fabioferro.eu\/de\/wp-json\/wp\/v2\/product"}],"about":[{"href":"https:\/\/www.fabioferro.eu\/de\/wp-json\/wp\/v2\/types\/product"}],"replies":[{"embeddable":true,"href":"https:\/\/www.fabioferro.eu\/de\/wp-json\/wp\/v2\/comments?post=192457"}],"version-history":[{"count":0,"href":"https:\/\/www.fabioferro.eu\/de\/wp-json\/wp\/v2\/product\/192457\/revisions"}],"wp:featuredmedia":[{"embeddable":true,"href":"https:\/\/www.fabioferro.eu\/de\/wp-json\/wp\/v2\/media\/189761"}],"wp:attachment":[{"href":"https:\/\/www.fabioferro.eu\/de\/wp-json\/wp\/v2\/media?parent=192457"}],"wp:term":[{"taxonomy":"product_brand","embeddable":true,"href":"https:\/\/www.fabioferro.eu\/de\/wp-json\/wp\/v2\/product_brand?post=192457"},{"taxonomy":"product_cat","embeddable":true,"href":"https:\/\/www.fabioferro.eu\/de\/wp-json\/wp\/v2\/product_cat?post=192457"},{"taxonomy":"product_tag","embeddable":true,"href":"https:\/\/www.fabioferro.eu\/de\/wp-json\/wp\/v2\/product_tag?post=192457"}],"curies":[{"name":"wp","href":"https:\/\/api.w.org\/{rel}","templated":true}]}}