{"id":192482,"date":"2025-08-06T12:31:49","date_gmt":"2025-08-06T10:31:49","guid":{"rendered":"https:\/\/www.fabioferro.eu\/cleo-weisse-pfirsichblueten-halskette.html"},"modified":"2025-08-06T12:31:49","modified_gmt":"2025-08-06T10:31:49","slug":"cleo-weisse-pfirsichblueten-halskette","status":"publish","type":"product","link":"https:\/\/www.fabioferro.eu\/de\/cleo-weisse-pfirsichblueten-halskette.html","title":{"rendered":"Cleo Wei\u00dfe Pfirsichbl\u00fcten Halskette"},"content":{"rendered":"<p class=\"p1\">Halskette aus Wei\u00dfgold mit einem von einer Pfirsichbl\u00fcte inspirierten Anh\u00e4nger, verziert mit wei\u00dfen Zirkonia.<\/p>\n<p class=\"p2\">Diese elegante und leichte Halskette ist f\u00fcr alle gedacht, die nat\u00fcrliche und essentielle Details lieben.<\/p>\n<p class=\"p2\">Er besteht aus 18 Karat Wei\u00dfgold und ist mit Zirkonia verziert, die aufgrund ihrer Brillanz und Transparenz ausgew\u00e4hlt wurden.<\/p>\n<p class=\"p2\">Gesamtl\u00e4nge der Halskette: 42 cm.<\/p>\n<p class=\"p2\">Ein vollst\u00e4ndig in Italien hergestelltes Schmuckst\u00fcck, eine Garantie f\u00fcr Qualit\u00e4t und Handwerkskunst.<\/p>\n<p class=\"p2\">Die Gr\u00f6\u00dfe kann auf Anfrage individuell angepasst werden, mit einer gesch\u00e4tzten Vorlaufzeit von etwa 20 Tagen.<\/p>\n<p class=\"p2\">Wird in einer eleganten Verpackung mit Echtheitszertifikat geliefert.<\/p>\n","protected":false},"excerpt":{"rendered":"<p class=\"p1\">Eine sorgf\u00e4ltig konzipierte Verbindung zwischen Licht und Materie.<\/p>\n","protected":false},"featured_media":189704,"comment_status":"open","ping_status":"closed","template":"","meta":[],"product_brand":[7542],"product_cat":[15],"product_tag":[],"class_list":{"0":"post-192482","1":"product","2":"type-product","3":"status-publish","4":"has-post-thumbnail","6":"product_brand-cleo","7":"product_cat-senza-categoria","9":"first","10":"instock","11":"taxable","12":"shipping-taxable","13":"product-type-simple"},"exclude_global_add_ons":[],"addons":[],"df_price":"","df_sale_price":"","df_regular_price":"","df_image_link":"https:\/\/cdn02.fabioferro.eu\/wp-content\/uploads\/collana-cleo-fiore-di-pesco-bianca-fg40.jpg","_links":{"self":[{"href":"https:\/\/www.fabioferro.eu\/de\/wp-json\/wp\/v2\/product\/192482","targetHints":{"allow":["GET"]}}],"collection":[{"href":"https:\/\/www.fabioferro.eu\/de\/wp-json\/wp\/v2\/product"}],"about":[{"href":"https:\/\/www.fabioferro.eu\/de\/wp-json\/wp\/v2\/types\/product"}],"replies":[{"embeddable":true,"href":"https:\/\/www.fabioferro.eu\/de\/wp-json\/wp\/v2\/comments?post=192482"}],"version-history":[{"count":0,"href":"https:\/\/www.fabioferro.eu\/de\/wp-json\/wp\/v2\/product\/192482\/revisions"}],"wp:featuredmedia":[{"embeddable":true,"href":"https:\/\/www.fabioferro.eu\/de\/wp-json\/wp\/v2\/media\/189704"}],"wp:attachment":[{"href":"https:\/\/www.fabioferro.eu\/de\/wp-json\/wp\/v2\/media?parent=192482"}],"wp:term":[{"taxonomy":"product_brand","embeddable":true,"href":"https:\/\/www.fabioferro.eu\/de\/wp-json\/wp\/v2\/product_brand?post=192482"},{"taxonomy":"product_cat","embeddable":true,"href":"https:\/\/www.fabioferro.eu\/de\/wp-json\/wp\/v2\/product_cat?post=192482"},{"taxonomy":"product_tag","embeddable":true,"href":"https:\/\/www.fabioferro.eu\/de\/wp-json\/wp\/v2\/product_tag?post=192482"}],"curies":[{"name":"wp","href":"https:\/\/api.w.org\/{rel}","templated":true}]}}