{"id":192495,"date":"2025-08-06T12:32:17","date_gmt":"2025-08-06T10:32:17","guid":{"rendered":"https:\/\/www.fabioferro.eu\/cleo-dot-light-zwiebel-gelbe-halskette.html"},"modified":"2025-08-06T12:32:17","modified_gmt":"2025-08-06T10:32:17","slug":"cleo-dot-light-zwiebel-gelbe-halskette","status":"publish","type":"product","link":"https:\/\/www.fabioferro.eu\/de\/cleo-dot-light-zwiebel-gelbe-halskette.html","title":{"rendered":"Cleo Dot Light Zwiebel Gelbe Halskette"},"content":{"rendered":"<p class=\"p1\">Gelbgoldene Cleo-Halskette mit elegantem Zwiebel-Anh\u00e4nger.<\/p>\n<p class=\"p1\">In der Mitte ist ein wei\u00dfer Zirkonia gefasst, der dem Schmuckst\u00fcck Licht und Raffinesse verleiht.<\/p>\n<p class=\"p1\">Die Gesamtl\u00e4nge der Halskette betr\u00e4gt 42 cm.<\/p>\n<p class=\"p1\">Hergestellt aus hochwertigen Materialien, Made in Italy.<\/p>\n<p class=\"p1\">Ma\u00dfgeschneiderte Gr\u00f6\u00dfen auf Anfrage, mit einer Vorlaufzeit von ca. 20 Tagen.<\/p>\n<p class=\"p1\">Wird mit Garantiezertifikat geliefert.<\/p>\n","protected":false},"excerpt":{"rendered":"<p class=\"p1\">Eine Halskette, die Sie mit Diskretion begleiten wird.<\/p>\n","protected":false},"featured_media":189788,"comment_status":"open","ping_status":"closed","template":"","meta":[],"product_brand":[7542],"product_cat":[15],"product_tag":[],"class_list":{"0":"post-192495","1":"product","2":"type-product","3":"status-publish","4":"has-post-thumbnail","6":"product_brand-cleo","7":"product_cat-senza-categoria","9":"first","10":"instock","11":"taxable","12":"shipping-taxable","13":"product-type-simple"},"exclude_global_add_ons":[],"addons":[],"df_price":"","df_sale_price":"","df_regular_price":"","df_image_link":"https:\/\/cdn02.fabioferro.eu\/wp-content\/uploads\/collana-cleo-punto-luce-cipollina-gialla-fg93.jpg","_links":{"self":[{"href":"https:\/\/www.fabioferro.eu\/de\/wp-json\/wp\/v2\/product\/192495","targetHints":{"allow":["GET"]}}],"collection":[{"href":"https:\/\/www.fabioferro.eu\/de\/wp-json\/wp\/v2\/product"}],"about":[{"href":"https:\/\/www.fabioferro.eu\/de\/wp-json\/wp\/v2\/types\/product"}],"replies":[{"embeddable":true,"href":"https:\/\/www.fabioferro.eu\/de\/wp-json\/wp\/v2\/comments?post=192495"}],"version-history":[{"count":0,"href":"https:\/\/www.fabioferro.eu\/de\/wp-json\/wp\/v2\/product\/192495\/revisions"}],"wp:featuredmedia":[{"embeddable":true,"href":"https:\/\/www.fabioferro.eu\/de\/wp-json\/wp\/v2\/media\/189788"}],"wp:attachment":[{"href":"https:\/\/www.fabioferro.eu\/de\/wp-json\/wp\/v2\/media?parent=192495"}],"wp:term":[{"taxonomy":"product_brand","embeddable":true,"href":"https:\/\/www.fabioferro.eu\/de\/wp-json\/wp\/v2\/product_brand?post=192495"},{"taxonomy":"product_cat","embeddable":true,"href":"https:\/\/www.fabioferro.eu\/de\/wp-json\/wp\/v2\/product_cat?post=192495"},{"taxonomy":"product_tag","embeddable":true,"href":"https:\/\/www.fabioferro.eu\/de\/wp-json\/wp\/v2\/product_tag?post=192495"}],"curies":[{"name":"wp","href":"https:\/\/api.w.org\/{rel}","templated":true}]}}