{"id":192498,"date":"2025-08-06T12:39:02","date_gmt":"2025-08-06T10:39:02","guid":{"rendered":"https:\/\/www.fabioferro.eu\/cleo-ohrringe-gelb-durchbohrtes-herz.html"},"modified":"2025-08-06T12:39:02","modified_gmt":"2025-08-06T10:39:02","slug":"cleo-ohrringe-gelb-durchbohrtes-herz","status":"publish","type":"product","link":"https:\/\/www.fabioferro.eu\/de\/cleo-ohrringe-gelb-durchbohrtes-herz.html","title":{"rendered":"Cleo Ohrringe Gelb durchbohrtes Herz"},"content":{"rendered":"<p class=\"p1\">Gelbgoldene Cleo-Ohrringe mit romantischem Herzmotiv.<\/p>\n<p class=\"p1\">Verziert mit wei\u00dfen Zirkonia, die ihm einen raffinierten und zarten Glanz verleihen.<\/p>\n<p class=\"p1\">Ideal, um Eleganz und Gef\u00fchl mit einem unaufdringlichen, modernen Stil auszudr\u00fccken.<\/p>\n<p class=\"p1\">Hergestellt in Italien aus ausgew\u00e4hlten Materialien, Symbol f\u00fcr authentisches Made in Italy.<\/p>\n<p class=\"p1\">Auf Anfrage in kundenspezifischen Varianten erh\u00e4ltlich, mit einer Produktionszeit von ca. 20 Tagen.<\/p>\n<p class=\"p1\">Wird in der offiziellen Cleo-Verpackung und mit einem Garantiezertifikat geliefert.<\/p>\n","protected":false},"excerpt":{"rendered":"<p class=\"p1\">Ein Schmuckst\u00fcck, das Klasse ausdr\u00fcckt, ohne zu \u00fcbertreiben.<\/p>\n","protected":false},"featured_media":189902,"comment_status":"open","ping_status":"closed","template":"","meta":[],"product_brand":[7542],"product_cat":[15],"product_tag":[],"class_list":{"0":"post-192498","1":"product","2":"type-product","3":"status-publish","4":"has-post-thumbnail","6":"product_brand-cleo","7":"product_cat-senza-categoria","9":"first","10":"instock","11":"taxable","12":"shipping-taxable","13":"product-type-simple"},"exclude_global_add_ons":[],"addons":[],"df_price":"","df_sale_price":"","df_regular_price":"","df_image_link":"https:\/\/cdn02.fabioferro.eu\/wp-content\/uploads\/orecchini-cleo-cuore-forato-giallo-fg60.jpg","_links":{"self":[{"href":"https:\/\/www.fabioferro.eu\/de\/wp-json\/wp\/v2\/product\/192498","targetHints":{"allow":["GET"]}}],"collection":[{"href":"https:\/\/www.fabioferro.eu\/de\/wp-json\/wp\/v2\/product"}],"about":[{"href":"https:\/\/www.fabioferro.eu\/de\/wp-json\/wp\/v2\/types\/product"}],"replies":[{"embeddable":true,"href":"https:\/\/www.fabioferro.eu\/de\/wp-json\/wp\/v2\/comments?post=192498"}],"version-history":[{"count":0,"href":"https:\/\/www.fabioferro.eu\/de\/wp-json\/wp\/v2\/product\/192498\/revisions"}],"wp:featuredmedia":[{"embeddable":true,"href":"https:\/\/www.fabioferro.eu\/de\/wp-json\/wp\/v2\/media\/189902"}],"wp:attachment":[{"href":"https:\/\/www.fabioferro.eu\/de\/wp-json\/wp\/v2\/media?parent=192498"}],"wp:term":[{"taxonomy":"product_brand","embeddable":true,"href":"https:\/\/www.fabioferro.eu\/de\/wp-json\/wp\/v2\/product_brand?post=192498"},{"taxonomy":"product_cat","embeddable":true,"href":"https:\/\/www.fabioferro.eu\/de\/wp-json\/wp\/v2\/product_cat?post=192498"},{"taxonomy":"product_tag","embeddable":true,"href":"https:\/\/www.fabioferro.eu\/de\/wp-json\/wp\/v2\/product_tag?post=192498"}],"curies":[{"name":"wp","href":"https:\/\/api.w.org\/{rel}","templated":true}]}}