{"id":192520,"date":"2025-08-06T12:31:13","date_gmt":"2025-08-06T10:31:13","guid":{"rendered":"https:\/\/www.fabioferro.eu\/cleo-cipollina-grande-halskette.html"},"modified":"2025-08-06T12:31:13","modified_gmt":"2025-08-06T10:31:13","slug":"cleo-cipollina-grande-halskette","status":"publish","type":"product","link":"https:\/\/www.fabioferro.eu\/de\/cleo-cipollina-grande-halskette.html","title":{"rendered":"Cleo Cipollina Grande Halskette"},"content":{"rendered":"<p class=\"p1\">Cleo Halskette aus Wei\u00dfgold mit Zwiebelspitze.<\/p>\n<p class=\"p1\">Der wei\u00dfe Zirkonia verleiht dem Schmuckst\u00fcck Glanz und Charakter.<\/p>\n<p class=\"p1\">Gesamtl\u00e4nge der Halskette 42 cm.<\/p>\n<p class=\"p1\">Vollst\u00e4ndig in Italien hergestellt, eine Garantie f\u00fcr hohe Qualit\u00e4t in der Goldschmiedekunst.<\/p>\n<p class=\"p1\">Auf Anfrage in kundenspezifischen Gr\u00f6\u00dfen erh\u00e4ltlich, mit einer Vorlaufzeit von ca. 20 Tagen.<\/p>\n<p class=\"p1\">Geliefert in der Cleo-Verpackung und begleitet von einem Echtheitszertifikat.<\/p>\n","protected":false},"excerpt":{"rendered":"<p class=\"p1\">Eine Halskette, die keine Worte braucht, um bemerkt zu werden.<\/p>\n","protected":false},"featured_media":189713,"comment_status":"open","ping_status":"closed","template":"","meta":[],"product_brand":[7542],"product_cat":[15],"product_tag":[],"class_list":{"0":"post-192520","1":"product","2":"type-product","3":"status-publish","4":"has-post-thumbnail","6":"product_brand-cleo","7":"product_cat-senza-categoria","9":"first","10":"instock","11":"taxable","12":"shipping-taxable","13":"product-type-simple"},"exclude_global_add_ons":[],"addons":[],"df_price":"","df_sale_price":"","df_regular_price":"","df_image_link":"https:\/\/cdn02.fabioferro.eu\/wp-content\/uploads\/collana-cleo-punto-luce-cipollina-grande-fg44.jpg","_links":{"self":[{"href":"https:\/\/www.fabioferro.eu\/de\/wp-json\/wp\/v2\/product\/192520","targetHints":{"allow":["GET"]}}],"collection":[{"href":"https:\/\/www.fabioferro.eu\/de\/wp-json\/wp\/v2\/product"}],"about":[{"href":"https:\/\/www.fabioferro.eu\/de\/wp-json\/wp\/v2\/types\/product"}],"replies":[{"embeddable":true,"href":"https:\/\/www.fabioferro.eu\/de\/wp-json\/wp\/v2\/comments?post=192520"}],"version-history":[{"count":0,"href":"https:\/\/www.fabioferro.eu\/de\/wp-json\/wp\/v2\/product\/192520\/revisions"}],"wp:featuredmedia":[{"embeddable":true,"href":"https:\/\/www.fabioferro.eu\/de\/wp-json\/wp\/v2\/media\/189713"}],"wp:attachment":[{"href":"https:\/\/www.fabioferro.eu\/de\/wp-json\/wp\/v2\/media?parent=192520"}],"wp:term":[{"taxonomy":"product_brand","embeddable":true,"href":"https:\/\/www.fabioferro.eu\/de\/wp-json\/wp\/v2\/product_brand?post=192520"},{"taxonomy":"product_cat","embeddable":true,"href":"https:\/\/www.fabioferro.eu\/de\/wp-json\/wp\/v2\/product_cat?post=192520"},{"taxonomy":"product_tag","embeddable":true,"href":"https:\/\/www.fabioferro.eu\/de\/wp-json\/wp\/v2\/product_tag?post=192520"}],"curies":[{"name":"wp","href":"https:\/\/api.w.org\/{rel}","templated":true}]}}