{"id":192521,"date":"2025-08-06T12:34:06","date_gmt":"2025-08-06T10:34:06","guid":{"rendered":"https:\/\/www.fabioferro.eu\/rosa-licht-cleo-ring.html"},"modified":"2025-08-06T12:34:06","modified_gmt":"2025-08-06T10:34:06","slug":"rosa-licht-cleo-ring","status":"publish","type":"product","link":"https:\/\/www.fabioferro.eu\/de\/rosa-licht-cleo-ring.html","title":{"rendered":"Rosa Licht Cleo Ring"},"content":{"rendered":"<p class=\"p1\">Cleo Ring aus Ros\u00e9gold, sorgf\u00e4ltig gefertigt f\u00fcr zarte Eleganz.<\/p>\n<p class=\"p1\">Angereichert mit wei\u00dfen Zirkonen, die die Brillanz des Designs verst\u00e4rken.<\/p>\n<p class=\"p1\">Der raffinierte Stil macht sie perfekt f\u00fcr besondere Anl\u00e4sse oder den t\u00e4glichen Gebrauch.<\/p>\n<p class=\"p1\">Vollst\u00e4ndig in Italien von erfahrenen H\u00e4nden hergestellt, eine Garantie f\u00fcr authentisches Made in Italy.<\/p>\n<p class=\"p1\">Auf Anfrage in individuellen Gr\u00f6\u00dfen erh\u00e4ltlich, mit einer Produktionszeit von ca. 20 Tagen.<\/p>\n<p class=\"p1\">Lieferung in der Originalverpackung von Cleo, komplett mit Garantiezertifikat.<\/p>\n","protected":false},"excerpt":{"rendered":"<p class=\"p1\">Ein eleganter Ring f\u00fcr jede Gelegenheit.<\/p>\n","protected":false},"featured_media":189569,"comment_status":"open","ping_status":"closed","template":"","meta":[],"product_brand":[7542],"product_cat":[7734],"product_tag":[],"class_list":{"0":"post-192521","1":"product","2":"type-product","3":"status-publish","4":"has-post-thumbnail","6":"product_brand-cleo","7":"product_cat-cleo-ringe","9":"first","10":"instock","11":"sale","12":"taxable","13":"shipping-taxable","14":"purchasable","15":"product-type-variable","16":"has-default-attributes"},"exclude_global_add_ons":[],"addons":[],"df_price":621,"df_sale_price":"","df_regular_price":621,"df_image_link":"https:\/\/cdn02.fabioferro.eu\/wp-content\/uploads\/anello-cleo-luce-grande-rosa-fg3.jpg","_links":{"self":[{"href":"https:\/\/www.fabioferro.eu\/de\/wp-json\/wp\/v2\/product\/192521","targetHints":{"allow":["GET"]}}],"collection":[{"href":"https:\/\/www.fabioferro.eu\/de\/wp-json\/wp\/v2\/product"}],"about":[{"href":"https:\/\/www.fabioferro.eu\/de\/wp-json\/wp\/v2\/types\/product"}],"replies":[{"embeddable":true,"href":"https:\/\/www.fabioferro.eu\/de\/wp-json\/wp\/v2\/comments?post=192521"}],"version-history":[{"count":0,"href":"https:\/\/www.fabioferro.eu\/de\/wp-json\/wp\/v2\/product\/192521\/revisions"}],"wp:featuredmedia":[{"embeddable":true,"href":"https:\/\/www.fabioferro.eu\/de\/wp-json\/wp\/v2\/media\/189569"}],"wp:attachment":[{"href":"https:\/\/www.fabioferro.eu\/de\/wp-json\/wp\/v2\/media?parent=192521"}],"wp:term":[{"taxonomy":"product_brand","embeddable":true,"href":"https:\/\/www.fabioferro.eu\/de\/wp-json\/wp\/v2\/product_brand?post=192521"},{"taxonomy":"product_cat","embeddable":true,"href":"https:\/\/www.fabioferro.eu\/de\/wp-json\/wp\/v2\/product_cat?post=192521"},{"taxonomy":"product_tag","embeddable":true,"href":"https:\/\/www.fabioferro.eu\/de\/wp-json\/wp\/v2\/product_tag?post=192521"}],"curies":[{"name":"wp","href":"https:\/\/api.w.org\/{rel}","templated":true}]}}