{"id":192539,"date":"2025-08-06T12:32:14","date_gmt":"2025-08-06T10:32:14","guid":{"rendered":"https:\/\/www.fabioferro.eu\/cleo-pave-punto-luce-halskette-2.html"},"modified":"2025-08-06T12:32:14","modified_gmt":"2025-08-06T10:32:14","slug":"cleo-pave-punto-luce-halskette-2","status":"publish","type":"product","link":"https:\/\/www.fabioferro.eu\/de\/cleo-pave-punto-luce-halskette-2.html","title":{"rendered":"Cleo Pave Punto Luce Halskette"},"content":{"rendered":"<p class=\"p1\">Cleo Halskette aus Wei\u00dfgold, elegant und leuchtend.<\/p>\n<p class=\"p1\">Der Anh\u00e4nger hat einen runden Lichtpunkt mit einem wei\u00dfen Zirkon in der Mitte, der von kleinen kubischen Zirkonen umgeben ist.<\/p>\n<p class=\"p1\">Die Gesamtl\u00e4nge der Halskette betr\u00e4gt 42 cm.<\/p>\n<p class=\"p1\">Ein in Italien hergestelltes Schmuckst\u00fcck aus hochwertigen Materialien.<\/p>\n<p class=\"p1\">Ma\u00dfgeschneiderte Gr\u00f6\u00dfen auf Anfrage, mit einer Vorlaufzeit von etwa 20 Tagen.<\/p>\n<p class=\"p1\">Wird in der Originalverpackung mit Garantiezertifikat geliefert.<\/p>\n","protected":false},"excerpt":{"rendered":"<p class=\"p1\">Ein Juwel, das durch seine Eleganz und seinen Charakter besticht.<\/p>\n","protected":false},"featured_media":189797,"comment_status":"open","ping_status":"closed","template":"","meta":[],"product_brand":[7542],"product_cat":[15],"product_tag":[],"class_list":{"0":"post-192539","1":"product","2":"type-product","3":"status-publish","4":"has-post-thumbnail","6":"product_brand-cleo","7":"product_cat-senza-categoria","9":"first","10":"instock","11":"taxable","12":"shipping-taxable","13":"product-type-simple"},"exclude_global_add_ons":[],"addons":[],"df_price":"","df_sale_price":"","df_regular_price":"","df_image_link":"https:\/\/cdn02.fabioferro.eu\/wp-content\/uploads\/collana-cleo-pave-punto-luce-fg96.jpg","_links":{"self":[{"href":"https:\/\/www.fabioferro.eu\/de\/wp-json\/wp\/v2\/product\/192539","targetHints":{"allow":["GET"]}}],"collection":[{"href":"https:\/\/www.fabioferro.eu\/de\/wp-json\/wp\/v2\/product"}],"about":[{"href":"https:\/\/www.fabioferro.eu\/de\/wp-json\/wp\/v2\/types\/product"}],"replies":[{"embeddable":true,"href":"https:\/\/www.fabioferro.eu\/de\/wp-json\/wp\/v2\/comments?post=192539"}],"version-history":[{"count":0,"href":"https:\/\/www.fabioferro.eu\/de\/wp-json\/wp\/v2\/product\/192539\/revisions"}],"wp:featuredmedia":[{"embeddable":true,"href":"https:\/\/www.fabioferro.eu\/de\/wp-json\/wp\/v2\/media\/189797"}],"wp:attachment":[{"href":"https:\/\/www.fabioferro.eu\/de\/wp-json\/wp\/v2\/media?parent=192539"}],"wp:term":[{"taxonomy":"product_brand","embeddable":true,"href":"https:\/\/www.fabioferro.eu\/de\/wp-json\/wp\/v2\/product_brand?post=192539"},{"taxonomy":"product_cat","embeddable":true,"href":"https:\/\/www.fabioferro.eu\/de\/wp-json\/wp\/v2\/product_cat?post=192539"},{"taxonomy":"product_tag","embeddable":true,"href":"https:\/\/www.fabioferro.eu\/de\/wp-json\/wp\/v2\/product_tag?post=192539"}],"curies":[{"name":"wp","href":"https:\/\/api.w.org\/{rel}","templated":true}]}}