{"id":192555,"date":"2025-08-06T12:34:04","date_gmt":"2025-08-06T10:34:04","guid":{"rendered":"https:\/\/www.fabioferro.eu\/cleo-mini-light-weisser-ring.html"},"modified":"2025-08-06T12:34:04","modified_gmt":"2025-08-06T10:34:04","slug":"cleo-mini-light-weisser-ring","status":"publish","type":"product","link":"https:\/\/www.fabioferro.eu\/de\/cleo-mini-light-weisser-ring.html","title":{"rendered":"Cleo Mini Light Wei\u00dfer Ring"},"content":{"rendered":"<p class=\"p1\">Cleo Ring aus Wei\u00dfgold, raffiniert und mit hervorragender Handwerkskunst gefertigt.<\/p>\n<p class=\"p1\">Verziert mit wei\u00dfen Zirkonia, die f\u00fcr einen raffinierten Glanz sorgen.<\/p>\n<p class=\"p1\">Perfekt f\u00fcr alle, die ein elegantes Schmuckst\u00fcck mit einem modernen Stil suchen.<\/p>\n<p class=\"p1\">Vollst\u00e4ndig in Italien hergestellt, ein Sinnbild f\u00fcr Qualit\u00e4t und Prestige des Made in Italy.<\/p>\n<p class=\"p1\">Auf Anfrage auch in anderen Gr\u00f6\u00dfen erh\u00e4ltlich, mit einer Realisierungszeit von etwa 20 Tagen.<\/p>\n<p class=\"p1\">Wird in der offiziellen Cleo-Verpackung geliefert, mit Original-Garantie.<\/p>\n","protected":false},"excerpt":{"rendered":"<p class=\"p1\">Form und Licht vereinen sich in einem raffinierten Gleichgewicht, um dieses Schmuckst\u00fcck zu schaffen.<\/p>\n","protected":false},"featured_media":189575,"comment_status":"open","ping_status":"closed","template":"","meta":[],"product_brand":[7542],"product_cat":[7734],"product_tag":[],"class_list":{"0":"post-192555","1":"product","2":"type-product","3":"status-publish","4":"has-post-thumbnail","6":"product_brand-cleo","7":"product_cat-cleo-ringe","9":"first","10":"instock","11":"sale","12":"taxable","13":"shipping-taxable","14":"purchasable","15":"product-type-variable","16":"has-default-attributes"},"exclude_global_add_ons":[],"addons":[],"df_price":387,"df_sale_price":"","df_regular_price":387,"df_image_link":"https:\/\/cdn02.fabioferro.eu\/wp-content\/uploads\/anello-cleo-luce-bianco-piccolo-fg4.jpg","_links":{"self":[{"href":"https:\/\/www.fabioferro.eu\/de\/wp-json\/wp\/v2\/product\/192555","targetHints":{"allow":["GET"]}}],"collection":[{"href":"https:\/\/www.fabioferro.eu\/de\/wp-json\/wp\/v2\/product"}],"about":[{"href":"https:\/\/www.fabioferro.eu\/de\/wp-json\/wp\/v2\/types\/product"}],"replies":[{"embeddable":true,"href":"https:\/\/www.fabioferro.eu\/de\/wp-json\/wp\/v2\/comments?post=192555"}],"version-history":[{"count":0,"href":"https:\/\/www.fabioferro.eu\/de\/wp-json\/wp\/v2\/product\/192555\/revisions"}],"wp:featuredmedia":[{"embeddable":true,"href":"https:\/\/www.fabioferro.eu\/de\/wp-json\/wp\/v2\/media\/189575"}],"wp:attachment":[{"href":"https:\/\/www.fabioferro.eu\/de\/wp-json\/wp\/v2\/media?parent=192555"}],"wp:term":[{"taxonomy":"product_brand","embeddable":true,"href":"https:\/\/www.fabioferro.eu\/de\/wp-json\/wp\/v2\/product_brand?post=192555"},{"taxonomy":"product_cat","embeddable":true,"href":"https:\/\/www.fabioferro.eu\/de\/wp-json\/wp\/v2\/product_cat?post=192555"},{"taxonomy":"product_tag","embeddable":true,"href":"https:\/\/www.fabioferro.eu\/de\/wp-json\/wp\/v2\/product_tag?post=192555"}],"curies":[{"name":"wp","href":"https:\/\/api.w.org\/{rel}","templated":true}]}}