{"id":192615,"date":"2025-08-06T12:39:01","date_gmt":"2025-08-06T10:39:01","guid":{"rendered":"https:\/\/www.fabioferro.eu\/cleo-pave-gelb-ohrringe.html"},"modified":"2025-08-06T12:39:01","modified_gmt":"2025-08-06T10:39:01","slug":"cleo-pave-gelb-ohrringe","status":"publish","type":"product","link":"https:\/\/www.fabioferro.eu\/de\/cleo-pave-gelb-ohrringe.html","title":{"rendered":"Cleo Pave Gelb Ohrringe"},"content":{"rendered":"<p class=\"p1\">Cleo-Ohrringe aus Gelbgold mit einem zentralen wei\u00dfen Zirkonia, der von einer Krone aus kleineren Zirkonia umrahmt wird.<\/p>\n<p class=\"p1\">Ein brillantes, harmonisches Design, das Licht und Raffinesse in Ihr Gesicht bringt.<\/p>\n<p class=\"p1\">Perfekt f\u00fcr besondere Anl\u00e4sse oder um dem Alltag einen Hauch von Eleganz zu verleihen.<\/p>\n<p class=\"p1\">Mit Pr\u00e4zision in Italien hergestellt, eine Garantie f\u00fcr Qualit\u00e4t und authentisches Made in Italy.<\/p>\n<p class=\"p1\">Ma\u00dfgeschneiderte Versionen sind auf Anfrage erh\u00e4ltlich, mit einer Vorlaufzeit von etwa 20 Tagen.<\/p>\n<p class=\"p1\">Wird in der offiziellen Cleo-Verpackung und mit einem Garantiezertifikat geliefert.<\/p>\n","protected":false},"excerpt":{"rendered":"<p class=\"p1\">Ein unverzichtbarer Touch, der diskret beleuchtet.<\/p>\n","protected":false},"featured_media":189905,"comment_status":"open","ping_status":"closed","template":"","meta":[],"product_brand":[7542],"product_cat":[15],"product_tag":[],"class_list":{"0":"post-192615","1":"product","2":"type-product","3":"status-publish","4":"has-post-thumbnail","6":"product_brand-cleo","7":"product_cat-senza-categoria","9":"first","10":"instock","11":"taxable","12":"shipping-taxable","13":"product-type-simple"},"exclude_global_add_ons":[],"addons":[],"df_price":"","df_sale_price":"","df_regular_price":"","df_image_link":"https:\/\/cdn02.fabioferro.eu\/wp-content\/uploads\/orecchini-cleo-punto-luce-pave-giallo-fg61.jpg","_links":{"self":[{"href":"https:\/\/www.fabioferro.eu\/de\/wp-json\/wp\/v2\/product\/192615","targetHints":{"allow":["GET"]}}],"collection":[{"href":"https:\/\/www.fabioferro.eu\/de\/wp-json\/wp\/v2\/product"}],"about":[{"href":"https:\/\/www.fabioferro.eu\/de\/wp-json\/wp\/v2\/types\/product"}],"replies":[{"embeddable":true,"href":"https:\/\/www.fabioferro.eu\/de\/wp-json\/wp\/v2\/comments?post=192615"}],"version-history":[{"count":0,"href":"https:\/\/www.fabioferro.eu\/de\/wp-json\/wp\/v2\/product\/192615\/revisions"}],"wp:featuredmedia":[{"embeddable":true,"href":"https:\/\/www.fabioferro.eu\/de\/wp-json\/wp\/v2\/media\/189905"}],"wp:attachment":[{"href":"https:\/\/www.fabioferro.eu\/de\/wp-json\/wp\/v2\/media?parent=192615"}],"wp:term":[{"taxonomy":"product_brand","embeddable":true,"href":"https:\/\/www.fabioferro.eu\/de\/wp-json\/wp\/v2\/product_brand?post=192615"},{"taxonomy":"product_cat","embeddable":true,"href":"https:\/\/www.fabioferro.eu\/de\/wp-json\/wp\/v2\/product_cat?post=192615"},{"taxonomy":"product_tag","embeddable":true,"href":"https:\/\/www.fabioferro.eu\/de\/wp-json\/wp\/v2\/product_tag?post=192615"}],"curies":[{"name":"wp","href":"https:\/\/api.w.org\/{rel}","templated":true}]}}