{"id":192618,"date":"2025-08-06T12:40:13","date_gmt":"2025-08-06T10:40:13","guid":{"rendered":"https:\/\/www.fabioferro.eu\/cleo-light-square-gelb-armband.html"},"modified":"2025-08-06T12:40:13","modified_gmt":"2025-08-06T10:40:13","slug":"cleo-light-square-gelb-armband","status":"publish","type":"product","link":"https:\/\/www.fabioferro.eu\/de\/cleo-light-square-gelb-armband.html","title":{"rendered":"Cleo Light Square Gelb Armband"},"content":{"rendered":"<p class=\"p1\">Gelbgoldarmband mit elf quadratischen Elementen entlang der Kette, die jeweils mit leuchtenden wei\u00dfen Zirkonen besetzt sind.<\/p>\n<p class=\"p2\">Modernes, geometrisches Design f\u00fcr alle, die raffinierte Details lieben.<\/p>\n<p class=\"p2\">Die L\u00e4nge von 19 cm garantiert eine perfekte Passform, geeignet f\u00fcr jede Gelegenheit.<\/p>\n<p class=\"p2\">In Italien hergestellter Schmuck mit Handwerkskunst und ausgew\u00e4hlten Materialien.<\/p>\n<p class=\"p2\">Ma\u00dfgeschneiderte Versionen k\u00f6nnen mit einer gesch\u00e4tzten Vorlaufzeit von etwa 20 Tagen angefordert werden.<\/p>\n<p class=\"p2\">Wird in einer eleganten Verpackung mit Garantiezertifikat geliefert.<\/p>\n","protected":false},"excerpt":{"rendered":"<p class=\"p1\">Ein Cleo-Armband mit einer essentiellen Form f\u00fcr zeitlose Sch\u00f6nheit.<\/p>\n","protected":false},"featured_media":189650,"comment_status":"open","ping_status":"closed","template":"","meta":[],"product_brand":[7542],"product_cat":[15],"product_tag":[],"class_list":{"0":"post-192618","1":"product","2":"type-product","3":"status-publish","4":"has-post-thumbnail","6":"product_brand-cleo","7":"product_cat-senza-categoria","9":"first","10":"instock","11":"taxable","12":"shipping-taxable","13":"product-type-simple"},"exclude_global_add_ons":[],"addons":[],"df_price":"","df_sale_price":"","df_regular_price":"","df_image_link":"https:\/\/cdn02.fabioferro.eu\/wp-content\/uploads\/bracciale-cleo-luce-al-quadrato-giallo-fg20.jpg","_links":{"self":[{"href":"https:\/\/www.fabioferro.eu\/de\/wp-json\/wp\/v2\/product\/192618","targetHints":{"allow":["GET"]}}],"collection":[{"href":"https:\/\/www.fabioferro.eu\/de\/wp-json\/wp\/v2\/product"}],"about":[{"href":"https:\/\/www.fabioferro.eu\/de\/wp-json\/wp\/v2\/types\/product"}],"replies":[{"embeddable":true,"href":"https:\/\/www.fabioferro.eu\/de\/wp-json\/wp\/v2\/comments?post=192618"}],"version-history":[{"count":0,"href":"https:\/\/www.fabioferro.eu\/de\/wp-json\/wp\/v2\/product\/192618\/revisions"}],"wp:featuredmedia":[{"embeddable":true,"href":"https:\/\/www.fabioferro.eu\/de\/wp-json\/wp\/v2\/media\/189650"}],"wp:attachment":[{"href":"https:\/\/www.fabioferro.eu\/de\/wp-json\/wp\/v2\/media?parent=192618"}],"wp:term":[{"taxonomy":"product_brand","embeddable":true,"href":"https:\/\/www.fabioferro.eu\/de\/wp-json\/wp\/v2\/product_brand?post=192618"},{"taxonomy":"product_cat","embeddable":true,"href":"https:\/\/www.fabioferro.eu\/de\/wp-json\/wp\/v2\/product_cat?post=192618"},{"taxonomy":"product_tag","embeddable":true,"href":"https:\/\/www.fabioferro.eu\/de\/wp-json\/wp\/v2\/product_tag?post=192618"}],"curies":[{"name":"wp","href":"https:\/\/api.w.org\/{rel}","templated":true}]}}