{"id":192621,"date":"2025-08-06T12:40:11","date_gmt":"2025-08-06T10:40:11","guid":{"rendered":"https:\/\/www.fabioferro.eu\/cleo-armband-weisses-durchbohrtes-herz.html"},"modified":"2025-08-06T12:40:11","modified_gmt":"2025-08-06T10:40:11","slug":"cleo-armband-weisses-durchbohrtes-herz","status":"publish","type":"product","link":"https:\/\/www.fabioferro.eu\/de\/cleo-armband-weisses-durchbohrtes-herz.html","title":{"rendered":"Cleo Armband Wei\u00dfes durchbohrtes Herz"},"content":{"rendered":"<p class=\"p1\">Cleo-Armband aus Wei\u00dfgold mit einem zentralen, mit wei\u00dfen Zirkonen besetzten Herz.<\/p>\n<p class=\"p2\">Romantisches und modernes Design, das N\u00fcchternheit und Brillanz in einem Schmuckst\u00fcck mit zeitloser Anziehungskraft vereint.<\/p>\n<p class=\"p2\">Die Gesamtgr\u00f6\u00dfe des Schmuckst\u00fccks betr\u00e4gt 18 cm mit einer m\u00f6glichen Verl\u00e4ngerung von 2 cm.<\/p>\n<p class=\"p2\">Hergestellt in Italien von Goldschmiedemeistern, ein Ausdruck von Qualit\u00e4t und Tradition.<\/p>\n<p class=\"p2\">Eine individuelle Version kann angefordert werden, mit einer Vorlaufzeit von etwa 20 Tagen.<\/p>\n<p class=\"p2\">Verkauft mit eleganter Verpackung und Garantiezertifikat.<\/p>\n","protected":false},"excerpt":{"rendered":"<p class=\"p1\">Ein kostbares Element, das Harmonie und Leidenschaft an das Handgelenk bringt.<\/p>\n","protected":false},"featured_media":189656,"comment_status":"open","ping_status":"closed","template":"","meta":[],"product_brand":[7542],"product_cat":[15],"product_tag":[],"class_list":{"0":"post-192621","1":"product","2":"type-product","3":"status-publish","4":"has-post-thumbnail","6":"product_brand-cleo","7":"product_cat-senza-categoria","9":"first","10":"instock","11":"taxable","12":"shipping-taxable","13":"product-type-simple"},"exclude_global_add_ons":[],"addons":[],"df_price":"","df_sale_price":"","df_regular_price":"","df_image_link":"https:\/\/cdn02.fabioferro.eu\/wp-content\/uploads\/bracciale-cleo-cuore-forato-fg22.jpg","_links":{"self":[{"href":"https:\/\/www.fabioferro.eu\/de\/wp-json\/wp\/v2\/product\/192621","targetHints":{"allow":["GET"]}}],"collection":[{"href":"https:\/\/www.fabioferro.eu\/de\/wp-json\/wp\/v2\/product"}],"about":[{"href":"https:\/\/www.fabioferro.eu\/de\/wp-json\/wp\/v2\/types\/product"}],"replies":[{"embeddable":true,"href":"https:\/\/www.fabioferro.eu\/de\/wp-json\/wp\/v2\/comments?post=192621"}],"version-history":[{"count":0,"href":"https:\/\/www.fabioferro.eu\/de\/wp-json\/wp\/v2\/product\/192621\/revisions"}],"wp:featuredmedia":[{"embeddable":true,"href":"https:\/\/www.fabioferro.eu\/de\/wp-json\/wp\/v2\/media\/189656"}],"wp:attachment":[{"href":"https:\/\/www.fabioferro.eu\/de\/wp-json\/wp\/v2\/media?parent=192621"}],"wp:term":[{"taxonomy":"product_brand","embeddable":true,"href":"https:\/\/www.fabioferro.eu\/de\/wp-json\/wp\/v2\/product_brand?post=192621"},{"taxonomy":"product_cat","embeddable":true,"href":"https:\/\/www.fabioferro.eu\/de\/wp-json\/wp\/v2\/product_cat?post=192621"},{"taxonomy":"product_tag","embeddable":true,"href":"https:\/\/www.fabioferro.eu\/de\/wp-json\/wp\/v2\/product_tag?post=192621"}],"curies":[{"name":"wp","href":"https:\/\/api.w.org\/{rel}","templated":true}]}}