{"id":192631,"date":"2025-08-06T12:43:53","date_gmt":"2025-08-06T10:43:53","guid":{"rendered":"https:\/\/www.fabioferro.eu\/diffusor-giovanni-raspini-quadrifogli-piccolo-200-ml-vento-di-mare-in-weiss-bronze.html"},"modified":"2025-08-06T12:43:53","modified_gmt":"2025-08-06T10:43:53","slug":"diffusor-giovanni-raspini-quadrifogli-piccolo-200-ml-vento-di-mare-in-weiss-bronze","status":"publish","type":"product","link":"https:\/\/www.fabioferro.eu\/de\/diffusor-giovanni-raspini-quadrifogli-piccolo-200-ml-vento-di-mare-in-weiss-bronze.html","title":{"rendered":"Diffusor Giovanni Raspini Quadrifogli Piccolo 200 ml &#8220;Vento di Mare&#8221; in Wei\u00df Bronze"},"content":{"rendered":"<p class=\"p1\">200 ml Glas und Diffusor aus wei\u00dfer Bronze.<\/p>\n<p class=\"p2\">Symbolische Dekoration, die an das Gl\u00fcck der vierbl\u00e4ttrigen Kleebl\u00e4tter erinnert.<\/p>\n<p class=\"p2\">Essence Vento di Mare, frisch und maritim, mit einem Hauch von Jasmin und Moschus.<\/p>\n<p class=\"p2\">Handgefertigt in Italien mit handwerklichem Geschick.<\/p>\n<p><span data-sheets-root=\"1\">Begleitet von Box und Giovanni Raspini Garantie.<\/span><\/p>\n","protected":false},"excerpt":{"rendered":"<p class=\"p1\">Die ideale Wahl f\u00fcr alle, die eine rundum sinnliche Sch\u00f6nheit suchen.<\/p>\n","protected":false},"featured_media":191996,"comment_status":"open","ping_status":"closed","template":"","meta":[],"product_brand":[155],"product_cat":[15],"product_tag":[],"class_list":{"0":"post-192631","1":"product","2":"type-product","3":"status-publish","4":"has-post-thumbnail","6":"product_brand-raspini","7":"product_cat-senza-categoria","9":"first","10":"instock","11":"sale","12":"taxable","13":"shipping-taxable","14":"purchasable","15":"product-type-simple"},"exclude_global_add_ons":[],"addons":[],"df_price":135,"df_sale_price":135,"df_regular_price":150,"df_image_link":"https:\/\/cdn02.fabioferro.eu\/wp-content\/uploads\/diffusore-giovanni-raspini-quadrifogli-piccolo-vento-di-mare.jpg","_links":{"self":[{"href":"https:\/\/www.fabioferro.eu\/de\/wp-json\/wp\/v2\/product\/192631","targetHints":{"allow":["GET"]}}],"collection":[{"href":"https:\/\/www.fabioferro.eu\/de\/wp-json\/wp\/v2\/product"}],"about":[{"href":"https:\/\/www.fabioferro.eu\/de\/wp-json\/wp\/v2\/types\/product"}],"replies":[{"embeddable":true,"href":"https:\/\/www.fabioferro.eu\/de\/wp-json\/wp\/v2\/comments?post=192631"}],"version-history":[{"count":0,"href":"https:\/\/www.fabioferro.eu\/de\/wp-json\/wp\/v2\/product\/192631\/revisions"}],"wp:featuredmedia":[{"embeddable":true,"href":"https:\/\/www.fabioferro.eu\/de\/wp-json\/wp\/v2\/media\/191996"}],"wp:attachment":[{"href":"https:\/\/www.fabioferro.eu\/de\/wp-json\/wp\/v2\/media?parent=192631"}],"wp:term":[{"taxonomy":"product_brand","embeddable":true,"href":"https:\/\/www.fabioferro.eu\/de\/wp-json\/wp\/v2\/product_brand?post=192631"},{"taxonomy":"product_cat","embeddable":true,"href":"https:\/\/www.fabioferro.eu\/de\/wp-json\/wp\/v2\/product_cat?post=192631"},{"taxonomy":"product_tag","embeddable":true,"href":"https:\/\/www.fabioferro.eu\/de\/wp-json\/wp\/v2\/product_tag?post=192631"}],"curies":[{"name":"wp","href":"https:\/\/api.w.org\/{rel}","templated":true}]}}