{"id":192648,"date":"2025-08-06T12:29:38","date_gmt":"2025-08-06T10:29:38","guid":{"rendered":"https:\/\/www.fabioferro.eu\/cleo-light-weisser-ring.html"},"modified":"2025-08-06T12:29:38","modified_gmt":"2025-08-06T10:29:38","slug":"cleo-light-weisser-ring","status":"publish","type":"product","link":"https:\/\/www.fabioferro.eu\/de\/cleo-light-weisser-ring.html","title":{"rendered":"Cleo Light Wei\u00dfer Ring"},"content":{"rendered":"<p class=\"p1\">Cleo Ring aus Wei\u00dfgold, hergestellt mit italienischer Handwerkskunst.<\/p>\n<p class=\"p1\">Verziert mit wei\u00dfen Zirkonia, f\u00fcr einen hellen und eleganten Effekt.<\/p>\n<p class=\"p1\">Vollst\u00e4ndig in Italien von erfahrenen Goldschmieden hergestellt, ein Symbol f\u00fcr Qualit\u00e4t und Tradition Made in Italy.<\/p>\n<p class=\"p1\">Auch in kundenspezifischen Gr\u00f6\u00dfen erh\u00e4ltlich, mit einer Vorlaufzeit von etwa 20 Tagen.<\/p>\n<p class=\"p1\">Verpackt in der eleganten offiziellen Cleo-Verpackung und mit einer Echtheitsgarantie.<\/p>\n","protected":false},"excerpt":{"rendered":"<p class=\"p1\">Eine unverwechselbare Note f\u00fcr alle, die essentielle Sch\u00f6nheit lieben.<\/p>\n","protected":false},"featured_media":189563,"comment_status":"open","ping_status":"closed","template":"","meta":[],"product_brand":[7542],"product_cat":[7734],"product_tag":[],"class_list":{"0":"post-192648","1":"product","2":"type-product","3":"status-publish","4":"has-post-thumbnail","6":"product_brand-cleo","7":"product_cat-cleo-ringe","9":"first","10":"instock","11":"sale","12":"taxable","13":"shipping-taxable","14":"purchasable","15":"product-type-variable","16":"has-default-attributes"},"exclude_global_add_ons":[],"addons":[],"df_price":621,"df_sale_price":"","df_regular_price":621,"df_image_link":"https:\/\/cdn02.fabioferro.eu\/wp-content\/uploads\/anello-cleo-luce-bianco-grande-fg2.jpg","_links":{"self":[{"href":"https:\/\/www.fabioferro.eu\/de\/wp-json\/wp\/v2\/product\/192648","targetHints":{"allow":["GET"]}}],"collection":[{"href":"https:\/\/www.fabioferro.eu\/de\/wp-json\/wp\/v2\/product"}],"about":[{"href":"https:\/\/www.fabioferro.eu\/de\/wp-json\/wp\/v2\/types\/product"}],"replies":[{"embeddable":true,"href":"https:\/\/www.fabioferro.eu\/de\/wp-json\/wp\/v2\/comments?post=192648"}],"version-history":[{"count":0,"href":"https:\/\/www.fabioferro.eu\/de\/wp-json\/wp\/v2\/product\/192648\/revisions"}],"wp:featuredmedia":[{"embeddable":true,"href":"https:\/\/www.fabioferro.eu\/de\/wp-json\/wp\/v2\/media\/189563"}],"wp:attachment":[{"href":"https:\/\/www.fabioferro.eu\/de\/wp-json\/wp\/v2\/media?parent=192648"}],"wp:term":[{"taxonomy":"product_brand","embeddable":true,"href":"https:\/\/www.fabioferro.eu\/de\/wp-json\/wp\/v2\/product_brand?post=192648"},{"taxonomy":"product_cat","embeddable":true,"href":"https:\/\/www.fabioferro.eu\/de\/wp-json\/wp\/v2\/product_cat?post=192648"},{"taxonomy":"product_tag","embeddable":true,"href":"https:\/\/www.fabioferro.eu\/de\/wp-json\/wp\/v2\/product_tag?post=192648"}],"curies":[{"name":"wp","href":"https:\/\/api.w.org\/{rel}","templated":true}]}}