{"id":192720,"date":"2025-08-06T12:30:09","date_gmt":"2025-08-06T10:30:09","guid":{"rendered":"https:\/\/www.fabioferro.eu\/ring-cleo-solitatio.html"},"modified":"2025-08-06T12:30:09","modified_gmt":"2025-08-06T10:30:09","slug":"ring-cleo-solitatio","status":"publish","type":"product","link":"https:\/\/www.fabioferro.eu\/de\/ring-cleo-solitatio.html","title":{"rendered":"Ring Cleo Solitatio"},"content":{"rendered":"<p class=\"p1\">Cleo-Ring aus Wei\u00dfgold mit einem pr\u00e4zis gefassten wei\u00dfen Zirkon in der Mitte.<\/p>\n<p class=\"p1\">Ein Schmuckst\u00fcck mit einem raffinierten Geschmack, perfekt f\u00fcr alle, die einen klassischen, leuchtenden Stil suchen.<\/p>\n<p class=\"p1\">Vollst\u00e4ndig in Italien von Meisterhandwerkern hergestellt.<\/p>\n<p class=\"p1\"><span data-sheets-root=\"1\">Alle anderen Ma\u00dfnahmen k\u00f6nnen mit einer Vorlaufzeit von etwa 20 Tagen realisiert werden.<\/span><\/p>\n<p class=\"p1\">Verpackt in einer eleganten Cleo-Verpackung und mit einer offiziellen Garantie.<\/p>\n","protected":false},"excerpt":{"rendered":"<p class=\"p1\">Ein Schmuckst\u00fcck mit einer essentiellen Form, das jede Geste mit nat\u00fcrlicher Eleganz unterstreicht.<\/p>\n","protected":false},"featured_media":189830,"comment_status":"open","ping_status":"closed","template":"","meta":[],"product_brand":[7542],"product_cat":[7734],"product_tag":[],"class_list":{"0":"post-192720","1":"product","2":"type-product","3":"status-publish","4":"has-post-thumbnail","6":"product_brand-cleo","7":"product_cat-cleo-ringe","9":"first","10":"instock","11":"sale","12":"taxable","13":"shipping-taxable","14":"purchasable","15":"product-type-variable","16":"has-default-attributes"},"exclude_global_add_ons":[],"addons":[],"df_price":567,"df_sale_price":"","df_regular_price":567,"df_image_link":"https:\/\/cdn02.fabioferro.eu\/wp-content\/uploads\/anello-cleo-solitario-4-punte-grande-fg106.jpg","_links":{"self":[{"href":"https:\/\/www.fabioferro.eu\/de\/wp-json\/wp\/v2\/product\/192720","targetHints":{"allow":["GET"]}}],"collection":[{"href":"https:\/\/www.fabioferro.eu\/de\/wp-json\/wp\/v2\/product"}],"about":[{"href":"https:\/\/www.fabioferro.eu\/de\/wp-json\/wp\/v2\/types\/product"}],"replies":[{"embeddable":true,"href":"https:\/\/www.fabioferro.eu\/de\/wp-json\/wp\/v2\/comments?post=192720"}],"version-history":[{"count":0,"href":"https:\/\/www.fabioferro.eu\/de\/wp-json\/wp\/v2\/product\/192720\/revisions"}],"wp:featuredmedia":[{"embeddable":true,"href":"https:\/\/www.fabioferro.eu\/de\/wp-json\/wp\/v2\/media\/189830"}],"wp:attachment":[{"href":"https:\/\/www.fabioferro.eu\/de\/wp-json\/wp\/v2\/media?parent=192720"}],"wp:term":[{"taxonomy":"product_brand","embeddable":true,"href":"https:\/\/www.fabioferro.eu\/de\/wp-json\/wp\/v2\/product_brand?post=192720"},{"taxonomy":"product_cat","embeddable":true,"href":"https:\/\/www.fabioferro.eu\/de\/wp-json\/wp\/v2\/product_cat?post=192720"},{"taxonomy":"product_tag","embeddable":true,"href":"https:\/\/www.fabioferro.eu\/de\/wp-json\/wp\/v2\/product_tag?post=192720"}],"curies":[{"name":"wp","href":"https:\/\/api.w.org\/{rel}","templated":true}]}}