{"id":192772,"date":"2025-08-06T12:29:27","date_gmt":"2025-08-06T10:29:27","guid":{"rendered":"https:\/\/www.fabioferro.eu\/cleo-cipollina-gelbe-halskette.html"},"modified":"2025-08-06T12:29:27","modified_gmt":"2025-08-06T10:29:27","slug":"cleo-cipollina-gelbe-halskette","status":"publish","type":"product","link":"https:\/\/www.fabioferro.eu\/de\/cleo-cipollina-gelbe-halskette.html","title":{"rendered":"Cleo Cipollina Gelbe Halskette"},"content":{"rendered":"<p class=\"p1\">Cleo Halskette aus Gelbgold mit Anh\u00e4nger in klassischer Zwiebelform.<\/p>\n<p class=\"p1\">Wei\u00dfer Zirkon im Brillantschliff, der Glanz und Eleganz verleiht.<\/p>\n<p class=\"p1\">Gesamtl\u00e4nge 42 cm, ideal f\u00fcr einen essentiellen und raffinierten Look.<\/p>\n<p class=\"p1\">Ein unaufdringliches und doch beeindruckendes Schmuckst\u00fcck, perfekt f\u00fcr den t\u00e4glichen Gebrauch.<\/p>\n<p class=\"p1\">Komplett in Italien hergestellt, ein Synonym f\u00fcr Qualit\u00e4t und Liebe zum Detail.<\/p>\n<p class=\"p1\">Auf Anfrage auch in kundenspezifischen Gr\u00f6\u00dfen erh\u00e4ltlich, mit einer Vorlaufzeit von etwa 20 Tagen.<\/p>\n<p class=\"p1\">Sorgf\u00e4ltig verpackt und mit einem Echtheitszertifikat versehen.<\/p>\n","protected":false},"excerpt":{"rendered":"<p class=\"p1\">Eine Halskette, die mit nat\u00fcrlicher Eleganz f\u00fcr Gleichgewicht und Licht sorgt.<\/p>\n","protected":false},"featured_media":189677,"comment_status":"open","ping_status":"closed","template":"","meta":[],"product_brand":[7542],"product_cat":[15],"product_tag":[],"class_list":{"0":"post-192772","1":"product","2":"type-product","3":"status-publish","4":"has-post-thumbnail","6":"product_brand-cleo","7":"product_cat-senza-categoria","9":"first","10":"instock","11":"taxable","12":"shipping-taxable","13":"product-type-simple"},"exclude_global_add_ons":[],"addons":[],"df_price":"","df_sale_price":"","df_regular_price":"","df_image_link":"https:\/\/cdn02.fabioferro.eu\/wp-content\/uploads\/collana-cleo-cipollina-gialla-fg29.jpg","_links":{"self":[{"href":"https:\/\/www.fabioferro.eu\/de\/wp-json\/wp\/v2\/product\/192772","targetHints":{"allow":["GET"]}}],"collection":[{"href":"https:\/\/www.fabioferro.eu\/de\/wp-json\/wp\/v2\/product"}],"about":[{"href":"https:\/\/www.fabioferro.eu\/de\/wp-json\/wp\/v2\/types\/product"}],"replies":[{"embeddable":true,"href":"https:\/\/www.fabioferro.eu\/de\/wp-json\/wp\/v2\/comments?post=192772"}],"version-history":[{"count":0,"href":"https:\/\/www.fabioferro.eu\/de\/wp-json\/wp\/v2\/product\/192772\/revisions"}],"wp:featuredmedia":[{"embeddable":true,"href":"https:\/\/www.fabioferro.eu\/de\/wp-json\/wp\/v2\/media\/189677"}],"wp:attachment":[{"href":"https:\/\/www.fabioferro.eu\/de\/wp-json\/wp\/v2\/media?parent=192772"}],"wp:term":[{"taxonomy":"product_brand","embeddable":true,"href":"https:\/\/www.fabioferro.eu\/de\/wp-json\/wp\/v2\/product_brand?post=192772"},{"taxonomy":"product_cat","embeddable":true,"href":"https:\/\/www.fabioferro.eu\/de\/wp-json\/wp\/v2\/product_cat?post=192772"},{"taxonomy":"product_tag","embeddable":true,"href":"https:\/\/www.fabioferro.eu\/de\/wp-json\/wp\/v2\/product_tag?post=192772"}],"curies":[{"name":"wp","href":"https:\/\/api.w.org\/{rel}","templated":true}]}}