{"id":192775,"date":"2025-08-06T12:29:29","date_gmt":"2025-08-06T10:29:29","guid":{"rendered":"https:\/\/www.fabioferro.eu\/cleo-pave-gelbe-halskette.html"},"modified":"2025-08-06T12:29:29","modified_gmt":"2025-08-06T10:29:29","slug":"cleo-pave-gelbe-halskette","status":"publish","type":"product","link":"https:\/\/www.fabioferro.eu\/de\/cleo-pave-gelbe-halskette.html","title":{"rendered":"Cleo Pave Gelbe Halskette"},"content":{"rendered":"<p class=\"p1\">Halskette aus Gelbgold mit einem raffinierten und leuchtenden Design.<\/p>\n<p class=\"p1\">Das zentrale Element ist mit einem mit wei\u00dfen Zirkonen besetzten Pav\u00e9 verziert.<\/p>\n<p class=\"p1\">Gesamtgr\u00f6\u00dfe des Schmuckst\u00fccks 42 cm.<\/p>\n<p class=\"p1\">Hergestellt in Italien mit Handwerkskunst und hochwertigen Materialien.<\/p>\n<p class=\"p1\"><span data-sheets-root=\"1\">Alle anderen Ma\u00dfnahmen k\u00f6nnen mit einer Vorlaufzeit von etwa 20 Tagen realisiert werden.<\/span><\/p>\n<p class=\"p1\">Wird in einer eleganten Verpackung mit Echtheitszertifikat geliefert.<\/p>\n","protected":false},"excerpt":{"rendered":"<p class=\"p1\">Eine Kreation mit einem n\u00fcchternen und raffinierten Profil.<\/p>\n","protected":false},"featured_media":189674,"comment_status":"open","ping_status":"closed","template":"","meta":[],"product_brand":[7542],"product_cat":[15],"product_tag":[],"class_list":{"0":"post-192775","1":"product","2":"type-product","3":"status-publish","4":"has-post-thumbnail","6":"product_brand-cleo","7":"product_cat-senza-categoria","9":"first","10":"instock","11":"taxable","12":"shipping-taxable","13":"product-type-simple"},"exclude_global_add_ons":[],"addons":[],"df_price":"","df_sale_price":"","df_regular_price":"","df_image_link":"https:\/\/cdn02.fabioferro.eu\/wp-content\/uploads\/collana-cleo-pave-gialla-fg28.jpg","_links":{"self":[{"href":"https:\/\/www.fabioferro.eu\/de\/wp-json\/wp\/v2\/product\/192775","targetHints":{"allow":["GET"]}}],"collection":[{"href":"https:\/\/www.fabioferro.eu\/de\/wp-json\/wp\/v2\/product"}],"about":[{"href":"https:\/\/www.fabioferro.eu\/de\/wp-json\/wp\/v2\/types\/product"}],"replies":[{"embeddable":true,"href":"https:\/\/www.fabioferro.eu\/de\/wp-json\/wp\/v2\/comments?post=192775"}],"version-history":[{"count":0,"href":"https:\/\/www.fabioferro.eu\/de\/wp-json\/wp\/v2\/product\/192775\/revisions"}],"wp:featuredmedia":[{"embeddable":true,"href":"https:\/\/www.fabioferro.eu\/de\/wp-json\/wp\/v2\/media\/189674"}],"wp:attachment":[{"href":"https:\/\/www.fabioferro.eu\/de\/wp-json\/wp\/v2\/media?parent=192775"}],"wp:term":[{"taxonomy":"product_brand","embeddable":true,"href":"https:\/\/www.fabioferro.eu\/de\/wp-json\/wp\/v2\/product_brand?post=192775"},{"taxonomy":"product_cat","embeddable":true,"href":"https:\/\/www.fabioferro.eu\/de\/wp-json\/wp\/v2\/product_cat?post=192775"},{"taxonomy":"product_tag","embeddable":true,"href":"https:\/\/www.fabioferro.eu\/de\/wp-json\/wp\/v2\/product_tag?post=192775"}],"curies":[{"name":"wp","href":"https:\/\/api.w.org\/{rel}","templated":true}]}}