{"id":192776,"date":"2025-08-06T12:29:28","date_gmt":"2025-08-06T10:29:28","guid":{"rendered":"https:\/\/www.fabioferro.eu\/cleo-herz-perforierte-gelbe-halskette.html"},"modified":"2025-08-06T12:29:28","modified_gmt":"2025-08-06T10:29:28","slug":"cleo-herz-perforierte-gelbe-halskette","status":"publish","type":"product","link":"https:\/\/www.fabioferro.eu\/de\/cleo-herz-perforierte-gelbe-halskette.html","title":{"rendered":"Cleo Herz Perforierte Gelbe Halskette"},"content":{"rendered":"<p class=\"p1\">Gelbgoldene Cleo-Halskette mit herzf\u00f6rmigem Anh\u00e4nger.<\/p>\n<p class=\"p1\">Elegantes und symboltr\u00e4chtiges Design, perfekt f\u00fcr jeden Anlass.<\/p>\n<p>Die Gesamtgr\u00f6\u00dfe des Schmuckst\u00fccks betr\u00e4gt 42 cm.<\/p>\n<p class=\"p1\">Hergestellt in Italien mit hochwertigen Materialien, Made in Italy<\/p>\n<p class=\"p1\">Auf Anfrage in kundenspezifischen Gr\u00f6\u00dfen mit einer Vorlaufzeit von ca. 20 Tagen erh\u00e4ltlich.<\/p>\n<p class=\"p1\">Wird in einer edlen Schachtel geliefert, komplett mit Garantiezertifikat.<\/p>\n","protected":false},"excerpt":{"rendered":"<p class=\"p1\">Ein Schmuckst\u00fcck mit essentiellen Linien, die jedes Detail hervorheben.<\/p>\n","protected":false},"featured_media":189680,"comment_status":"open","ping_status":"closed","template":"","meta":[],"product_brand":[7542],"product_cat":[15],"product_tag":[],"class_list":{"0":"post-192776","1":"product","2":"type-product","3":"status-publish","4":"has-post-thumbnail","6":"product_brand-cleo","7":"product_cat-senza-categoria","9":"first","10":"instock","11":"taxable","12":"shipping-taxable","13":"product-type-simple"},"exclude_global_add_ons":[],"addons":[],"df_price":"","df_sale_price":"","df_regular_price":"","df_image_link":"https:\/\/cdn02.fabioferro.eu\/wp-content\/uploads\/collana-cleo-cuore-forato-gialla-fg30.jpg","_links":{"self":[{"href":"https:\/\/www.fabioferro.eu\/de\/wp-json\/wp\/v2\/product\/192776","targetHints":{"allow":["GET"]}}],"collection":[{"href":"https:\/\/www.fabioferro.eu\/de\/wp-json\/wp\/v2\/product"}],"about":[{"href":"https:\/\/www.fabioferro.eu\/de\/wp-json\/wp\/v2\/types\/product"}],"replies":[{"embeddable":true,"href":"https:\/\/www.fabioferro.eu\/de\/wp-json\/wp\/v2\/comments?post=192776"}],"version-history":[{"count":0,"href":"https:\/\/www.fabioferro.eu\/de\/wp-json\/wp\/v2\/product\/192776\/revisions"}],"wp:featuredmedia":[{"embeddable":true,"href":"https:\/\/www.fabioferro.eu\/de\/wp-json\/wp\/v2\/media\/189680"}],"wp:attachment":[{"href":"https:\/\/www.fabioferro.eu\/de\/wp-json\/wp\/v2\/media?parent=192776"}],"wp:term":[{"taxonomy":"product_brand","embeddable":true,"href":"https:\/\/www.fabioferro.eu\/de\/wp-json\/wp\/v2\/product_brand?post=192776"},{"taxonomy":"product_cat","embeddable":true,"href":"https:\/\/www.fabioferro.eu\/de\/wp-json\/wp\/v2\/product_cat?post=192776"},{"taxonomy":"product_tag","embeddable":true,"href":"https:\/\/www.fabioferro.eu\/de\/wp-json\/wp\/v2\/product_tag?post=192776"}],"curies":[{"name":"wp","href":"https:\/\/api.w.org\/{rel}","templated":true}]}}