{"id":192778,"date":"2025-08-06T12:29:30","date_gmt":"2025-08-06T10:29:30","guid":{"rendered":"https:\/\/www.fabioferro.eu\/cleo-herz-aus-licht-halskette-weiss.html"},"modified":"2025-08-06T12:29:30","modified_gmt":"2025-08-06T10:29:30","slug":"cleo-herz-aus-licht-halskette-weiss","status":"publish","type":"product","link":"https:\/\/www.fabioferro.eu\/de\/cleo-herz-aus-licht-halskette-weiss.html","title":{"rendered":"Cleo Herz aus Licht Halskette Wei\u00df"},"content":{"rendered":"<p class=\"p1\">Elegante und leuchtende Halskette aus Wei\u00dfgold.<\/p>\n<p class=\"p1\">Verziert mit einem wei\u00dfen Zirkonia-Herz im Brillantschliff, 8 mm gro\u00df.<\/p>\n<p class=\"p1\">L\u00e4nge der Halskette: 42 cm, perfekt f\u00fcr den Alltag oder einen besonderen Abend.<\/p>\n<p class=\"p1\">Ein Schmuckst\u00fcck mit einem essentiellen und romantischen Stil, ideal als Geschenk.<\/p>\n<p class=\"p1\">Hergestellt in Italien mit ausgew\u00e4hlten Materialien und hochwertiger Verarbeitung.<\/p>\n<p class=\"p1\">Auf Anfrage auch in kundenspezifischer Ausf\u00fchrung erh\u00e4ltlich (Vorlaufzeit ca. 20 Tage).<\/p>\n<p class=\"p1\">Wird in einer sch\u00f6nen Verpackung mit Garantiezertifikat geliefert.<\/p>\n","protected":false},"excerpt":{"rendered":"<p>Ein Schmuckst\u00fcck, das durch ein elegantes Herz von authentischen Gef\u00fchlen erz\u00e4hlt.<\/p>\n","protected":false},"featured_media":189671,"comment_status":"open","ping_status":"closed","template":"","meta":[],"product_brand":[7542],"product_cat":[15],"product_tag":[],"class_list":{"0":"post-192778","1":"product","2":"type-product","3":"status-publish","4":"has-post-thumbnail","6":"product_brand-cleo","7":"product_cat-senza-categoria","9":"first","10":"instock","11":"taxable","12":"shipping-taxable","13":"product-type-simple"},"exclude_global_add_ons":[],"addons":[],"df_price":"","df_sale_price":"","df_regular_price":"","df_image_link":"https:\/\/cdn02.fabioferro.eu\/wp-content\/uploads\/collana-cleo-cuore-di-luce-fg27.jpg","_links":{"self":[{"href":"https:\/\/www.fabioferro.eu\/de\/wp-json\/wp\/v2\/product\/192778","targetHints":{"allow":["GET"]}}],"collection":[{"href":"https:\/\/www.fabioferro.eu\/de\/wp-json\/wp\/v2\/product"}],"about":[{"href":"https:\/\/www.fabioferro.eu\/de\/wp-json\/wp\/v2\/types\/product"}],"replies":[{"embeddable":true,"href":"https:\/\/www.fabioferro.eu\/de\/wp-json\/wp\/v2\/comments?post=192778"}],"version-history":[{"count":0,"href":"https:\/\/www.fabioferro.eu\/de\/wp-json\/wp\/v2\/product\/192778\/revisions"}],"wp:featuredmedia":[{"embeddable":true,"href":"https:\/\/www.fabioferro.eu\/de\/wp-json\/wp\/v2\/media\/189671"}],"wp:attachment":[{"href":"https:\/\/www.fabioferro.eu\/de\/wp-json\/wp\/v2\/media?parent=192778"}],"wp:term":[{"taxonomy":"product_brand","embeddable":true,"href":"https:\/\/www.fabioferro.eu\/de\/wp-json\/wp\/v2\/product_brand?post=192778"},{"taxonomy":"product_cat","embeddable":true,"href":"https:\/\/www.fabioferro.eu\/de\/wp-json\/wp\/v2\/product_cat?post=192778"},{"taxonomy":"product_tag","embeddable":true,"href":"https:\/\/www.fabioferro.eu\/de\/wp-json\/wp\/v2\/product_tag?post=192778"}],"curies":[{"name":"wp","href":"https:\/\/api.w.org\/{rel}","templated":true}]}}