{"id":192796,"date":"2025-08-06T12:29:36","date_gmt":"2025-08-06T10:29:36","guid":{"rendered":"https:\/\/www.fabioferro.eu\/cleo-hellgelber-ring.html"},"modified":"2025-08-06T12:29:36","modified_gmt":"2025-08-06T10:29:36","slug":"cleo-hellgelber-ring","status":"publish","type":"product","link":"https:\/\/www.fabioferro.eu\/de\/cleo-hellgelber-ring.html","title":{"rendered":"Cleo Hellgelber Ring"},"content":{"rendered":"<p class=\"p1\">Cleo Ring, handgefertigt aus feinem Gelbgold.<\/p>\n<p class=\"p1\">Mit feinen wei\u00dfen Zirkonia, die f\u00fcr Licht und Eleganz sorgen.<\/p>\n<p class=\"p1\">Ein exklusives Schmuckst\u00fcck, das vollst\u00e4ndig in Italien entworfen und hergestellt wird.<\/p>\n<p class=\"p1\">Auf Anfrage in kundenspezifischen Gr\u00f6\u00dfen erh\u00e4ltlich, mit einer Realisierungszeit von etwa 20 Tagen.<\/p>\n<p class=\"p1\">Wird in der offiziellen Cleo-Box geliefert, komplett mit Garantiezertifikat.<\/p>\n","protected":false},"excerpt":{"rendered":"<p class=\"p1\">Die Feinheit eines essentiellen Designs f\u00fcr alle, die authentische Sch\u00f6nheit lieben.<\/p>\n","protected":false},"featured_media":189557,"comment_status":"open","ping_status":"closed","template":"","meta":[],"product_brand":[7542],"product_cat":[7734],"product_tag":[],"class_list":{"0":"post-192796","1":"product","2":"type-product","3":"status-publish","4":"has-post-thumbnail","6":"product_brand-cleo","7":"product_cat-cleo-ringe","9":"first","10":"instock","11":"sale","12":"taxable","13":"shipping-taxable","14":"purchasable","15":"product-type-variable","16":"has-default-attributes"},"exclude_global_add_ons":[],"addons":[],"df_price":621,"df_sale_price":"","df_regular_price":621,"df_image_link":"https:\/\/cdn02.fabioferro.eu\/wp-content\/uploads\/anello-cleo-luce-giallo-grande-fg1.jpg","_links":{"self":[{"href":"https:\/\/www.fabioferro.eu\/de\/wp-json\/wp\/v2\/product\/192796","targetHints":{"allow":["GET"]}}],"collection":[{"href":"https:\/\/www.fabioferro.eu\/de\/wp-json\/wp\/v2\/product"}],"about":[{"href":"https:\/\/www.fabioferro.eu\/de\/wp-json\/wp\/v2\/types\/product"}],"replies":[{"embeddable":true,"href":"https:\/\/www.fabioferro.eu\/de\/wp-json\/wp\/v2\/comments?post=192796"}],"version-history":[{"count":0,"href":"https:\/\/www.fabioferro.eu\/de\/wp-json\/wp\/v2\/product\/192796\/revisions"}],"wp:featuredmedia":[{"embeddable":true,"href":"https:\/\/www.fabioferro.eu\/de\/wp-json\/wp\/v2\/media\/189557"}],"wp:attachment":[{"href":"https:\/\/www.fabioferro.eu\/de\/wp-json\/wp\/v2\/media?parent=192796"}],"wp:term":[{"taxonomy":"product_brand","embeddable":true,"href":"https:\/\/www.fabioferro.eu\/de\/wp-json\/wp\/v2\/product_brand?post=192796"},{"taxonomy":"product_cat","embeddable":true,"href":"https:\/\/www.fabioferro.eu\/de\/wp-json\/wp\/v2\/product_cat?post=192796"},{"taxonomy":"product_tag","embeddable":true,"href":"https:\/\/www.fabioferro.eu\/de\/wp-json\/wp\/v2\/product_tag?post=192796"}],"curies":[{"name":"wp","href":"https:\/\/api.w.org\/{rel}","templated":true}]}}