{"id":192932,"date":"2025-08-02T11:26:30","date_gmt":"2025-08-02T09:26:30","guid":{"rendered":"https:\/\/www.fabioferro.eu\/charm-giovanni-raspini-baum-des-lebens-gross-2.html"},"modified":"2025-08-02T11:26:30","modified_gmt":"2025-08-02T09:26:30","slug":"charm-giovanni-raspini-baum-des-lebens-gross-2","status":"publish","type":"product","link":"https:\/\/www.fabioferro.eu\/de\/charm-giovanni-raspini-baum-des-lebens-gross-2.html","title":{"rendered":"Charm Giovanni Raspini Baum des Lebens Gro\u00df"},"content":{"rendered":"<p>Anh\u00e4nger aus 925\/1000 Silber.<\/p>\n<p>Obere Gliederh\u00f6he von 0,9 cm.<\/p>\n<p>Hergestellt in Italien.<\/p>\n<p>Mit offizieller Giovanni Raspini Schachtel und Garantie.<\/p>\n","protected":false},"excerpt":{"rendered":"<p>Ein Schl\u00fcsselanh\u00e4nger, der Sie auf Ihren Abenteuern begleiten und Ihnen nichts als Gl\u00fcck bringen wird.<\/p>\n","protected":false},"featured_media":191093,"comment_status":"open","ping_status":"closed","template":"","meta":[],"product_brand":[155],"product_cat":[7576,7578],"product_tag":[7442],"class_list":{"0":"post-192932","1":"product","2":"type-product","3":"status-publish","4":"has-post-thumbnail","6":"product_brand-raspini","7":"product_cat-giovanni-raspini-reize","8":"product_cat-raspini-charms-fur-veranstaltung-de","9":"product_tag-verfugbar","11":"first","12":"instock","13":"sale","14":"taxable","15":"shipping-taxable","16":"purchasable","17":"product-type-simple"},"exclude_global_add_ons":[],"addons":[],"df_price":103.5,"df_sale_price":103.5,"df_regular_price":115,"df_image_link":"https:\/\/cdn02.fabioferro.eu\/wp-content\/uploads\/charm-giovanni-raspini-albero-della-vita-grande-10599.jpg","_links":{"self":[{"href":"https:\/\/www.fabioferro.eu\/de\/wp-json\/wp\/v2\/product\/192932","targetHints":{"allow":["GET"]}}],"collection":[{"href":"https:\/\/www.fabioferro.eu\/de\/wp-json\/wp\/v2\/product"}],"about":[{"href":"https:\/\/www.fabioferro.eu\/de\/wp-json\/wp\/v2\/types\/product"}],"replies":[{"embeddable":true,"href":"https:\/\/www.fabioferro.eu\/de\/wp-json\/wp\/v2\/comments?post=192932"}],"version-history":[{"count":0,"href":"https:\/\/www.fabioferro.eu\/de\/wp-json\/wp\/v2\/product\/192932\/revisions"}],"wp:featuredmedia":[{"embeddable":true,"href":"https:\/\/www.fabioferro.eu\/de\/wp-json\/wp\/v2\/media\/191093"}],"wp:attachment":[{"href":"https:\/\/www.fabioferro.eu\/de\/wp-json\/wp\/v2\/media?parent=192932"}],"wp:term":[{"taxonomy":"product_brand","embeddable":true,"href":"https:\/\/www.fabioferro.eu\/de\/wp-json\/wp\/v2\/product_brand?post=192932"},{"taxonomy":"product_cat","embeddable":true,"href":"https:\/\/www.fabioferro.eu\/de\/wp-json\/wp\/v2\/product_cat?post=192932"},{"taxonomy":"product_tag","embeddable":true,"href":"https:\/\/www.fabioferro.eu\/de\/wp-json\/wp\/v2\/product_tag?post=192932"}],"curies":[{"name":"wp","href":"https:\/\/api.w.org\/{rel}","templated":true}]}}