{"id":193591,"date":"2025-08-08T09:24:14","date_gmt":"2025-08-08T07:24:14","guid":{"rendered":"https:\/\/www.fabioferro.eu\/?post_type=product&#038;p=193591.html"},"modified":"2025-10-25T15:58:11","modified_gmt":"2025-10-25T13:58:11","slug":"longines-conquest-heritage-38mm-2","status":"publish","type":"product","link":"https:\/\/www.fabioferro.eu\/de\/longines-conquest-heritage-38mm-2.html","title":{"rendered":"Longines Conquest Heritage 38mm"},"content":{"rendered":"<p>Uhr mit automatischem mechanischem Uhrwerk, mit der M\u00f6glichkeit des Handaufzugs. Frequenz von 25.200 Halbschwingungen pro Stunde, mit einer Gangreserve von 72 Stunden. Monokristalline, antimagnetische Siliziumwaage.<\/p>\n<p>Funktionen von Stunden, Minuten, Sekunden und Mondphase bei 6 Uhr. Kaliber L888.<\/p>\n<p>Geh\u00e4use aus Edelstahl 38 mm, Dicke 10,8 mm, Abstand zwischen den Anst\u00f6\u00dfen 19 mm. Gesamtgewicht von 125 g. Undurchsichtige verschraubte R\u00fcckseite.<\/p>\n<p>Kratzfestes Saphirglas mit Antireflexionsbeschichtung oben und unten.<\/p>\n<p>Schwarzes Zifferblatt mit applizierten Zeigern und Markierungen, die alle im Dunkeln leuchten.<\/p>\n<p>Edelstahlarmband mit doppelter Sicherheitsschlie\u00dfe und Mikroverstellsystem.<\/p>\n<p>Inklusive offizieller Longines-Box und 5 Jahren Garantie.<\/p>\n","protected":false},"excerpt":{"rendered":"<p>Ein gro\u00dfartiger Klassiker, der in moderner Form neu aufgelegt wurde und mit seinem einzigartigen Stil zu \u00fcberzeugen wei\u00df.<\/p>\n","protected":false},"featured_media":193291,"comment_status":"open","ping_status":"closed","template":"","meta":[],"product_brand":[5391],"product_cat":[5953],"product_tag":[],"class_list":{"0":"post-193591","1":"product","2":"type-product","3":"status-publish","4":"has-post-thumbnail","6":"product_brand-longines","7":"product_cat-longines-herrenuhren","8":"pa_collezione-longines-flaggschiff","10":"first","11":"instock","12":"taxable","13":"shipping-taxable","14":"purchasable","15":"product-type-simple"},"exclude_global_add_ons":[],"addons":[],"df_price":3400,"df_sale_price":"","df_regular_price":3400,"df_image_link":"https:\/\/cdn02.fabioferro.eu\/wp-content\/uploads\/orologio-longines-conquest-nero-automatico-l1.649.4.52.6-2.jpg","_links":{"self":[{"href":"https:\/\/www.fabioferro.eu\/de\/wp-json\/wp\/v2\/product\/193591","targetHints":{"allow":["GET"]}}],"collection":[{"href":"https:\/\/www.fabioferro.eu\/de\/wp-json\/wp\/v2\/product"}],"about":[{"href":"https:\/\/www.fabioferro.eu\/de\/wp-json\/wp\/v2\/types\/product"}],"replies":[{"embeddable":true,"href":"https:\/\/www.fabioferro.eu\/de\/wp-json\/wp\/v2\/comments?post=193591"}],"version-history":[{"count":1,"href":"https:\/\/www.fabioferro.eu\/de\/wp-json\/wp\/v2\/product\/193591\/revisions"}],"predecessor-version":[{"id":193903,"href":"https:\/\/www.fabioferro.eu\/de\/wp-json\/wp\/v2\/product\/193591\/revisions\/193903"}],"wp:featuredmedia":[{"embeddable":true,"href":"https:\/\/www.fabioferro.eu\/de\/wp-json\/wp\/v2\/media\/193291"}],"wp:attachment":[{"href":"https:\/\/www.fabioferro.eu\/de\/wp-json\/wp\/v2\/media?parent=193591"}],"wp:term":[{"taxonomy":"product_brand","embeddable":true,"href":"https:\/\/www.fabioferro.eu\/de\/wp-json\/wp\/v2\/product_brand?post=193591"},{"taxonomy":"product_cat","embeddable":true,"href":"https:\/\/www.fabioferro.eu\/de\/wp-json\/wp\/v2\/product_cat?post=193591"},{"taxonomy":"product_tag","embeddable":true,"href":"https:\/\/www.fabioferro.eu\/de\/wp-json\/wp\/v2\/product_tag?post=193591"}],"curies":[{"name":"wp","href":"https:\/\/api.w.org\/{rel}","templated":true}]}}